{"id":19317,"date":"2023-11-10T15:17:15","date_gmt":"2023-11-10T14:17:15","guid":{"rendered":"https:\/\/baralivres.ma\/?post_type=product&#038;p=19317"},"modified":"2024-11-27T15:18:44","modified_gmt":"2024-11-27T14:18:44","slug":"loeil-du-loup","status":"publish","type":"product","link":"https:\/\/baralivres.ma\/?product=loeil-du-loup","title":{"rendered":"L&rsquo;oeil du loup"},"content":{"rendered":"<p>Au c\u0153ur d&rsquo;un zoo, l&rsquo;interaction entre une enfant et un vieux loup borgne transcende les barri\u00e8res, r\u00e9v\u00e9lant des destins extraordinaires. L&rsquo;\u0153il du loup, reflet d&rsquo;une vie sauvage en Alaska, \u00e9voque une esp\u00e8ce menac\u00e9e par les actions humaines. Parall\u00e8lement, l&rsquo;\u0153il de l&rsquo;enfant narre l&rsquo;histoire d&rsquo;un petit Africain, qui a travers\u00e9 tout le continent pour survivre. Dot\u00e9 d&rsquo;un don exceptionnel, il tisse des r\u00e9cits enchanteurs qui font rire et r\u00eaver. Une connexion magique entre deux \u00eatres, \u00e9voquant la complexit\u00e9 de la nature et la richesse des exp\u00e9riences humaines et animales.Lien magique entre une enfant et un vieux loup, r\u00e9v\u00e9lant des vies sauvages et des r\u00e9cits captivants.Lien magique entre une enfant et un vieux loup, r\u00e9v\u00e9lant des vies sauvages et des r\u00e9cits captivants.<\/p>\n","protected":false},"excerpt":{"rendered":"<p>Lien magique entre une enfant et un vieux loup, r\u00e9v\u00e9lant des vies sauvages et des r\u00e9cits captivants.<\/p>\n","protected":false},"featured_media":19321,"comment_status":"open","ping_status":"closed","template":"","meta":{"inline_featured_image":false},"product_cat":[203,204],"product_tag":[],"class_list":{"0":"post-19317","1":"product","2":"type-product","3":"status-publish","4":"has-post-thumbnail","6":"product_cat-adolescente","7":"product_cat-francais","8":"pa_auteurs-daniel-pennac","10":"first","11":"instock","12":"shipping-taxable","13":"purchasable","14":"product-type-simple"},"_links":{"self":[{"href":"https:\/\/baralivres.ma\/index.php?rest_route=\/wp\/v2\/product\/19317","targetHints":{"allow":["GET"]}}],"collection":[{"href":"https:\/\/baralivres.ma\/index.php?rest_route=\/wp\/v2\/product"}],"about":[{"href":"https:\/\/baralivres.ma\/index.php?rest_route=\/wp\/v2\/types\/product"}],"replies":[{"embeddable":true,"href":"https:\/\/baralivres.ma\/index.php?rest_route=%2Fwp%2Fv2%2Fcomments&post=19317"}],"version-history":[{"count":1,"href":"https:\/\/baralivres.ma\/index.php?rest_route=\/wp\/v2\/product\/19317\/revisions"}],"predecessor-version":[{"id":19322,"href":"https:\/\/baralivres.ma\/index.php?rest_route=\/wp\/v2\/product\/19317\/revisions\/19322"}],"wp:featuredmedia":[{"embeddable":true,"href":"https:\/\/baralivres.ma\/index.php?rest_route=\/wp\/v2\/media\/19321"}],"wp:attachment":[{"href":"https:\/\/baralivres.ma\/index.php?rest_route=%2Fwp%2Fv2%2Fmedia&parent=19317"}],"wp:term":[{"taxonomy":"product_cat","embeddable":true,"href":"https:\/\/baralivres.ma\/index.php?rest_route=%2Fwp%2Fv2%2Fproduct_cat&post=19317"},{"taxonomy":"product_tag","embeddable":true,"href":"https:\/\/baralivres.ma\/index.php?rest_route=%2Fwp%2Fv2%2Fproduct_tag&post=19317"}],"curies":[{"name":"wp","href":"https:\/\/api.w.org\/{rel}","templated":true}]}}