{"id":19316,"date":"2023-11-10T15:14:49","date_gmt":"2023-11-10T14:14:49","guid":{"rendered":"https:\/\/baralivres.ma\/?post_type=product&#038;p=19316"},"modified":"2025-02-20T11:29:19","modified_gmt":"2025-02-20T10:29:19","slug":"dieu-la-science-les-preuves-2","status":"publish","type":"product","link":"https:\/\/baralivres.ma\/?product=dieu-la-science-les-preuves-2","title":{"rendered":"Dieu &#8211; La science Les preuves"},"content":{"rendered":"<p>Apr\u00e8s des si\u00e8cles o\u00f9 la science semblait \u00e9vincer la n\u00e9cessit\u00e9 d&rsquo;un dieu cr\u00e9ateur, de r\u00e9centes d\u00e9couvertes scientifiques r\u00e9v\u00e8lent des preuves modernes de l&rsquo;existence de Dieu. Les avanc\u00e9es en relativit\u00e9, m\u00e9canique quantique, expansion de l&rsquo;Univers, Big Bang, r\u00e9glage fin de l&rsquo;Univers et complexit\u00e9 du vivant d\u00e9fient les certitudes mat\u00e9rialistes du XXe si\u00e8cle. Dans cet ouvrage, accessible \u00e0 tous, les auteurs explorent ces avanc\u00e9es et proposent une perspective rigoureuse sur les nouvelles preuves soutenant l&rsquo;id\u00e9e d&rsquo;un cr\u00e9ateur divin. Ainsi, le mat\u00e9rialisme, autrefois dominant, est d\u00e9sormais remis en question, laissant place \u00e0 une coexistence possible entre science et croyance.<\/p>\n","protected":false},"excerpt":{"rendered":"<p>D\u00e9couvertes scientifiques r\u00e9centes \u00e9clairent l&rsquo;existence de Dieu, d\u00e9passant le mat\u00e9rialisme dominant du XXe si\u00e8cle.<\/p>\n","protected":false},"featured_media":19318,"comment_status":"open","ping_status":"closed","template":"","meta":{"inline_featured_image":false},"product_cat":[3725,3862,4214],"product_tag":[],"class_list":{"0":"post-19316","1":"product","2":"type-product","3":"status-publish","4":"has-post-thumbnail","6":"product_cat-litterature-religieuse","7":"product_cat-spiritualite","8":"product_cat-voyage-spirituel-pendant-le-ramadan","9":"pa_auteurs-michel-yves-bollore","11":"first","12":"instock","13":"shipping-taxable","14":"purchasable","15":"product-type-simple"},"_links":{"self":[{"href":"https:\/\/baralivres.ma\/index.php?rest_route=\/wp\/v2\/product\/19316","targetHints":{"allow":["GET"]}}],"collection":[{"href":"https:\/\/baralivres.ma\/index.php?rest_route=\/wp\/v2\/product"}],"about":[{"href":"https:\/\/baralivres.ma\/index.php?rest_route=\/wp\/v2\/types\/product"}],"replies":[{"embeddable":true,"href":"https:\/\/baralivres.ma\/index.php?rest_route=%2Fwp%2Fv2%2Fcomments&post=19316"}],"version-history":[{"count":1,"href":"https:\/\/baralivres.ma\/index.php?rest_route=\/wp\/v2\/product\/19316\/revisions"}],"predecessor-version":[{"id":19319,"href":"https:\/\/baralivres.ma\/index.php?rest_route=\/wp\/v2\/product\/19316\/revisions\/19319"}],"wp:featuredmedia":[{"embeddable":true,"href":"https:\/\/baralivres.ma\/index.php?rest_route=\/wp\/v2\/media\/19318"}],"wp:attachment":[{"href":"https:\/\/baralivres.ma\/index.php?rest_route=%2Fwp%2Fv2%2Fmedia&parent=19316"}],"wp:term":[{"taxonomy":"product_cat","embeddable":true,"href":"https:\/\/baralivres.ma\/index.php?rest_route=%2Fwp%2Fv2%2Fproduct_cat&post=19316"},{"taxonomy":"product_tag","embeddable":true,"href":"https:\/\/baralivres.ma\/index.php?rest_route=%2Fwp%2Fv2%2Fproduct_tag&post=19316"}],"curies":[{"name":"wp","href":"https:\/\/api.w.org\/{rel}","templated":true}]}}