{"id":19305,"date":"2023-11-10T15:00:30","date_gmt":"2023-11-10T14:00:30","guid":{"rendered":"https:\/\/baralivres.ma\/?post_type=product&#038;p=19305"},"modified":"2024-11-27T15:20:21","modified_gmt":"2024-11-27T14:20:21","slug":"nos-etoiles-contraires","status":"publish","type":"product","link":"https:\/\/baralivres.ma\/?product=nos-etoiles-contraires","title":{"rendered":"Nos \u00e9toiles contraires"},"content":{"rendered":"<div class=\"flex-1 overflow-hidden\">\n<div class=\"react-scroll-to-bottom--css-qvqad-79elbk h-full\">\n<div class=\"react-scroll-to-bottom--css-qvqad-1n7m0yu\">\n<div class=\"flex flex-col text-sm gizmo:pb-9 dark:bg-gray-800 gizmo:dark:bg-transparent\">\n<div class=\"group w-full text-token-text-primary border-b border-black\/10 gizmo:border-0 dark:border-gray-900\/50 gizmo:dark:border-0 bg-gray-50 gizmo:bg-transparent dark:bg-[#444654] gizmo:dark:bg-transparent\" data-testid=\"conversation-turn-147\">\n<div class=\"p-4 gizmo:py-2 justify-center text-base md:gap-6 md:py-6 m-auto\">\n<div class=\"flex flex-1 gap-4 text-base mx-auto md:gap-6 gizmo:gap-3 gizmo:md:px-5 gizmo:lg:px-1 gizmo:xl:px-5 md:max-w-2xl lg:max-w-[38rem] gizmo:md:max-w-3xl gizmo:lg:max-w-[40rem] gizmo:xl:max-w-[48rem] xl:max-w-3xl }\">\n<div class=\"relative flex w-[calc(100%-50px)] flex-col gizmo:w-full lg:w-[calc(100%-115px)] agent-turn\">\n<div class=\"flex-col gap-1 md:gap-3\">\n<div class=\"flex flex-grow flex-col max-w-full gap-3 gizmo:gap-0\">\n<div class=\"min-h-[20px] text-message peer flex flex-col items-start gap-3 whitespace-pre-wrap break-words peer-[.text-message]:mt-5 overflow-x-auto\" data-message-author-role=\"assistant\" data-message-id=\"c0894033-6002-406a-b0ea-c3f73ec9e8d0\">\n<div class=\"markdown prose w-full break-words dark:prose-invert light\">\n<p>Passage en poche du roman culte de John Green !<\/p>\n<p>\u00ab\u00a0En le lisant \u00e0 la plage, absorb\u00e9e, j&rsquo;ai r\u00e9sum\u00e9 l&rsquo;histoire \u00e0 ma m\u00e8re : une fille atteinte de cancer rencontre un gar\u00e7on qui a surv\u00e9cu. G\u00e9nial ! Elle m&rsquo;a regard\u00e9e inqui\u00e8te : &lsquo;\u00c7a va ?'\u00a0\u00bb Une lectrice sur Booknode.com<\/p>\n<p>\u00ab\u00a0Un r\u00e9cit sur la vie, la mort et ceux coinc\u00e9s entre les deux. &lsquo;Nos \u00e9toiles contraires&rsquo;, John Green au sommet de son art. On rit, on pleure, on en redemande.\u00a0\u00bb Marcus Zusak, auteur de \u00ab\u00a0La voleuse de livres\u00a0\u00bb<\/p>\n<p>\u00ab\u00a0Ce livre, bien qu&rsquo;\u00e9mouvant, nous fait aimer la vie plus que jamais.\u00a0\u00bb M\u00e9lanie Blossier, chroniqueuse et libraire \u00e0 la librairie Doucet, au Mans<\/p>\n<p>\u00ab\u00a0Fr\u00f4lant le g\u00e9nie, ce livre est d\u00e9vastateur, abordant sans peur des \u00e9motions simples, directes et puissantes.\u00a0\u00bb Time Magazine.<\/p>\n<\/div>\n<\/div>\n<\/div>\n<div class=\"flex justify-between empty:hidden gizmo:justify-start gizmo:gap-3 lg:block gizmo:lg:flex\">\n<div class=\"text-gray-400 flex self-end lg:self-center justify-center gizmo:lg:justify-start mt-2 gizmo:mt-0 visible lg:gap-1 lg:absolute lg:top-0 lg:translate-x-full lg:right-0 lg:mt-0 lg:pl-2 gap-2 md:gap-3\"><\/div>\n<\/div>\n<\/div>\n<\/div>\n<\/div>\n<\/div>\n<\/div>\n<\/div>\n<\/div>\n<\/div>\n<\/div>\n<div class=\"w-full pt-2 md:pt-0 border-t md:border-t-0 gizmo:border-t-0 dark:border-white\/20 md:border-transparent md:dark:border-transparent md:pl-2 gizmo:pl-0 gizmo:md:pl-0 md:w-[calc(100%-.5rem)] absolute bottom-0 left-0 md:bg-vert-light-gradient bg-white dark:bg-gray-800 md:!bg-transparent dark:md:bg-vert-dark-gradient\">\n<div class=\"relative flex h-full flex-1 items-stretch md:flex-col\">\n<div>\n<div class=\"h-full flex ml-1 md:w-full md:m-auto md:mb-4 gap-0 md:gap-2 justify-center\"><\/div>\n<\/div>\n<\/div>\n<\/div>\n","protected":false},"excerpt":{"rendered":"<p>Rencontre de jeunes confront\u00e9s \u00e0 la vie, la mort, et l&rsquo;amour dans le roman culte de John Green.<\/p>\n","protected":false},"featured_media":19306,"comment_status":"open","ping_status":"closed","template":"","meta":{"inline_featured_image":false},"product_cat":[203,204],"product_tag":[],"class_list":{"0":"post-19305","1":"product","2":"type-product","3":"status-publish","4":"has-post-thumbnail","6":"product_cat-adolescente","7":"product_cat-francais","8":"pa_auteurs-catherine-gibert","10":"first","11":"instock","12":"shipping-taxable","13":"purchasable","14":"product-type-simple"},"_links":{"self":[{"href":"https:\/\/baralivres.ma\/index.php?rest_route=\/wp\/v2\/product\/19305","targetHints":{"allow":["GET"]}}],"collection":[{"href":"https:\/\/baralivres.ma\/index.php?rest_route=\/wp\/v2\/product"}],"about":[{"href":"https:\/\/baralivres.ma\/index.php?rest_route=\/wp\/v2\/types\/product"}],"replies":[{"embeddable":true,"href":"https:\/\/baralivres.ma\/index.php?rest_route=%2Fwp%2Fv2%2Fcomments&post=19305"}],"version-history":[{"count":1,"href":"https:\/\/baralivres.ma\/index.php?rest_route=\/wp\/v2\/product\/19305\/revisions"}],"predecessor-version":[{"id":19307,"href":"https:\/\/baralivres.ma\/index.php?rest_route=\/wp\/v2\/product\/19305\/revisions\/19307"}],"wp:featuredmedia":[{"embeddable":true,"href":"https:\/\/baralivres.ma\/index.php?rest_route=\/wp\/v2\/media\/19306"}],"wp:attachment":[{"href":"https:\/\/baralivres.ma\/index.php?rest_route=%2Fwp%2Fv2%2Fmedia&parent=19305"}],"wp:term":[{"taxonomy":"product_cat","embeddable":true,"href":"https:\/\/baralivres.ma\/index.php?rest_route=%2Fwp%2Fv2%2Fproduct_cat&post=19305"},{"taxonomy":"product_tag","embeddable":true,"href":"https:\/\/baralivres.ma\/index.php?rest_route=%2Fwp%2Fv2%2Fproduct_tag&post=19305"}],"curies":[{"name":"wp","href":"https:\/\/api.w.org\/{rel}","templated":true}]}}