{"id":19302,"date":"2023-11-10T15:04:49","date_gmt":"2023-11-10T14:04:49","guid":{"rendered":"https:\/\/baralivres.ma\/?post_type=product&#038;p=19302"},"modified":"2023-11-10T15:04:51","modified_gmt":"2023-11-10T14:04:51","slug":"suis-je-hypersensible-le-cahier-pratique-40-situations-40-solutions","status":"publish","type":"product","link":"https:\/\/baralivres.ma\/?product=suis-je-hypersensible-le-cahier-pratique-40-situations-40-solutions","title":{"rendered":"Suis-je hypersensible ? : le cahier pratique &#8211; 40 situations, 40 solutions"},"content":{"rendered":"<p>D\u00e9couvrez si vous \u00eates hypersensible avec Fabrice Midal, expert fran\u00e7ais en hypersensibilit\u00e9. Il explore les situations quotidiennes, propose des exercices et des conseils pratiques pour r\u00e9v\u00e9ler et canaliser ce don.<\/p>\n","protected":false},"excerpt":{"rendered":"<p>R\u00e9v\u00e9lez vos dons d&rsquo;hypersensibilit\u00e9 avec des exercices et conseils pratiques. Expert Fabrice Midal explore les situations quotidiennes.<\/p>\n","protected":false},"featured_media":19308,"comment_status":"open","ping_status":"closed","template":"","meta":{"inline_featured_image":false},"product_cat":[204,91],"product_tag":[],"class_list":{"0":"post-19302","1":"product","2":"type-product","3":"status-publish","4":"has-post-thumbnail","6":"product_cat-francais","7":"product_cat-developpement","8":"pa_auteurs-fabrice-midal","10":"first","11":"instock","12":"shipping-taxable","13":"purchasable","14":"product-type-simple"},"_links":{"self":[{"href":"https:\/\/baralivres.ma\/index.php?rest_route=\/wp\/v2\/product\/19302","targetHints":{"allow":["GET"]}}],"collection":[{"href":"https:\/\/baralivres.ma\/index.php?rest_route=\/wp\/v2\/product"}],"about":[{"href":"https:\/\/baralivres.ma\/index.php?rest_route=\/wp\/v2\/types\/product"}],"replies":[{"embeddable":true,"href":"https:\/\/baralivres.ma\/index.php?rest_route=%2Fwp%2Fv2%2Fcomments&post=19302"}],"version-history":[{"count":1,"href":"https:\/\/baralivres.ma\/index.php?rest_route=\/wp\/v2\/product\/19302\/revisions"}],"predecessor-version":[{"id":19309,"href":"https:\/\/baralivres.ma\/index.php?rest_route=\/wp\/v2\/product\/19302\/revisions\/19309"}],"wp:featuredmedia":[{"embeddable":true,"href":"https:\/\/baralivres.ma\/index.php?rest_route=\/wp\/v2\/media\/19308"}],"wp:attachment":[{"href":"https:\/\/baralivres.ma\/index.php?rest_route=%2Fwp%2Fv2%2Fmedia&parent=19302"}],"wp:term":[{"taxonomy":"product_cat","embeddable":true,"href":"https:\/\/baralivres.ma\/index.php?rest_route=%2Fwp%2Fv2%2Fproduct_cat&post=19302"},{"taxonomy":"product_tag","embeddable":true,"href":"https:\/\/baralivres.ma\/index.php?rest_route=%2Fwp%2Fv2%2Fproduct_tag&post=19302"}],"curies":[{"name":"wp","href":"https:\/\/api.w.org\/{rel}","templated":true}]}}