{"id":19301,"date":"2023-11-10T14:55:19","date_gmt":"2023-11-10T13:55:19","guid":{"rendered":"https:\/\/baralivres.ma\/?post_type=product&#038;p=19301"},"modified":"2024-11-27T15:20:43","modified_gmt":"2024-11-27T14:20:43","slug":"les-100-tome-04-rebellion","status":"publish","type":"product","link":"https:\/\/baralivres.ma\/?product=les-100-tome-04-rebellion","title":{"rendered":"Les 100 &#8211; tome 04 R\u00e9bellion"},"content":{"rendered":"<p>Le dernier tome de la s\u00e9rie best-seller international.<\/p>\n<p>Gu\u00e9rir : La guerre entre les 100 et les N\u00e9s-Terre \u00e0 peine termin\u00e9e, une nouvelle menace \u00e9merge.<\/p>\n<p>Subir : Un groupe inconnu attaque le camp des 100, pillant provisions et kidnappant les meilleurs \u00e9l\u00e9ments.<\/p>\n<p>R\u00e9sister : Clarke, Bellamy et Luke doivent sauver leurs proches des fanatiques.<\/p>\n<p>Se lib\u00e9rer : Deux conceptions radicales de la survie s&rsquo;affrontent&#8230;Fin de la guerre fratricide. Nouvelle menace des Terriens illumin\u00e9s. Clarke, Bellamy, Luke r\u00e9sistent, lib\u00e8rent, survivent.<\/p>\n","protected":false},"excerpt":{"rendered":"<p>Fin de la guerre fratricide. Nouvelle menace des Terriens illumin\u00e9s. Clarke, Bellamy, Luke r\u00e9sistent, lib\u00e8rent, survivent.<\/p>\n","protected":false},"featured_media":19303,"comment_status":"open","ping_status":"closed","template":"","meta":{"inline_featured_image":false},"product_cat":[203,204],"product_tag":[],"class_list":{"0":"post-19301","1":"product","2":"type-product","3":"status-publish","4":"has-post-thumbnail","6":"product_cat-adolescente","7":"product_cat-francais","8":"pa_auteurs-kass-morgan","10":"first","11":"instock","12":"shipping-taxable","13":"purchasable","14":"product-type-simple"},"_links":{"self":[{"href":"https:\/\/baralivres.ma\/index.php?rest_route=\/wp\/v2\/product\/19301","targetHints":{"allow":["GET"]}}],"collection":[{"href":"https:\/\/baralivres.ma\/index.php?rest_route=\/wp\/v2\/product"}],"about":[{"href":"https:\/\/baralivres.ma\/index.php?rest_route=\/wp\/v2\/types\/product"}],"replies":[{"embeddable":true,"href":"https:\/\/baralivres.ma\/index.php?rest_route=%2Fwp%2Fv2%2Fcomments&post=19301"}],"version-history":[{"count":1,"href":"https:\/\/baralivres.ma\/index.php?rest_route=\/wp\/v2\/product\/19301\/revisions"}],"predecessor-version":[{"id":19304,"href":"https:\/\/baralivres.ma\/index.php?rest_route=\/wp\/v2\/product\/19301\/revisions\/19304"}],"wp:featuredmedia":[{"embeddable":true,"href":"https:\/\/baralivres.ma\/index.php?rest_route=\/wp\/v2\/media\/19303"}],"wp:attachment":[{"href":"https:\/\/baralivres.ma\/index.php?rest_route=%2Fwp%2Fv2%2Fmedia&parent=19301"}],"wp:term":[{"taxonomy":"product_cat","embeddable":true,"href":"https:\/\/baralivres.ma\/index.php?rest_route=%2Fwp%2Fv2%2Fproduct_cat&post=19301"},{"taxonomy":"product_tag","embeddable":true,"href":"https:\/\/baralivres.ma\/index.php?rest_route=%2Fwp%2Fv2%2Fproduct_tag&post=19301"}],"curies":[{"name":"wp","href":"https:\/\/api.w.org\/{rel}","templated":true}]}}