{"id":19296,"date":"2023-11-10T14:50:06","date_gmt":"2023-11-10T13:50:06","guid":{"rendered":"https:\/\/baralivres.ma\/?post_type=product&#038;p=19296"},"modified":"2023-11-10T14:50:07","modified_gmt":"2023-11-10T13:50:07","slug":"larchipel-des-oublies","status":"publish","type":"product","link":"https:\/\/baralivres.ma\/?product=larchipel-des-oublies","title":{"rendered":"L&rsquo;Archipel des oubli\u00e9s"},"content":{"rendered":"<p>Dans le dernier volet de la trilogie Grace Campbell, les inspectrices Grace et Sarah s&rsquo;unissent pour neutraliser l'\u00a0\u00bbhomme sans visage\u00a0\u00bb. Leur enqu\u00eate les conduit dans un manoir isol\u00e9 en \u00c9cosse, o\u00f9 une jeune veuve cache des secrets d\u00e9passant leurs pires hypoth\u00e8ses. De l&rsquo;\u00c9cosse \u00e0 la Norv\u00e8ge, la course les m\u00e8ne vers l&rsquo;archipel des Oubli\u00e9s, dernier rempart contre le chaos mondial. Un thriller gla\u00e7ant qui explore les choix de civilisation cruciaux.<\/p>\n","protected":false},"excerpt":{"rendered":"<div class=\"\">\n<div class=\"group w-full text-token-text-primary bg-gray-50 gizmo:bg-transparent dark:bg-[#444654] gizmo:dark:bg-transparent\" data-testid=\"conversation-turn-133\">\n<div class=\"p-4 gizmo:py-2 justify-center text-base md:gap-6 md:py-6 ml-5\">\n<div class=\"flex flex-1 gap-4 text-base mx-auto md:gap-6 gizmo:gap-3 gizmo:md:px-5 gizmo:lg:px-1 gizmo:xl:px-5 md:max-w-2xl lg:max-w-[38rem] gizmo:md:max-w-3xl gizmo:lg:max-w-[40rem] gizmo:xl:max-w-[48rem] xl:max-w-3xl }\">\n<div class=\"relative flex w-[calc(100%-50px)] flex-col gizmo:w-full lg:w-[calc(100%-115px)] agent-turn\">\n<div class=\"flex-col gap-1 md:gap-3\">\n<div class=\"flex flex-grow flex-col max-w-full gap-3 gizmo:gap-0\">\n<div class=\"min-h-[20px] text-message peer flex flex-col items-start gap-3 whitespace-pre-wrap break-words peer-[.text-message]:mt-5 overflow-x-auto\" data-message-author-role=\"assistant\" data-message-id=\"a47ff560-c65f-497b-858c-a8a66f28e1b4\">\n<div class=\"markdown prose w-full break-words dark:prose-invert light\">\n<p>Inspectrices unissent forces contre l'\u00a0\u00bbhomme sans visage\u00a0\u00bb. Manoir \u00e9nigmatique, secrets, course, thriller, choix de civilisation.<\/p>\n<\/div>\n<\/div>\n<\/div>\n<\/div>\n<\/div>\n<\/div>\n<\/div>\n<\/div>\n<\/div>\n<div class=\"mb-2 mt-auto ml-auto mr-auto\"><\/div>\n","protected":false},"featured_media":19297,"comment_status":"open","ping_status":"closed","template":"","meta":{"inline_featured_image":false},"product_cat":[204,91],"product_tag":[],"class_list":{"0":"post-19296","1":"product","2":"type-product","3":"status-publish","4":"has-post-thumbnail","6":"product_cat-francais","7":"product_cat-developpement","8":"pa_auteurs-nicolas-beuglet","10":"first","11":"instock","12":"shipping-taxable","13":"purchasable","14":"product-type-simple"},"_links":{"self":[{"href":"https:\/\/baralivres.ma\/index.php?rest_route=\/wp\/v2\/product\/19296","targetHints":{"allow":["GET"]}}],"collection":[{"href":"https:\/\/baralivres.ma\/index.php?rest_route=\/wp\/v2\/product"}],"about":[{"href":"https:\/\/baralivres.ma\/index.php?rest_route=\/wp\/v2\/types\/product"}],"replies":[{"embeddable":true,"href":"https:\/\/baralivres.ma\/index.php?rest_route=%2Fwp%2Fv2%2Fcomments&post=19296"}],"version-history":[{"count":1,"href":"https:\/\/baralivres.ma\/index.php?rest_route=\/wp\/v2\/product\/19296\/revisions"}],"predecessor-version":[{"id":19298,"href":"https:\/\/baralivres.ma\/index.php?rest_route=\/wp\/v2\/product\/19296\/revisions\/19298"}],"wp:featuredmedia":[{"embeddable":true,"href":"https:\/\/baralivres.ma\/index.php?rest_route=\/wp\/v2\/media\/19297"}],"wp:attachment":[{"href":"https:\/\/baralivres.ma\/index.php?rest_route=%2Fwp%2Fv2%2Fmedia&parent=19296"}],"wp:term":[{"taxonomy":"product_cat","embeddable":true,"href":"https:\/\/baralivres.ma\/index.php?rest_route=%2Fwp%2Fv2%2Fproduct_cat&post=19296"},{"taxonomy":"product_tag","embeddable":true,"href":"https:\/\/baralivres.ma\/index.php?rest_route=%2Fwp%2Fv2%2Fproduct_tag&post=19296"}],"curies":[{"name":"wp","href":"https:\/\/api.w.org\/{rel}","templated":true}]}}