{"id":19295,"date":"2023-11-10T14:50:46","date_gmt":"2023-11-10T13:50:46","guid":{"rendered":"https:\/\/baralivres.ma\/?post_type=product&#038;p=19295"},"modified":"2024-11-27T15:21:04","modified_gmt":"2024-11-27T14:21:04","slug":"les-100-tome-03-retour","status":"publish","type":"product","link":"https:\/\/baralivres.ma\/?product=les-100-tome-03-retour","title":{"rendered":"Les 100 &#8211; tome 03 Retour"},"content":{"rendered":"<p>L&rsquo;ultime compte \u00e0 rebours a commenc\u00e9.<\/p>\n<p>Survivre : Le manque d&rsquo;oxyg\u00e8ne d\u00e9clenche une panique mortelle \u00e0 bord de la Colonie. Seuls quelques chanceux rejoignent la Terre.<\/p>\n<p>Aimer : L&rsquo;apocalypse plonge les 100 dans l&rsquo;angoisse : quels proches ont surv\u00e9cu ? Les retrouveront-ils \u00e0 temps ?<\/p>\n<p>Manipuler : Le vice-chancelier, pour maintenir le pouvoir, r\u00e9prime toute r\u00e9sistance sans scrupules.<\/p>\n<p>Combattre : Pour pr\u00e9server leur libert\u00e9, Clarke, Bellamy, Wells et Glass doivent affronter leur destin in\u00e9luctable.<\/p>\n","protected":false},"excerpt":{"rendered":"<p>L&rsquo;ultime compte \u00e0 rebours : survie, amour, manipulation, combat. Les 100 affrontent l&rsquo;inconnu pour leur destin.<\/p>\n","protected":false},"featured_media":19299,"comment_status":"open","ping_status":"closed","template":"","meta":{"inline_featured_image":false},"product_cat":[203,204],"product_tag":[],"class_list":{"0":"post-19295","1":"product","2":"type-product","3":"status-publish","4":"has-post-thumbnail","6":"product_cat-adolescente","7":"product_cat-francais","8":"pa_auteurs-kass-morgan","10":"first","11":"instock","12":"shipping-taxable","13":"purchasable","14":"product-type-simple"},"_links":{"self":[{"href":"https:\/\/baralivres.ma\/index.php?rest_route=\/wp\/v2\/product\/19295","targetHints":{"allow":["GET"]}}],"collection":[{"href":"https:\/\/baralivres.ma\/index.php?rest_route=\/wp\/v2\/product"}],"about":[{"href":"https:\/\/baralivres.ma\/index.php?rest_route=\/wp\/v2\/types\/product"}],"replies":[{"embeddable":true,"href":"https:\/\/baralivres.ma\/index.php?rest_route=%2Fwp%2Fv2%2Fcomments&post=19295"}],"version-history":[{"count":1,"href":"https:\/\/baralivres.ma\/index.php?rest_route=\/wp\/v2\/product\/19295\/revisions"}],"predecessor-version":[{"id":19300,"href":"https:\/\/baralivres.ma\/index.php?rest_route=\/wp\/v2\/product\/19295\/revisions\/19300"}],"wp:featuredmedia":[{"embeddable":true,"href":"https:\/\/baralivres.ma\/index.php?rest_route=\/wp\/v2\/media\/19299"}],"wp:attachment":[{"href":"https:\/\/baralivres.ma\/index.php?rest_route=%2Fwp%2Fv2%2Fmedia&parent=19295"}],"wp:term":[{"taxonomy":"product_cat","embeddable":true,"href":"https:\/\/baralivres.ma\/index.php?rest_route=%2Fwp%2Fv2%2Fproduct_cat&post=19295"},{"taxonomy":"product_tag","embeddable":true,"href":"https:\/\/baralivres.ma\/index.php?rest_route=%2Fwp%2Fv2%2Fproduct_tag&post=19295"}],"curies":[{"name":"wp","href":"https:\/\/api.w.org\/{rel}","templated":true}]}}