{"id":19290,"date":"2023-11-10T14:46:06","date_gmt":"2023-11-10T13:46:06","guid":{"rendered":"https:\/\/baralivres.ma\/?post_type=product&#038;p=19290"},"modified":"2024-11-27T15:21:23","modified_gmt":"2024-11-27T14:21:23","slug":"les-100-tome-2-les-100-tome-2-21e-jour","status":"publish","type":"product","link":"https:\/\/baralivres.ma\/?product=les-100-tome-2-les-100-tome-2-21e-jour","title":{"rendered":"Les 100 &#8211; Tome 2 : Les 100 &#8211; tome 2 21e jour"},"content":{"rendered":"<p>Ils pensaient \u00eatre seuls. Ils se trompaient.<\/p>\n<p>5e jour Sous la menace d&rsquo;un ennemi invisible, Wells lutte pour pr\u00e9venir l&rsquo;effondrement des 100, d\u00e9termin\u00e9 \u00e0 sauver les derniers humains sur Terre.<\/p>\n<p>11e jour \u00c0 bord de la Colonie, Glass ignore combien de temps lui reste, souhaitant savourer chaque instant avec Luke.<\/p>\n<p>17e jour Dans la for\u00eat inhospitali\u00e8re, Bellamy est pr\u00eat \u00e0 tout pour sauver sa s\u0153ur Octavia, m\u00eame sacrifier sa propre vie.<\/p>\n<p>21e jour Apr\u00e8s une s\u00e9rie cruelle de trag\u00e9dies, Clarke se questionne sur la s\u00e9curit\u00e9 des 100, se demandant s&rsquo;ils sont enfin \u00e0 l&rsquo;abri ou condamn\u00e9s&#8230;<\/p>\n","protected":false},"excerpt":{"rendered":"<p>Survie des 100 face \u00e0 un ennemi invisible. Dangers, sacrifices, drames. S\u00e9curit\u00e9 incertaine ou destin tragique ?<\/p>\n","protected":false},"featured_media":19293,"comment_status":"open","ping_status":"closed","template":"","meta":{"inline_featured_image":false},"product_cat":[203,204],"product_tag":[],"class_list":{"0":"post-19290","1":"product","2":"type-product","3":"status-publish","4":"has-post-thumbnail","6":"product_cat-adolescente","7":"product_cat-francais","8":"pa_auteurs-kass-morgan","10":"first","11":"instock","12":"shipping-taxable","13":"purchasable","14":"product-type-simple"},"_links":{"self":[{"href":"https:\/\/baralivres.ma\/index.php?rest_route=\/wp\/v2\/product\/19290","targetHints":{"allow":["GET"]}}],"collection":[{"href":"https:\/\/baralivres.ma\/index.php?rest_route=\/wp\/v2\/product"}],"about":[{"href":"https:\/\/baralivres.ma\/index.php?rest_route=\/wp\/v2\/types\/product"}],"replies":[{"embeddable":true,"href":"https:\/\/baralivres.ma\/index.php?rest_route=%2Fwp%2Fv2%2Fcomments&post=19290"}],"version-history":[{"count":1,"href":"https:\/\/baralivres.ma\/index.php?rest_route=\/wp\/v2\/product\/19290\/revisions"}],"predecessor-version":[{"id":19294,"href":"https:\/\/baralivres.ma\/index.php?rest_route=\/wp\/v2\/product\/19290\/revisions\/19294"}],"wp:featuredmedia":[{"embeddable":true,"href":"https:\/\/baralivres.ma\/index.php?rest_route=\/wp\/v2\/media\/19293"}],"wp:attachment":[{"href":"https:\/\/baralivres.ma\/index.php?rest_route=%2Fwp%2Fv2%2Fmedia&parent=19290"}],"wp:term":[{"taxonomy":"product_cat","embeddable":true,"href":"https:\/\/baralivres.ma\/index.php?rest_route=%2Fwp%2Fv2%2Fproduct_cat&post=19290"},{"taxonomy":"product_tag","embeddable":true,"href":"https:\/\/baralivres.ma\/index.php?rest_route=%2Fwp%2Fv2%2Fproduct_tag&post=19290"}],"curies":[{"name":"wp","href":"https:\/\/api.w.org\/{rel}","templated":true}]}}