{"id":19284,"date":"2023-11-10T14:41:44","date_gmt":"2023-11-10T13:41:44","guid":{"rendered":"https:\/\/baralivres.ma\/?post_type=product&#038;p=19284"},"modified":"2024-11-27T15:22:32","modified_gmt":"2024-11-27T14:22:32","slug":"les-100-tome-1-les-100-tome-1","status":"publish","type":"product","link":"https:\/\/baralivres.ma\/?product=les-100-tome-1-les-100-tome-1","title":{"rendered":"Les 100 &#8211; Tome 1 : Les 100 &#8211; tome 1"},"content":{"rendered":"<p>Le compte \u00e0 rebours commence&#8230;<\/p>\n<p>Ils sont 100 mineurs, accus\u00e9s de crimes capitaux, exil\u00e9s dans l&rsquo;espace depuis des si\u00e8cles. Apr\u00e8s des centaines d&rsquo;ann\u00e9es, le Conseil leur offre une seconde chance : retourner sur Terre. Cependant, l&rsquo;atmosph\u00e8re terrestre est potentiellement radioactive, mettant leur vie en p\u00e9ril. Amours, haines, secrets et trahisons s&rsquo;entrem\u00ealent. Comment se racheter quand le temps est compt\u00e9 ?<\/p>\n","protected":false},"excerpt":{"rendered":"<p>100 mineurs exil\u00e9s, retour forc\u00e9 sur Terre, danger radioactif. Amours, secrets, trahisons. Survivre \u00e0 tout prix.<\/p>\n","protected":false},"featured_media":19288,"comment_status":"open","ping_status":"closed","template":"","meta":{"inline_featured_image":false},"product_cat":[203,204],"product_tag":[],"class_list":{"0":"post-19284","1":"product","2":"type-product","3":"status-publish","4":"has-post-thumbnail","6":"product_cat-adolescente","7":"product_cat-francais","8":"pa_auteurs-kass-morgan","10":"first","11":"instock","12":"shipping-taxable","13":"purchasable","14":"product-type-simple"},"_links":{"self":[{"href":"https:\/\/baralivres.ma\/index.php?rest_route=\/wp\/v2\/product\/19284","targetHints":{"allow":["GET"]}}],"collection":[{"href":"https:\/\/baralivres.ma\/index.php?rest_route=\/wp\/v2\/product"}],"about":[{"href":"https:\/\/baralivres.ma\/index.php?rest_route=\/wp\/v2\/types\/product"}],"replies":[{"embeddable":true,"href":"https:\/\/baralivres.ma\/index.php?rest_route=%2Fwp%2Fv2%2Fcomments&post=19284"}],"version-history":[{"count":1,"href":"https:\/\/baralivres.ma\/index.php?rest_route=\/wp\/v2\/product\/19284\/revisions"}],"predecessor-version":[{"id":19289,"href":"https:\/\/baralivres.ma\/index.php?rest_route=\/wp\/v2\/product\/19284\/revisions\/19289"}],"wp:featuredmedia":[{"embeddable":true,"href":"https:\/\/baralivres.ma\/index.php?rest_route=\/wp\/v2\/media\/19288"}],"wp:attachment":[{"href":"https:\/\/baralivres.ma\/index.php?rest_route=%2Fwp%2Fv2%2Fmedia&parent=19284"}],"wp:term":[{"taxonomy":"product_cat","embeddable":true,"href":"https:\/\/baralivres.ma\/index.php?rest_route=%2Fwp%2Fv2%2Fproduct_cat&post=19284"},{"taxonomy":"product_tag","embeddable":true,"href":"https:\/\/baralivres.ma\/index.php?rest_route=%2Fwp%2Fv2%2Fproduct_tag&post=19284"}],"curies":[{"name":"wp","href":"https:\/\/api.w.org\/{rel}","templated":true}]}}