{"id":19278,"date":"2023-11-10T14:38:50","date_gmt":"2023-11-10T13:38:50","guid":{"rendered":"https:\/\/baralivres.ma\/?post_type=product&#038;p=19278"},"modified":"2023-11-10T14:40:17","modified_gmt":"2023-11-10T13:40:17","slug":"les-5-portes-decouvre-enfin-qui-tu-es","status":"publish","type":"product","link":"https:\/\/baralivres.ma\/?product=les-5-portes-decouvre-enfin-qui-tu-es","title":{"rendered":"Les 5 portes &#8211; D\u00e9couvre enfin qui tu es"},"content":{"rendered":"<p>\u00ab\u00a0Cinq portes pour d\u00e9couvrir qui vous \u00eates vraiment\u00a0\u00bb propose un cheminement vers l&rsquo;essence de soi. Face aux questions existentielles sur l&rsquo;identit\u00e9, les aspirations r\u00e9elles, et les v\u00e9ritables forces int\u00e9rieures, l&rsquo;auteur encourage \u00e0 briser les moules impos\u00e9s depuis l&rsquo;enfance. Le livre explore les cinq bonheurs fondamentaux, symbolis\u00e9s par diff\u00e9rentes portes &#8211; le bonheur de faire (porte verte), de voir clair (porte bleue), d&rsquo;\u00eatre en relation (porte rouge), d&rsquo;\u00eatre combl\u00e9 (porte jaune), et d&rsquo;\u00eatre en paix (porte blanche). En r\u00e9pondant \u00e0 ces questions, le lecteur peut entreprendre un voyage transformateur, r\u00e9v\u00e9lateur de sa v\u00e9ritable nature, lib\u00e9rant ainsi un potentiel cach\u00e9.<\/p>\n","protected":false},"excerpt":{"rendered":"<p>Identifiez cinq bonheurs pour d\u00e9couvrir votre essence. Un cheminement lib\u00e9rateur vers votre authenticit\u00e9 et \u00e9panouissement.<\/p>\n","protected":false},"featured_media":19285,"comment_status":"open","ping_status":"closed","template":"","meta":{"inline_featured_image":false},"product_cat":[204,91],"product_tag":[],"class_list":{"0":"post-19278","1":"product","2":"type-product","3":"status-publish","4":"has-post-thumbnail","6":"product_cat-francais","7":"product_cat-developpement","8":"pa_auteurs-fabrice-midal","10":"first","11":"instock","12":"shipping-taxable","13":"purchasable","14":"product-type-simple"},"_links":{"self":[{"href":"https:\/\/baralivres.ma\/index.php?rest_route=\/wp\/v2\/product\/19278","targetHints":{"allow":["GET"]}}],"collection":[{"href":"https:\/\/baralivres.ma\/index.php?rest_route=\/wp\/v2\/product"}],"about":[{"href":"https:\/\/baralivres.ma\/index.php?rest_route=\/wp\/v2\/types\/product"}],"replies":[{"embeddable":true,"href":"https:\/\/baralivres.ma\/index.php?rest_route=%2Fwp%2Fv2%2Fcomments&post=19278"}],"version-history":[{"count":1,"href":"https:\/\/baralivres.ma\/index.php?rest_route=\/wp\/v2\/product\/19278\/revisions"}],"predecessor-version":[{"id":19286,"href":"https:\/\/baralivres.ma\/index.php?rest_route=\/wp\/v2\/product\/19278\/revisions\/19286"}],"wp:featuredmedia":[{"embeddable":true,"href":"https:\/\/baralivres.ma\/index.php?rest_route=\/wp\/v2\/media\/19285"}],"wp:attachment":[{"href":"https:\/\/baralivres.ma\/index.php?rest_route=%2Fwp%2Fv2%2Fmedia&parent=19278"}],"wp:term":[{"taxonomy":"product_cat","embeddable":true,"href":"https:\/\/baralivres.ma\/index.php?rest_route=%2Fwp%2Fv2%2Fproduct_cat&post=19278"},{"taxonomy":"product_tag","embeddable":true,"href":"https:\/\/baralivres.ma\/index.php?rest_route=%2Fwp%2Fv2%2Fproduct_tag&post=19278"}],"curies":[{"name":"wp","href":"https:\/\/api.w.org\/{rel}","templated":true}]}}