{"id":19273,"date":"2023-11-10T14:30:08","date_gmt":"2023-11-10T13:30:08","guid":{"rendered":"https:\/\/baralivres.ma\/?post_type=product&#038;p=19273"},"modified":"2023-11-10T14:30:09","modified_gmt":"2023-11-10T13:30:09","slug":"therese-raquin-une-oeuvre-une-voix","status":"publish","type":"product","link":"https:\/\/baralivres.ma\/?product=therese-raquin-une-oeuvre-une-voix","title":{"rendered":"Th\u00e9r\u00e8se Raquin &#8211; Une oeuvre une voix"},"content":{"rendered":"<p>Pocket et Nathan pr\u00e9sentent \u00ab\u00a0Une \u0153uvre, une voix\u00a0\u00bb, collection engageant l&rsquo;\u00e9l\u00e8ve dans une lecture active. Th\u00e9r\u00e8se, \u00e9lev\u00e9e pour un mariage malheureux, d\u00e9couvre la passion avec Laurent. Le roman de Zola, entre noir et trag\u00e9die, explore r\u00e9alisme social et humain.<\/p>\n","protected":false},"excerpt":{"rendered":"<p>Th\u00e9r\u00e8se, \u00e9lev\u00e9e pour un mariage, d\u00e9couvre la passion avec Laurent. Zola explore r\u00e9alisme social et humain.<\/p>\n","protected":false},"featured_media":19276,"comment_status":"open","ping_status":"closed","template":"","meta":{"inline_featured_image":false},"product_cat":[204,91],"product_tag":[],"class_list":{"0":"post-19273","1":"product","2":"type-product","3":"status-publish","4":"has-post-thumbnail","6":"product_cat-francais","7":"product_cat-developpement","8":"pa_auteurs-emile-zola","10":"first","11":"instock","12":"shipping-taxable","13":"purchasable","14":"product-type-simple"},"_links":{"self":[{"href":"https:\/\/baralivres.ma\/index.php?rest_route=\/wp\/v2\/product\/19273","targetHints":{"allow":["GET"]}}],"collection":[{"href":"https:\/\/baralivres.ma\/index.php?rest_route=\/wp\/v2\/product"}],"about":[{"href":"https:\/\/baralivres.ma\/index.php?rest_route=\/wp\/v2\/types\/product"}],"replies":[{"embeddable":true,"href":"https:\/\/baralivres.ma\/index.php?rest_route=%2Fwp%2Fv2%2Fcomments&post=19273"}],"version-history":[{"count":1,"href":"https:\/\/baralivres.ma\/index.php?rest_route=\/wp\/v2\/product\/19273\/revisions"}],"predecessor-version":[{"id":19277,"href":"https:\/\/baralivres.ma\/index.php?rest_route=\/wp\/v2\/product\/19273\/revisions\/19277"}],"wp:featuredmedia":[{"embeddable":true,"href":"https:\/\/baralivres.ma\/index.php?rest_route=\/wp\/v2\/media\/19276"}],"wp:attachment":[{"href":"https:\/\/baralivres.ma\/index.php?rest_route=%2Fwp%2Fv2%2Fmedia&parent=19273"}],"wp:term":[{"taxonomy":"product_cat","embeddable":true,"href":"https:\/\/baralivres.ma\/index.php?rest_route=%2Fwp%2Fv2%2Fproduct_cat&post=19273"},{"taxonomy":"product_tag","embeddable":true,"href":"https:\/\/baralivres.ma\/index.php?rest_route=%2Fwp%2Fv2%2Fproduct_tag&post=19273"}],"curies":[{"name":"wp","href":"https:\/\/api.w.org\/{rel}","templated":true}]}}