{"id":19240,"date":"2023-11-10T13:00:31","date_gmt":"2023-11-10T12:00:31","guid":{"rendered":"https:\/\/baralivres.ma\/?post_type=product&#038;p=19240"},"modified":"2024-11-27T15:26:10","modified_gmt":"2024-11-27T14:26:10","slug":"journal-dune-peste-tome-1-journal-dune-peste-tome-1","status":"publish","type":"product","link":"https:\/\/baralivres.ma\/?product=journal-dune-peste-tome-1-journal-dune-peste-tome-1","title":{"rendered":"Journal d&rsquo;une Peste &#8211; Tome 1 : Journal d&rsquo;une peste &#8211; tome 1"},"content":{"rendered":"<p>Pr\u00eats \u00e0 int\u00e9grer la Confr\u00e9rie des Pestes ?<\/p>\n<p>Si, comme Fannette, tu partages l&rsquo;id\u00e9e que :<\/p>\n<ul>\n<li>La vie doit \u00eatre une source d&rsquo;amusement.<\/li>\n<li>Les adultes ne d\u00e9tiennent pas toujours la v\u00e9rit\u00e9.<\/li>\n<li>Le monde devient ennuyeux s&rsquo;il ressemble \u00e0 l&rsquo;\u00e9cole.<\/li>\n<li>\u00catre authentique signifie \u00eatre diff\u00e9rent. Alors, ce journal est fait pour toi. Bienvenue dans la Confr\u00e9rie des Pestes !<\/li>\n<\/ul>\n","protected":false},"excerpt":{"rendered":"<p>Rejoignez la Confr\u00e9rie des Pestes avec Fannette, partageant le plaisir, la r\u00e9bellion, et l&rsquo;authenticit\u00e9.<\/p>\n","protected":false},"featured_media":19241,"comment_status":"open","ping_status":"closed","template":"","meta":{"inline_featured_image":false},"product_cat":[203,204],"product_tag":[],"class_list":{"0":"post-19240","1":"product","2":"type-product","3":"status-publish","4":"has-post-thumbnail","6":"product_cat-adolescente","7":"product_cat-francais","8":"pa_auteurs-virginy-l-sam","10":"first","11":"instock","12":"shipping-taxable","13":"purchasable","14":"product-type-simple"},"_links":{"self":[{"href":"https:\/\/baralivres.ma\/index.php?rest_route=\/wp\/v2\/product\/19240","targetHints":{"allow":["GET"]}}],"collection":[{"href":"https:\/\/baralivres.ma\/index.php?rest_route=\/wp\/v2\/product"}],"about":[{"href":"https:\/\/baralivres.ma\/index.php?rest_route=\/wp\/v2\/types\/product"}],"replies":[{"embeddable":true,"href":"https:\/\/baralivres.ma\/index.php?rest_route=%2Fwp%2Fv2%2Fcomments&post=19240"}],"version-history":[{"count":1,"href":"https:\/\/baralivres.ma\/index.php?rest_route=\/wp\/v2\/product\/19240\/revisions"}],"predecessor-version":[{"id":19242,"href":"https:\/\/baralivres.ma\/index.php?rest_route=\/wp\/v2\/product\/19240\/revisions\/19242"}],"wp:featuredmedia":[{"embeddable":true,"href":"https:\/\/baralivres.ma\/index.php?rest_route=\/wp\/v2\/media\/19241"}],"wp:attachment":[{"href":"https:\/\/baralivres.ma\/index.php?rest_route=%2Fwp%2Fv2%2Fmedia&parent=19240"}],"wp:term":[{"taxonomy":"product_cat","embeddable":true,"href":"https:\/\/baralivres.ma\/index.php?rest_route=%2Fwp%2Fv2%2Fproduct_cat&post=19240"},{"taxonomy":"product_tag","embeddable":true,"href":"https:\/\/baralivres.ma\/index.php?rest_route=%2Fwp%2Fv2%2Fproduct_tag&post=19240"}],"curies":[{"name":"wp","href":"https:\/\/api.w.org\/{rel}","templated":true}]}}