{"id":19228,"date":"2023-11-10T13:01:06","date_gmt":"2023-11-10T12:01:06","guid":{"rendered":"https:\/\/baralivres.ma\/?post_type=product&#038;p=19228"},"modified":"2024-11-27T15:25:47","modified_gmt":"2024-11-27T14:25:47","slug":"la-selection-tome-2-lelite","status":"publish","type":"product","link":"https:\/\/baralivres.ma\/?product=la-selection-tome-2-lelite","title":{"rendered":"La S\u00e9lection &#8211; tome 2 L&rsquo;\u00e9lite"},"content":{"rendered":"<p>Elles \u00e9taient initialement au nombre de 35, mais \u00e0 pr\u00e9sent, elles ne sont plus que 6. Ces six femmes constituent l&rsquo;\u00c9lite, et chacune d&rsquo;entre elles doit \u00e0 pr\u00e9sent persuader le prince Maxon, ainsi que le roi et la reine, qu&rsquo;elle est la mieux qualifi\u00e9e pour acc\u00e9der au tr\u00f4ne d&rsquo;Ille\u00e1. Cette petite monarchie repose sur un syst\u00e8me de castes et est menac\u00e9e par des factions rebelles.<\/p>\n<p>Cependant, pour America Singer, la situation est bien plus complexe. D\u00e9chir\u00e9e entre ses sentiments pour Maxon et son amour d&rsquo;enfance pour Aspen, entre son sens de la justice et sa loyaut\u00e9 envers la couronne, elle h\u00e9site, cherchant la d\u00e9cision qui changera d\u00e9finitivement le cours de sa vie.<\/p>\n","protected":false},"excerpt":{"rendered":"<p>Six candidates d&rsquo;\u00e9lite aspirent au tr\u00f4ne d&rsquo;Ille\u00e1, mais America Singer doit choisir entre amour et devoir.<\/p>\n","protected":false},"featured_media":19237,"comment_status":"open","ping_status":"closed","template":"","meta":{"inline_featured_image":false},"product_cat":[203,204],"product_tag":[],"class_list":{"0":"post-19228","1":"product","2":"type-product","3":"status-publish","4":"has-post-thumbnail","6":"product_cat-adolescente","7":"product_cat-francais","8":"pa_auteurs-kiera-cass","10":"first","11":"instock","12":"shipping-taxable","13":"purchasable","14":"product-type-simple"},"_links":{"self":[{"href":"https:\/\/baralivres.ma\/index.php?rest_route=\/wp\/v2\/product\/19228","targetHints":{"allow":["GET"]}}],"collection":[{"href":"https:\/\/baralivres.ma\/index.php?rest_route=\/wp\/v2\/product"}],"about":[{"href":"https:\/\/baralivres.ma\/index.php?rest_route=\/wp\/v2\/types\/product"}],"replies":[{"embeddable":true,"href":"https:\/\/baralivres.ma\/index.php?rest_route=%2Fwp%2Fv2%2Fcomments&post=19228"}],"version-history":[{"count":1,"href":"https:\/\/baralivres.ma\/index.php?rest_route=\/wp\/v2\/product\/19228\/revisions"}],"predecessor-version":[{"id":19244,"href":"https:\/\/baralivres.ma\/index.php?rest_route=\/wp\/v2\/product\/19228\/revisions\/19244"}],"wp:featuredmedia":[{"embeddable":true,"href":"https:\/\/baralivres.ma\/index.php?rest_route=\/wp\/v2\/media\/19237"}],"wp:attachment":[{"href":"https:\/\/baralivres.ma\/index.php?rest_route=%2Fwp%2Fv2%2Fmedia&parent=19228"}],"wp:term":[{"taxonomy":"product_cat","embeddable":true,"href":"https:\/\/baralivres.ma\/index.php?rest_route=%2Fwp%2Fv2%2Fproduct_cat&post=19228"},{"taxonomy":"product_tag","embeddable":true,"href":"https:\/\/baralivres.ma\/index.php?rest_route=%2Fwp%2Fv2%2Fproduct_tag&post=19228"}],"curies":[{"name":"wp","href":"https:\/\/api.w.org\/{rel}","templated":true}]}}