{"id":19222,"date":"2023-11-10T12:48:54","date_gmt":"2023-11-10T11:48:54","guid":{"rendered":"https:\/\/baralivres.ma\/?post_type=product&#038;p=19222"},"modified":"2023-11-10T12:48:55","modified_gmt":"2023-11-10T11:48:55","slug":"contes-de-la-becasse-et-autres-contes-de-chasseurs","status":"publish","type":"product","link":"https:\/\/baralivres.ma\/?product=contes-de-la-becasse-et-autres-contes-de-chasseurs","title":{"rendered":"Contes de la b\u00e9casse et autres contes de chasseurs"},"content":{"rendered":"<p>\u00c9dition comment\u00e9e par H\u00e9l\u00e8ne Lassalle et Annie Soler. Maupassant d\u00e9peint la Normandie \u00e0 travers des tableaux plaisants ou cruels. Il expose la l\u00e2che bourgeoisie, la mis\u00e8re quasi-m\u00e9di\u00e9vale, l&rsquo;avarice des paysans, l&rsquo;avidit\u00e9 sensuelle et le cynisme des citadins, la rouerie des filles, et les laideurs de la vie. Ces peintures sarcastiques, impr\u00e9gn\u00e9es d&rsquo;une philosophie d\u00e9sol\u00e9e mais teint\u00e9es de piti\u00e9 et de compassion, abordent des th\u00e8mes tels que l&rsquo;argent, la b\u00eatise \u00e9ternelle, la luxure, et l&rsquo;angoisse. Maupassant, auteur de Bel-Ami, cr\u00e9e des personnages m\u00e9morables en quelques pages miraculeuses de simplicit\u00e9 et de force.<\/p>\n","protected":false},"excerpt":{"rendered":"<p>Maupassant d\u00e9peint la Normandie avec sarcasme, exposant la bourgeoisie l\u00e2che, la mis\u00e8re, l&rsquo;avidit\u00e9, la rouerie, et l&rsquo;angoisse.<\/p>\n","protected":false},"featured_media":19231,"comment_status":"open","ping_status":"closed","template":"","meta":{"inline_featured_image":false},"product_cat":[204,91],"product_tag":[],"class_list":{"0":"post-19222","1":"product","2":"type-product","3":"status-publish","4":"has-post-thumbnail","6":"product_cat-francais","7":"product_cat-developpement","8":"pa_auteurs-guy-de-maupassant","10":"first","11":"instock","12":"shipping-taxable","13":"purchasable","14":"product-type-simple"},"_links":{"self":[{"href":"https:\/\/baralivres.ma\/index.php?rest_route=\/wp\/v2\/product\/19222","targetHints":{"allow":["GET"]}}],"collection":[{"href":"https:\/\/baralivres.ma\/index.php?rest_route=\/wp\/v2\/product"}],"about":[{"href":"https:\/\/baralivres.ma\/index.php?rest_route=\/wp\/v2\/types\/product"}],"replies":[{"embeddable":true,"href":"https:\/\/baralivres.ma\/index.php?rest_route=%2Fwp%2Fv2%2Fcomments&post=19222"}],"version-history":[{"count":1,"href":"https:\/\/baralivres.ma\/index.php?rest_route=\/wp\/v2\/product\/19222\/revisions"}],"predecessor-version":[{"id":19232,"href":"https:\/\/baralivres.ma\/index.php?rest_route=\/wp\/v2\/product\/19222\/revisions\/19232"}],"wp:featuredmedia":[{"embeddable":true,"href":"https:\/\/baralivres.ma\/index.php?rest_route=\/wp\/v2\/media\/19231"}],"wp:attachment":[{"href":"https:\/\/baralivres.ma\/index.php?rest_route=%2Fwp%2Fv2%2Fmedia&parent=19222"}],"wp:term":[{"taxonomy":"product_cat","embeddable":true,"href":"https:\/\/baralivres.ma\/index.php?rest_route=%2Fwp%2Fv2%2Fproduct_cat&post=19222"},{"taxonomy":"product_tag","embeddable":true,"href":"https:\/\/baralivres.ma\/index.php?rest_route=%2Fwp%2Fv2%2Fproduct_tag&post=19222"}],"curies":[{"name":"wp","href":"https:\/\/api.w.org\/{rel}","templated":true}]}}