{"id":19201,"date":"2023-11-10T12:18:28","date_gmt":"2023-11-10T11:18:28","guid":{"rendered":"https:\/\/baralivres.ma\/?post_type=product&#038;p=19201"},"modified":"2025-02-20T12:02:22","modified_gmt":"2025-02-20T11:02:22","slug":"histoire-du-coran-contexte-origine-redaction","status":"publish","type":"product","link":"https:\/\/baralivres.ma\/?product=histoire-du-coran-contexte-origine-redaction","title":{"rendered":"Histoire du Coran &#8211; Contexte, origine, r\u00e9daction"},"content":{"rendered":"<p>Ce livre propose une lecture inhabituelle du Coran, le reliant aux courants de l&rsquo;Antiquit\u00e9 tardive et \u00e0 la tradition biblique. Il explore les doctrines religieuses de son \u00e9poque, d\u00e9voilant un document \u00e9nigmatique malgr\u00e9 ses 1 500 ans. Rassemblant les contributions de sp\u00e9cialistes mondiaux, l&rsquo;ouvrage offre une synth\u00e8se accessible et rigoureuse des \u00e9tudes pass\u00e9es et actuelles sur le livre saint de l&rsquo;islam. En \u00e9vitant l&rsquo;approche confessionnelle, il contextualise l&rsquo;\u00e9mergence du Coran dans le cadre historique, politique, religieux et culturel de l&rsquo;Antiquit\u00e9 tardive. Cette \u0153uvre, loin des malentendus, encourage le dialogue interculturel.<\/p>\n","protected":false},"excerpt":{"rendered":"<p>Ouvrage recontextualise le Coran dans l&rsquo;Antiquit\u00e9 tardive, offrant une lecture novatrice par des sp\u00e9cialistes mondiaux. Encourage dialogue interculturel.<\/p>\n","protected":false},"featured_media":19202,"comment_status":"open","ping_status":"closed","template":"","meta":{"inline_featured_image":false},"product_cat":[3725,3862,4214],"product_tag":[],"class_list":{"0":"post-19201","1":"product","2":"type-product","3":"status-publish","4":"has-post-thumbnail","6":"product_cat-litterature-religieuse","7":"product_cat-spiritualite","8":"product_cat-voyage-spirituel-pendant-le-ramadan","9":"pa_auteurs-mohammed-ali-amir-moezzi","11":"first","12":"instock","13":"shipping-taxable","14":"purchasable","15":"product-type-simple"},"_links":{"self":[{"href":"https:\/\/baralivres.ma\/index.php?rest_route=\/wp\/v2\/product\/19201","targetHints":{"allow":["GET"]}}],"collection":[{"href":"https:\/\/baralivres.ma\/index.php?rest_route=\/wp\/v2\/product"}],"about":[{"href":"https:\/\/baralivres.ma\/index.php?rest_route=\/wp\/v2\/types\/product"}],"replies":[{"embeddable":true,"href":"https:\/\/baralivres.ma\/index.php?rest_route=%2Fwp%2Fv2%2Fcomments&post=19201"}],"version-history":[{"count":1,"href":"https:\/\/baralivres.ma\/index.php?rest_route=\/wp\/v2\/product\/19201\/revisions"}],"predecessor-version":[{"id":19203,"href":"https:\/\/baralivres.ma\/index.php?rest_route=\/wp\/v2\/product\/19201\/revisions\/19203"}],"wp:featuredmedia":[{"embeddable":true,"href":"https:\/\/baralivres.ma\/index.php?rest_route=\/wp\/v2\/media\/19202"}],"wp:attachment":[{"href":"https:\/\/baralivres.ma\/index.php?rest_route=%2Fwp%2Fv2%2Fmedia&parent=19201"}],"wp:term":[{"taxonomy":"product_cat","embeddable":true,"href":"https:\/\/baralivres.ma\/index.php?rest_route=%2Fwp%2Fv2%2Fproduct_cat&post=19201"},{"taxonomy":"product_tag","embeddable":true,"href":"https:\/\/baralivres.ma\/index.php?rest_route=%2Fwp%2Fv2%2Fproduct_tag&post=19201"}],"curies":[{"name":"wp","href":"https:\/\/api.w.org\/{rel}","templated":true}]}}