{"id":19199,"date":"2023-11-10T12:19:02","date_gmt":"2023-11-10T11:19:02","guid":{"rendered":"https:\/\/baralivres.ma\/?post_type=product&#038;p=19199"},"modified":"2023-11-10T17:00:52","modified_gmt":"2023-11-10T16:00:52","slug":"hunger-games-tome-2-hunger-games-tome-2-lembrasement","status":"publish","type":"product","link":"https:\/\/baralivres.ma\/?product=hunger-games-tome-2-hunger-games-tome-2-lembrasement","title":{"rendered":"Hunger Games &#8211; Tome 2 : Hunger Games &#8211; tome 2 L&#8217;embrasement"},"content":{"rendered":"<p>Katniss, symbole rebelle et marionnette de la dictature, d\u00e9tient un pouvoir entre ses mains&#8230; entrav\u00e9es.<\/p>\n<p>Apr\u00e8s les Hunger Games r\u00e9ussis, Panem attend impatiemment la Tourn\u00e9e de la victoire avec Katniss et Peeta. Pour Katniss, c&rsquo;est une derni\u00e8re chance. Ayant d\u00e9fi\u00e9 le Capitole, elle incarne la r\u00e9bellion. L&rsquo;\u00e9chec signifie le bain de sang du pr\u00e9sident Snow pour \u00e9teindre la r\u00e9volte. \u00c0 l&rsquo;approche des Jeux de l&rsquo;Expiation, le pi\u00e8ge du Capitole se referme sur Katniss.<\/p>\n","protected":false},"excerpt":{"rendered":"<div class=\"group w-full text-token-text-primary border-b border-black\/10 gizmo:border-0 dark:border-gray-900\/50 gizmo:dark:border-0 bg-gray-50 gizmo:bg-transparent dark:bg-[#444654] gizmo:dark:bg-transparent\" data-testid=\"conversation-turn-67\">\n<div class=\"p-4 gizmo:py-2 justify-center text-base md:gap-6 md:py-6 m-auto\">\n<div class=\"flex flex-1 gap-4 text-base mx-auto md:gap-6 gizmo:gap-3 gizmo:md:px-5 gizmo:lg:px-1 gizmo:xl:px-5 md:max-w-2xl lg:max-w-[38rem] gizmo:md:max-w-3xl gizmo:lg:max-w-[40rem] gizmo:xl:max-w-[48rem] xl:max-w-3xl }\">\n<div class=\"relative flex w-[calc(100%-50px)] flex-col gizmo:w-full lg:w-[calc(100%-115px)] agent-turn\">\n<div class=\"flex-col gap-1 md:gap-3\">\n<div class=\"flex flex-grow flex-col max-w-full gap-3 gizmo:gap-0\">\n<div class=\"min-h-[20px] text-message peer flex flex-col items-start gap-3 whitespace-pre-wrap break-words peer-[.text-message]:mt-5 overflow-x-auto\" data-message-author-role=\"assistant\" data-message-id=\"d1d2cb29-3dcb-4bc5-a54c-509f783eb2fa\">\n<div class=\"markdown prose w-full break-words dark:prose-invert light\">\n<p>Katniss, symbole rebelle, sous pression lors de la Tourn\u00e9e, menac\u00e9e par le pi\u00e8ge du Capitole.<\/p>\n<\/div>\n<\/div>\n<\/div>\n<div class=\"flex justify-between empty:hidden gizmo:justify-start gizmo:gap-3 lg:block gizmo:lg:flex\">\n<div class=\"text-gray-400 flex self-end lg:self-center justify-center gizmo:lg:justify-start mt-2 gizmo:mt-0 visible lg:gap-1 lg:absolute lg:top-0 lg:translate-x-full lg:right-0 lg:mt-0 lg:pl-2 gap-2 md:gap-3\">\n<p>&nbsp;<\/p>\n<div class=\"flex gap-1\"><\/div>\n<\/div>\n<\/div>\n<\/div>\n<\/div>\n<\/div>\n<\/div>\n<\/div>\n","protected":false},"featured_media":19204,"comment_status":"open","ping_status":"closed","template":"","meta":{"inline_featured_image":false},"product_cat":[204,199],"product_tag":[],"class_list":{"0":"post-19199","1":"product","2":"type-product","3":"status-publish","4":"has-post-thumbnail","6":"product_cat-francais","7":"product_cat-histoires","8":"pa_auteurs-suzanne-collins","10":"first","11":"instock","12":"shipping-taxable","13":"purchasable","14":"product-type-simple"},"_links":{"self":[{"href":"https:\/\/baralivres.ma\/index.php?rest_route=\/wp\/v2\/product\/19199","targetHints":{"allow":["GET"]}}],"collection":[{"href":"https:\/\/baralivres.ma\/index.php?rest_route=\/wp\/v2\/product"}],"about":[{"href":"https:\/\/baralivres.ma\/index.php?rest_route=\/wp\/v2\/types\/product"}],"replies":[{"embeddable":true,"href":"https:\/\/baralivres.ma\/index.php?rest_route=%2Fwp%2Fv2%2Fcomments&post=19199"}],"version-history":[{"count":2,"href":"https:\/\/baralivres.ma\/index.php?rest_route=\/wp\/v2\/product\/19199\/revisions"}],"predecessor-version":[{"id":19394,"href":"https:\/\/baralivres.ma\/index.php?rest_route=\/wp\/v2\/product\/19199\/revisions\/19394"}],"wp:featuredmedia":[{"embeddable":true,"href":"https:\/\/baralivres.ma\/index.php?rest_route=\/wp\/v2\/media\/19204"}],"wp:attachment":[{"href":"https:\/\/baralivres.ma\/index.php?rest_route=%2Fwp%2Fv2%2Fmedia&parent=19199"}],"wp:term":[{"taxonomy":"product_cat","embeddable":true,"href":"https:\/\/baralivres.ma\/index.php?rest_route=%2Fwp%2Fv2%2Fproduct_cat&post=19199"},{"taxonomy":"product_tag","embeddable":true,"href":"https:\/\/baralivres.ma\/index.php?rest_route=%2Fwp%2Fv2%2Fproduct_tag&post=19199"}],"curies":[{"name":"wp","href":"https:\/\/api.w.org\/{rel}","templated":true}]}}