{"id":19191,"date":"2023-11-10T12:08:20","date_gmt":"2023-11-10T11:08:20","guid":{"rendered":"https:\/\/baralivres.ma\/?post_type=product&#038;p=19191"},"modified":"2023-11-10T12:14:18","modified_gmt":"2023-11-10T11:14:18","slug":"lamour-la-force-la-plus-puissante-de-lunivers","status":"publish","type":"product","link":"https:\/\/baralivres.ma\/?product=lamour-la-force-la-plus-puissante-de-lunivers","title":{"rendered":"L&rsquo;amour : la force la plus puissante de l&rsquo;univers"},"content":{"rendered":"<p>Et si l&rsquo;amour n&rsquo;\u00e9tait pas ce qu&rsquo;on nous a toujours enseign\u00e9 ? Et si l&rsquo;\u00e9nergie cr\u00e9atrice in\u00e9puisable \u00e9tait accessible ? Depuis l&rsquo;enfance, on nous a fa\u00e7onn\u00e9s \u00e0 percevoir l&rsquo;amour comme un jeu d&rsquo;illusions et d&rsquo;attentes, mais en r\u00e9alit\u00e9, c&rsquo;est le pouvoir de la vie. Il est temps de surmonter nos peurs et doutes, de d\u00e9couvrir un amour sans condition qui comble pleinement. Explorez le v\u00e9ritable chemin pour aimer autrui et soi-m\u00eame de mani\u00e8re libre et authentique.<\/p>\n","protected":false},"excerpt":{"rendered":"<div class=\"group w-full text-token-text-primary border-b border-black\/10 gizmo:border-0 dark:border-gray-900\/50 gizmo:dark:border-0 bg-gray-50 gizmo:bg-transparent dark:bg-[#444654] gizmo:dark:bg-transparent\" data-testid=\"conversation-turn-87\">\n<div class=\"p-4 gizmo:py-2 justify-center text-base md:gap-6 md:py-6 m-auto\">\n<div class=\"flex flex-1 gap-4 text-base mx-auto md:gap-6 gizmo:gap-3 gizmo:md:px-5 gizmo:lg:px-1 gizmo:xl:px-5 md:max-w-2xl lg:max-w-[38rem] gizmo:md:max-w-3xl gizmo:lg:max-w-[40rem] gizmo:xl:max-w-[48rem] xl:max-w-3xl }\">\n<div class=\"relative flex w-[calc(100%-50px)] flex-col gizmo:w-full lg:w-[calc(100%-115px)] agent-turn\">\n<div class=\"flex-col gap-1 md:gap-3\">\n<div class=\"flex flex-grow flex-col max-w-full gap-3 gizmo:gap-0\">\n<div class=\"min-h-[20px] text-message peer flex flex-col items-start gap-3 whitespace-pre-wrap break-words peer-[.text-message]:mt-5 overflow-x-auto\" data-message-author-role=\"assistant\" data-message-id=\"af2ed314-c958-4c65-8d06-2a48980111e6\">\n<div class=\"markdown prose w-full break-words dark:prose-invert light\">\n<p>D\u00e9construisez les illusions sur l&rsquo;amour, d\u00e9couvrez une \u00e9nergie cr\u00e9atrice accessible. Lib\u00e9rez-vous des peurs, explorez l&rsquo;amour authentique.<\/p>\n<\/div>\n<\/div>\n<\/div>\n<div class=\"flex justify-between empty:hidden gizmo:justify-start gizmo:gap-3 lg:block gizmo:lg:flex\">\n<div class=\"text-gray-400 flex self-end lg:self-center justify-center gizmo:lg:justify-start mt-2 gizmo:mt-0 visible lg:gap-1 lg:absolute lg:top-0 lg:translate-x-full lg:right-0 lg:mt-0 lg:pl-2 gap-2 md:gap-3\">\n<p>&nbsp;<\/p>\n<div class=\"flex gap-1\"><\/div>\n<\/div>\n<\/div>\n<\/div>\n<\/div>\n<\/div>\n<\/div>\n<\/div>\n","protected":false},"featured_media":19194,"comment_status":"open","ping_status":"closed","template":"","meta":{"inline_featured_image":false},"product_cat":[204,91],"product_tag":[],"class_list":{"0":"post-19191","1":"product","2":"type-product","3":"status-publish","4":"has-post-thumbnail","6":"product_cat-francais","7":"product_cat-developpement","8":"pa_auteurs-miguel-ruiz","10":"first","11":"instock","12":"shipping-taxable","13":"purchasable","14":"product-type-simple"},"_links":{"self":[{"href":"https:\/\/baralivres.ma\/index.php?rest_route=\/wp\/v2\/product\/19191","targetHints":{"allow":["GET"]}}],"collection":[{"href":"https:\/\/baralivres.ma\/index.php?rest_route=\/wp\/v2\/product"}],"about":[{"href":"https:\/\/baralivres.ma\/index.php?rest_route=\/wp\/v2\/types\/product"}],"replies":[{"embeddable":true,"href":"https:\/\/baralivres.ma\/index.php?rest_route=%2Fwp%2Fv2%2Fcomments&post=19191"}],"version-history":[{"count":2,"href":"https:\/\/baralivres.ma\/index.php?rest_route=\/wp\/v2\/product\/19191\/revisions"}],"predecessor-version":[{"id":19200,"href":"https:\/\/baralivres.ma\/index.php?rest_route=\/wp\/v2\/product\/19191\/revisions\/19200"}],"wp:featuredmedia":[{"embeddable":true,"href":"https:\/\/baralivres.ma\/index.php?rest_route=\/wp\/v2\/media\/19194"}],"wp:attachment":[{"href":"https:\/\/baralivres.ma\/index.php?rest_route=%2Fwp%2Fv2%2Fmedia&parent=19191"}],"wp:term":[{"taxonomy":"product_cat","embeddable":true,"href":"https:\/\/baralivres.ma\/index.php?rest_route=%2Fwp%2Fv2%2Fproduct_cat&post=19191"},{"taxonomy":"product_tag","embeddable":true,"href":"https:\/\/baralivres.ma\/index.php?rest_route=%2Fwp%2Fv2%2Fproduct_tag&post=19191"}],"curies":[{"name":"wp","href":"https:\/\/api.w.org\/{rel}","templated":true}]}}