{"id":19188,"date":"2023-11-10T12:05:48","date_gmt":"2023-11-10T11:05:48","guid":{"rendered":"https:\/\/baralivres.ma\/?post_type=product&#038;p=19188"},"modified":"2023-11-10T16:57:02","modified_gmt":"2023-11-10T15:57:02","slug":"lhistoire-dhelen-keller","status":"publish","type":"product","link":"https:\/\/baralivres.ma\/?product=lhistoire-dhelen-keller","title":{"rendered":"L&rsquo;histoire d&rsquo;Helen Keller"},"content":{"rendered":"<p>L&rsquo;histoire authentique d&rsquo;Helen Keller, une petite fille de six ans confront\u00e9e \u00e0 la c\u00e9cit\u00e9, \u00e0 la surdit\u00e9 et \u00e0 la mutit\u00e9. Face \u00e0 l&rsquo;apparente impasse de son avenir, les parents d&rsquo;Helen, plong\u00e9s dans le d\u00e9sespoir, voient arriver Ann Sullivan. Cette derni\u00e8re entreprend la mission complexe d&rsquo;aider Helen \u00e0 s&rsquo;affranchir de son isolement, priv\u00e9e de mots, de couleurs et de sons. Les premiers \u00e9changes entre Ann et Helen sont tumultueux, mais la t\u00e9nacit\u00e9 indomptable d&rsquo;Ann, associ\u00e9e \u00e0 l&rsquo;intelligence ardente et au d\u00e9sir d&rsquo;apprendre d&rsquo;Helen, finissent par triompher des obstacles apparemment insurmontables. Cette narration poignante met en lumi\u00e8re le combat acharn\u00e9 pour la communication et l&rsquo;\u00e9ducation, t\u00e9moignant de la victoire de la d\u00e9termination sur l&rsquo;impossible.<\/p>\n","protected":false},"excerpt":{"rendered":"<p>Histoire vraie d&rsquo;Helen Keller, lutte contre c\u00e9cit\u00e9, surdit\u00e9, mutit\u00e9 avec l&rsquo;aide d\u00e9terminante d&rsquo;Ann Sullivan.<\/p>\n","protected":false},"featured_media":19192,"comment_status":"open","ping_status":"closed","template":"","meta":{"inline_featured_image":false},"product_cat":[204,199],"product_tag":[],"class_list":{"0":"post-19188","1":"product","2":"type-product","3":"status-publish","4":"has-post-thumbnail","6":"product_cat-francais","7":"product_cat-histoires","8":"pa_auteurs-lorena-a-hickok-2","10":"first","11":"instock","12":"shipping-taxable","13":"purchasable","14":"product-type-simple"},"_links":{"self":[{"href":"https:\/\/baralivres.ma\/index.php?rest_route=\/wp\/v2\/product\/19188","targetHints":{"allow":["GET"]}}],"collection":[{"href":"https:\/\/baralivres.ma\/index.php?rest_route=\/wp\/v2\/product"}],"about":[{"href":"https:\/\/baralivres.ma\/index.php?rest_route=\/wp\/v2\/types\/product"}],"replies":[{"embeddable":true,"href":"https:\/\/baralivres.ma\/index.php?rest_route=%2Fwp%2Fv2%2Fcomments&post=19188"}],"version-history":[{"count":1,"href":"https:\/\/baralivres.ma\/index.php?rest_route=\/wp\/v2\/product\/19188\/revisions"}],"predecessor-version":[{"id":19193,"href":"https:\/\/baralivres.ma\/index.php?rest_route=\/wp\/v2\/product\/19188\/revisions\/19193"}],"wp:featuredmedia":[{"embeddable":true,"href":"https:\/\/baralivres.ma\/index.php?rest_route=\/wp\/v2\/media\/19192"}],"wp:attachment":[{"href":"https:\/\/baralivres.ma\/index.php?rest_route=%2Fwp%2Fv2%2Fmedia&parent=19188"}],"wp:term":[{"taxonomy":"product_cat","embeddable":true,"href":"https:\/\/baralivres.ma\/index.php?rest_route=%2Fwp%2Fv2%2Fproduct_cat&post=19188"},{"taxonomy":"product_tag","embeddable":true,"href":"https:\/\/baralivres.ma\/index.php?rest_route=%2Fwp%2Fv2%2Fproduct_tag&post=19188"}],"curies":[{"name":"wp","href":"https:\/\/api.w.org\/{rel}","templated":true}]}}