{"id":19185,"date":"2023-11-10T12:02:27","date_gmt":"2023-11-10T11:02:27","guid":{"rendered":"https:\/\/baralivres.ma\/?post_type=product&#038;p=19185"},"modified":"2023-11-10T12:02:42","modified_gmt":"2023-11-10T11:02:42","slug":"memoire-vous-avez-le-pouvoir","status":"publish","type":"product","link":"https:\/\/baralivres.ma\/?product=memoire-vous-avez-le-pouvoir","title":{"rendered":"M\u00e9moire : vous avez le pouvoir !"},"content":{"rendered":"<p>Michel Cymes et Fabien Olicard collaborent pour proposer un guide sur le d\u00e9veloppement, la stimulation et l&rsquo;entretien de la m\u00e9moire, exploitant le potentiel de notre cerveau. Que l&rsquo;on ait une m\u00e9moire comparable \u00e0 celle d&rsquo;un poisson rouge, comme Michel Cymes, ou \u00e0 celle d&rsquo;un \u00e9l\u00e9phant, comme Fabien Olicard, l&rsquo;ouvrage promet de d\u00e9voiler les secrets de ce pouvoir insoup\u00e7onn\u00e9 qui r\u00e9side en chacun de nous.<\/p>\n<p>L&rsquo;importance de la m\u00e9moire dans la vie quotidienne, qu&rsquo;il s&rsquo;agisse de retrouver ses cl\u00e9s, de m\u00e9moriser des noms ou des le\u00e7ons, ou de lutter contre la crainte de maladies comme Alzheimer, est soulign\u00e9e. L&rsquo;approche du livre repose sur la compr\u00e9hension de la m\u00e9moire, fusionnant les derni\u00e8res d\u00e9couvertes scientifiques avec les meilleures m\u00e9thodes du mentalisme. Cette synth\u00e8se in\u00e9dite offre un plongeon dans les coulisses de la m\u00e9moire, visant \u00e0 aider le lecteur \u00e0 exploiter pleinement son potentiel m\u00e9moriel.<\/p>\n","protected":false},"excerpt":{"rendered":"<p>Michel Cymes et Fabien Olicard proposent de d\u00e9velopper, stimuler et entretenir la m\u00e9moire, explorant les secrets de notre cerveau. Bas\u00e9 sur les derni\u00e8res d\u00e9couvertes scientifiques et les techniques de mentalisme, l&rsquo;ouvrage offre une synth\u00e8se in\u00e9dite pour comprendre et exploiter pleinement la m\u00e9moire.<\/p>\n","protected":false},"featured_media":19190,"comment_status":"open","ping_status":"closed","template":"","meta":{"inline_featured_image":false},"product_cat":[204,91],"product_tag":[],"class_list":{"0":"post-19185","1":"product","2":"type-product","3":"status-publish","4":"has-post-thumbnail","6":"product_cat-francais","7":"product_cat-developpement","8":"pa_auteurs-fabien-olicard","10":"first","11":"instock","12":"shipping-taxable","13":"purchasable","14":"product-type-simple"},"_links":{"self":[{"href":"https:\/\/baralivres.ma\/index.php?rest_route=\/wp\/v2\/product\/19185","targetHints":{"allow":["GET"]}}],"collection":[{"href":"https:\/\/baralivres.ma\/index.php?rest_route=\/wp\/v2\/product"}],"about":[{"href":"https:\/\/baralivres.ma\/index.php?rest_route=\/wp\/v2\/types\/product"}],"replies":[{"embeddable":true,"href":"https:\/\/baralivres.ma\/index.php?rest_route=%2Fwp%2Fv2%2Fcomments&post=19185"}],"version-history":[{"count":1,"href":"https:\/\/baralivres.ma\/index.php?rest_route=\/wp\/v2\/product\/19185\/revisions"}],"predecessor-version":[{"id":19189,"href":"https:\/\/baralivres.ma\/index.php?rest_route=\/wp\/v2\/product\/19185\/revisions\/19189"}],"wp:featuredmedia":[{"embeddable":true,"href":"https:\/\/baralivres.ma\/index.php?rest_route=\/wp\/v2\/media\/19190"}],"wp:attachment":[{"href":"https:\/\/baralivres.ma\/index.php?rest_route=%2Fwp%2Fv2%2Fmedia&parent=19185"}],"wp:term":[{"taxonomy":"product_cat","embeddable":true,"href":"https:\/\/baralivres.ma\/index.php?rest_route=%2Fwp%2Fv2%2Fproduct_cat&post=19185"},{"taxonomy":"product_tag","embeddable":true,"href":"https:\/\/baralivres.ma\/index.php?rest_route=%2Fwp%2Fv2%2Fproduct_tag&post=19185"}],"curies":[{"name":"wp","href":"https:\/\/api.w.org\/{rel}","templated":true}]}}