{"id":19167,"date":"2023-11-10T11:51:47","date_gmt":"2023-11-10T10:51:47","guid":{"rendered":"https:\/\/baralivres.ma\/?post_type=product&#038;p=19167"},"modified":"2023-11-10T11:51:49","modified_gmt":"2023-11-10T10:51:49","slug":"la-selection-tome-3-lelue","status":"publish","type":"product","link":"https:\/\/baralivres.ma\/?product=la-selection-tome-3-lelue","title":{"rendered":"La S\u00e9lection &#8211; tome 3 L&rsquo;Elue"},"content":{"rendered":"<p>Seule une candidate sera couronn\u00e9e, et la S\u00e9lection a profond\u00e9ment transform\u00e9 la vie de trente-cinq jeunes filles. D\u00e9chir\u00e9es entre amiti\u00e9 et rivalit\u00e9, les quatre candidates encore en lice resteront li\u00e9es par les \u00e9preuves qu&rsquo;elles ont surmont\u00e9es ensemble.<\/p>\n<p>Pour America, \u00eatre si pr\u00e8s de la couronne et du c\u0153ur du prince Maxon \u00e9tait inimaginable. \u00c0 quelques jours de la fin de la comp\u00e9tition, alors que l&rsquo;insurrection gronde aux portes du Palais, l&rsquo;heure du choix a sonn\u00e9. Car il ne doit en rester qu&rsquo;une.<\/p>\n","protected":false},"excerpt":{"rendered":"<p>Comp\u00e9tition f\u00e9roce entre quatre candidates dans la S\u00e9lection, li\u00e9es par l&rsquo;amiti\u00e9 et la rivalit\u00e9.<\/p>\n","protected":false},"featured_media":19178,"comment_status":"open","ping_status":"closed","template":"","meta":{"inline_featured_image":false},"product_cat":[204,199],"product_tag":[],"class_list":{"0":"post-19167","1":"product","2":"type-product","3":"status-publish","4":"has-post-thumbnail","6":"product_cat-francais","7":"product_cat-histoires","8":"pa_auteurs-kiera-cass","10":"first","11":"instock","12":"shipping-taxable","13":"purchasable","14":"product-type-simple"},"_links":{"self":[{"href":"https:\/\/baralivres.ma\/index.php?rest_route=\/wp\/v2\/product\/19167","targetHints":{"allow":["GET"]}}],"collection":[{"href":"https:\/\/baralivres.ma\/index.php?rest_route=\/wp\/v2\/product"}],"about":[{"href":"https:\/\/baralivres.ma\/index.php?rest_route=\/wp\/v2\/types\/product"}],"replies":[{"embeddable":true,"href":"https:\/\/baralivres.ma\/index.php?rest_route=%2Fwp%2Fv2%2Fcomments&post=19167"}],"version-history":[{"count":1,"href":"https:\/\/baralivres.ma\/index.php?rest_route=\/wp\/v2\/product\/19167\/revisions"}],"predecessor-version":[{"id":19179,"href":"https:\/\/baralivres.ma\/index.php?rest_route=\/wp\/v2\/product\/19167\/revisions\/19179"}],"wp:featuredmedia":[{"embeddable":true,"href":"https:\/\/baralivres.ma\/index.php?rest_route=\/wp\/v2\/media\/19178"}],"wp:attachment":[{"href":"https:\/\/baralivres.ma\/index.php?rest_route=%2Fwp%2Fv2%2Fmedia&parent=19167"}],"wp:term":[{"taxonomy":"product_cat","embeddable":true,"href":"https:\/\/baralivres.ma\/index.php?rest_route=%2Fwp%2Fv2%2Fproduct_cat&post=19167"},{"taxonomy":"product_tag","embeddable":true,"href":"https:\/\/baralivres.ma\/index.php?rest_route=%2Fwp%2Fv2%2Fproduct_tag&post=19167"}],"curies":[{"name":"wp","href":"https:\/\/api.w.org\/{rel}","templated":true}]}}