{"id":19140,"date":"2023-11-10T11:43:06","date_gmt":"2023-11-10T10:43:06","guid":{"rendered":"https:\/\/baralivres.ma\/?post_type=product&#038;p=19140"},"modified":"2023-11-10T11:43:07","modified_gmt":"2023-11-10T10:43:07","slug":"stranger-things-stranger-things-suspicious-minds","status":"publish","type":"product","link":"https:\/\/baralivres.ma\/?product=stranger-things-stranger-things-suspicious-minds","title":{"rendered":"Stranger Things &#8211; : Stranger Things : Suspicious Minds"},"content":{"rendered":"<p>En 1969, Terry, \u00e9tudiante sur le campus d&rsquo;une petite universit\u00e9 de l&rsquo;Indiana, m\u00e8ne une vie loin des tumultes de la guerre du Vietnam qui divise profond\u00e9ment le pays. Cependant, tout bascule lorsqu&rsquo;elle d\u00e9couvre qu&rsquo;une \u00e9tude gouvernementale, baptis\u00e9e MK Ultra, recherche des volontaires dans la petite ville de Hawkins. Terry se retrouve alors plong\u00e9e dans un projet alarmant, entre camionnettes sombres, laboratoires dissimul\u00e9s au c\u0153ur de la for\u00eat et l&rsquo;administration de substances hallucinog\u00e8nes par des chercheurs silencieux. D\u00e9termin\u00e9e et id\u00e9aliste, Terry s&rsquo;engage \u00e0 d\u00e9voiler les machinations du myst\u00e9rieux Dr Brenner.<\/p>\n<p>Cependant, ce qu&rsquo;elle d\u00e9couvre derri\u00e8re les murs du Laboratoire National de Hawkins d\u00e9passe toutes ses attentes, d\u00e9voilant une conspiration d&rsquo;une envergure inimaginable. Pour affronter cette menace, Terry devra s&rsquo;allier aux autres cobayes, devenus ses compagnons d&rsquo;armes, notamment une fillette aux pouvoirs exceptionnels r\u00e9pondant au simple nom de Huit. Commence alors une guerre mentale entre Terry et le Dr Brenner, o\u00f9 le champ de bataille est le cerveau humain.<\/p>\n<p>Si vous vous demandiez comment Onze a vu le jour, \u00ab\u00a0Stranger Things \u2013 Suspicious Minds\u00a0\u00bb d\u00e9voile les \u00e9v\u00e9nements ant\u00e9rieurs \u00e0 la c\u00e9l\u00e8bre s\u00e9rie des fr\u00e8res Duffer. Il suit les p\u00e9rip\u00e9ties de la m\u00e8re de la jeune h\u00e9ro\u00efne, engag\u00e9e dans un effrayant programme de manipulation mentale.<\/p>\n","protected":false},"excerpt":{"rendered":"<p>\u00c9tudiante Terry s&rsquo;oppose au projet gouvernemental MK Ultra \u00e0 Hawkins, r\u00e9v\u00e9lant conspiration et pouvoirs surnaturels.<\/p>\n","protected":false},"featured_media":19165,"comment_status":"open","ping_status":"closed","template":"","meta":{"inline_featured_image":false},"product_cat":[204,199],"product_tag":[],"class_list":{"0":"post-19140","1":"product","2":"type-product","3":"status-publish","4":"has-post-thumbnail","6":"product_cat-francais","7":"product_cat-histoires","8":"pa_auteurs-gwenda-bond","10":"first","11":"instock","12":"shipping-taxable","13":"purchasable","14":"product-type-simple"},"_links":{"self":[{"href":"https:\/\/baralivres.ma\/index.php?rest_route=\/wp\/v2\/product\/19140","targetHints":{"allow":["GET"]}}],"collection":[{"href":"https:\/\/baralivres.ma\/index.php?rest_route=\/wp\/v2\/product"}],"about":[{"href":"https:\/\/baralivres.ma\/index.php?rest_route=\/wp\/v2\/types\/product"}],"replies":[{"embeddable":true,"href":"https:\/\/baralivres.ma\/index.php?rest_route=%2Fwp%2Fv2%2Fcomments&post=19140"}],"version-history":[{"count":1,"href":"https:\/\/baralivres.ma\/index.php?rest_route=\/wp\/v2\/product\/19140\/revisions"}],"predecessor-version":[{"id":19166,"href":"https:\/\/baralivres.ma\/index.php?rest_route=\/wp\/v2\/product\/19140\/revisions\/19166"}],"wp:featuredmedia":[{"embeddable":true,"href":"https:\/\/baralivres.ma\/index.php?rest_route=\/wp\/v2\/media\/19165"}],"wp:attachment":[{"href":"https:\/\/baralivres.ma\/index.php?rest_route=%2Fwp%2Fv2%2Fmedia&parent=19140"}],"wp:term":[{"taxonomy":"product_cat","embeddable":true,"href":"https:\/\/baralivres.ma\/index.php?rest_route=%2Fwp%2Fv2%2Fproduct_cat&post=19140"},{"taxonomy":"product_tag","embeddable":true,"href":"https:\/\/baralivres.ma\/index.php?rest_route=%2Fwp%2Fv2%2Fproduct_tag&post=19140"}],"curies":[{"name":"wp","href":"https:\/\/api.w.org\/{rel}","templated":true}]}}