{"id":19139,"date":"2023-11-10T11:26:36","date_gmt":"2023-11-10T10:26:36","guid":{"rendered":"https:\/\/baralivres.ma\/?post_type=product&#038;p=19139"},"modified":"2023-11-10T11:26:37","modified_gmt":"2023-11-10T10:26:37","slug":"scrupules","status":"publish","type":"product","link":"https:\/\/baralivres.ma\/?product=scrupules","title":{"rendered":"Scrupules"},"content":{"rendered":"<div class=\"flex-shrink-0 flex flex-col relative items-end\">\n<div>\n<div class=\"relative p-1 rounded-sm h-9 w-9 text-white flex items-center justify-center\">Une nuit tragique au lyc\u00e9e Saint Ambrose, dans le Massachusetts, bouleverse des vies \u00e0 jamais. Apr\u00e8s l&rsquo;arriv\u00e9e des premi\u00e8res \u00e9tudiantes, une f\u00eate d&rsquo;Halloween tourne au drame avec le viol pr\u00e9sum\u00e9 de Vivienne. Les t\u00e9moins gardent le silence, compliquant l&rsquo;enqu\u00eate. Les alliances se brisent, les personnalit\u00e9s se d\u00e9voilent, et la fronti\u00e8re entre mensonge et v\u00e9rit\u00e9 devient floue. Une histoire complexe de secrets et de choix moraux au sein de l&rsquo;\u00e9lite scolaire.<\/div>\n<\/div>\n<\/div>\n","protected":false},"excerpt":{"rendered":"<p>Violence \u00e0 Saint Ambrose, \u00e9lites scolaires. Viol pr\u00e9sum\u00e9, silence, choix moraux. Enqu\u00eate r\u00e9v\u00e8le v\u00e9rit\u00e9s et mensonges.<\/p>\n","protected":false},"featured_media":19141,"comment_status":"open","ping_status":"closed","template":"","meta":{"inline_featured_image":false},"product_cat":[204,143],"product_tag":[],"class_list":{"0":"post-19139","1":"product","2":"type-product","3":"status-publish","4":"has-post-thumbnail","6":"product_cat-francais","7":"product_cat-roman","8":"pa_auteurs-danielle-steel","10":"first","11":"instock","12":"shipping-taxable","13":"purchasable","14":"product-type-simple"},"_links":{"self":[{"href":"https:\/\/baralivres.ma\/index.php?rest_route=\/wp\/v2\/product\/19139","targetHints":{"allow":["GET"]}}],"collection":[{"href":"https:\/\/baralivres.ma\/index.php?rest_route=\/wp\/v2\/product"}],"about":[{"href":"https:\/\/baralivres.ma\/index.php?rest_route=\/wp\/v2\/types\/product"}],"replies":[{"embeddable":true,"href":"https:\/\/baralivres.ma\/index.php?rest_route=%2Fwp%2Fv2%2Fcomments&post=19139"}],"version-history":[{"count":1,"href":"https:\/\/baralivres.ma\/index.php?rest_route=\/wp\/v2\/product\/19139\/revisions"}],"predecessor-version":[{"id":19142,"href":"https:\/\/baralivres.ma\/index.php?rest_route=\/wp\/v2\/product\/19139\/revisions\/19142"}],"wp:featuredmedia":[{"embeddable":true,"href":"https:\/\/baralivres.ma\/index.php?rest_route=\/wp\/v2\/media\/19141"}],"wp:attachment":[{"href":"https:\/\/baralivres.ma\/index.php?rest_route=%2Fwp%2Fv2%2Fmedia&parent=19139"}],"wp:term":[{"taxonomy":"product_cat","embeddable":true,"href":"https:\/\/baralivres.ma\/index.php?rest_route=%2Fwp%2Fv2%2Fproduct_cat&post=19139"},{"taxonomy":"product_tag","embeddable":true,"href":"https:\/\/baralivres.ma\/index.php?rest_route=%2Fwp%2Fv2%2Fproduct_tag&post=19139"}],"curies":[{"name":"wp","href":"https:\/\/api.w.org\/{rel}","templated":true}]}}