{"id":19131,"date":"2023-11-10T11:19:20","date_gmt":"2023-11-10T10:19:20","guid":{"rendered":"https:\/\/baralivres.ma\/?post_type=product&#038;p=19131"},"modified":"2023-11-10T16:50:27","modified_gmt":"2023-11-10T15:50:27","slug":"19131","status":"publish","type":"product","link":"https:\/\/baralivres.ma\/?product=19131","title":{"rendered":"La Guerre Des Clans &#8211; Cycle III Tome 2 : La guerre des Clans cycle III Le pouvoir des \u00e9toiles &#8211; tome 2 Rivi\u00e8re noire"},"content":{"rendered":"<p>L&rsquo;\u00e8re de la Proph\u00e9tie des \u00c9toiles s&rsquo;annonce ! Nuage de Geai, Nuage de Lion, et Nuage de Houx, apprentis, font face \u00e0 des responsabilit\u00e9s et des choix d\u00e9licats. Nuage de Geai est tourment\u00e9 par des visions, Nuage de Lion \u00e9prouve une amiti\u00e9 interdite, tandis que Nuage de Houx pressent un conflit imminent entre les Clans du lac. Parviendront-ils \u00e0 \u00e9viter le sanglant affrontement sans l&rsquo;aide des leurs ?<\/p>\n","protected":false},"excerpt":{"rendered":"<p>Apprentis face \u00e0 des choix, visions troublantes, amiti\u00e9s interdites, conflit imminent entre Clans. \u00c9viter le drame ?<\/p>\n","protected":false},"featured_media":19132,"comment_status":"open","ping_status":"closed","template":"","meta":{"inline_featured_image":false},"product_cat":[204,199],"product_tag":[],"class_list":{"0":"post-19131","1":"product","2":"type-product","3":"status-publish","4":"has-post-thumbnail","6":"product_cat-francais","7":"product_cat-histoires","8":"pa_auteurs-erin-hunter","10":"first","11":"instock","12":"shipping-taxable","13":"purchasable","14":"product-type-simple"},"_links":{"self":[{"href":"https:\/\/baralivres.ma\/index.php?rest_route=\/wp\/v2\/product\/19131","targetHints":{"allow":["GET"]}}],"collection":[{"href":"https:\/\/baralivres.ma\/index.php?rest_route=\/wp\/v2\/product"}],"about":[{"href":"https:\/\/baralivres.ma\/index.php?rest_route=\/wp\/v2\/types\/product"}],"replies":[{"embeddable":true,"href":"https:\/\/baralivres.ma\/index.php?rest_route=%2Fwp%2Fv2%2Fcomments&post=19131"}],"version-history":[{"count":2,"href":"https:\/\/baralivres.ma\/index.php?rest_route=\/wp\/v2\/product\/19131\/revisions"}],"predecessor-version":[{"id":19136,"href":"https:\/\/baralivres.ma\/index.php?rest_route=\/wp\/v2\/product\/19131\/revisions\/19136"}],"wp:featuredmedia":[{"embeddable":true,"href":"https:\/\/baralivres.ma\/index.php?rest_route=\/wp\/v2\/media\/19132"}],"wp:attachment":[{"href":"https:\/\/baralivres.ma\/index.php?rest_route=%2Fwp%2Fv2%2Fmedia&parent=19131"}],"wp:term":[{"taxonomy":"product_cat","embeddable":true,"href":"https:\/\/baralivres.ma\/index.php?rest_route=%2Fwp%2Fv2%2Fproduct_cat&post=19131"},{"taxonomy":"product_tag","embeddable":true,"href":"https:\/\/baralivres.ma\/index.php?rest_route=%2Fwp%2Fv2%2Fproduct_tag&post=19131"}],"curies":[{"name":"wp","href":"https:\/\/api.w.org\/{rel}","templated":true}]}}