{"id":19122,"date":"2023-11-10T11:23:04","date_gmt":"2023-11-10T10:23:04","guid":{"rendered":"https:\/\/baralivres.ma\/?post_type=product&#038;p=19122"},"modified":"2023-11-10T11:23:04","modified_gmt":"2023-11-10T10:23:04","slug":"la-deraison","status":"publish","type":"product","link":"https:\/\/baralivres.ma\/?product=la-deraison","title":{"rendered":"La D\u00e9raison"},"content":{"rendered":"<p>Dans ce roman captivant, les voix de Madeleine et Joshua s&rsquo;entrem\u00ealent pour narrer leur histoire, r\u00e9v\u00e9lant les tourments, les d\u00e9mons, et surtout, l&rsquo;amour passionn\u00e9 qui les unit. Une exploration profonde des \u00e9motions, cet amour tant\u00f4t gu\u00e9risseur, tant\u00f4t destructeur, \u00e9voque la d\u00e9raison et le grandiose qui a transform\u00e9 Madeleine de mani\u00e8re irr\u00e9versible. Le r\u00e9cit expose la puissance des sentiments, montrant comment l&rsquo;amour peut inspirer, r\u00e9unir, mais aussi d\u00e9truire et s\u00e9parer. Une plong\u00e9e dans l&rsquo;intensit\u00e9 des relations humaines, o\u00f9 les protagonistes d\u00e9voilent leur vuln\u00e9rabilit\u00e9 et la complexit\u00e9 des liens qui les unissent.<\/p>\n","protected":false},"excerpt":{"rendered":"<p>Un r\u00e9cit exposant la force des \u00e9motions. Madeleine et Joshua partagent leur histoire, d\u00e9voilant l&rsquo;amour intense qui gu\u00e9rit et blesse.<\/p>\n","protected":false},"featured_media":19137,"comment_status":"open","ping_status":"closed","template":"","meta":{"inline_featured_image":false},"product_cat":[204,143],"product_tag":[],"class_list":{"0":"post-19122","1":"product","2":"type-product","3":"status-publish","4":"has-post-thumbnail","6":"product_cat-francais","7":"product_cat-roman","8":"pa_auteurs-agnes-martin-lugand","10":"first","11":"instock","12":"shipping-taxable","13":"purchasable","14":"product-type-simple"},"_links":{"self":[{"href":"https:\/\/baralivres.ma\/index.php?rest_route=\/wp\/v2\/product\/19122","targetHints":{"allow":["GET"]}}],"collection":[{"href":"https:\/\/baralivres.ma\/index.php?rest_route=\/wp\/v2\/product"}],"about":[{"href":"https:\/\/baralivres.ma\/index.php?rest_route=\/wp\/v2\/types\/product"}],"replies":[{"embeddable":true,"href":"https:\/\/baralivres.ma\/index.php?rest_route=%2Fwp%2Fv2%2Fcomments&post=19122"}],"version-history":[{"count":1,"href":"https:\/\/baralivres.ma\/index.php?rest_route=\/wp\/v2\/product\/19122\/revisions"}],"predecessor-version":[{"id":19138,"href":"https:\/\/baralivres.ma\/index.php?rest_route=\/wp\/v2\/product\/19122\/revisions\/19138"}],"wp:featuredmedia":[{"embeddable":true,"href":"https:\/\/baralivres.ma\/index.php?rest_route=\/wp\/v2\/media\/19137"}],"wp:attachment":[{"href":"https:\/\/baralivres.ma\/index.php?rest_route=%2Fwp%2Fv2%2Fmedia&parent=19122"}],"wp:term":[{"taxonomy":"product_cat","embeddable":true,"href":"https:\/\/baralivres.ma\/index.php?rest_route=%2Fwp%2Fv2%2Fproduct_cat&post=19122"},{"taxonomy":"product_tag","embeddable":true,"href":"https:\/\/baralivres.ma\/index.php?rest_route=%2Fwp%2Fv2%2Fproduct_tag&post=19122"}],"curies":[{"name":"wp","href":"https:\/\/api.w.org\/{rel}","templated":true}]}}