{"id":19115,"date":"2023-11-10T10:57:59","date_gmt":"2023-11-10T09:57:59","guid":{"rendered":"https:\/\/baralivres.ma\/?post_type=product&#038;p=19115"},"modified":"2025-04-17T15:28:06","modified_gmt":"2025-04-17T14:28:06","slug":"un-mal-pour-un-bien","status":"publish","type":"product","link":"https:\/\/baralivres.ma\/?product=un-mal-pour-un-bien","title":{"rendered":"Un mal pour un bien"},"content":{"rendered":"<p>Au cours d&rsquo;un stage artistique \u00e0 Paris, Isabelle McAvoy vit un \u00e9t\u00e9 idyllique avec un homme plus \u00e2g\u00e9. Apr\u00e8s une grossesse, leur liaison prend fin. \u00c0 New York, elle devient une artiste accomplie et \u00e9l\u00e8ve ses trois filles issues de diff\u00e9rentes unions. Des ann\u00e9es plus tard, alors que ses filles ont trac\u00e9 leur propre chemin, Isabelle doit affronter son pass\u00e9 et les secrets qui le hantent, ouvrant la voie \u00e0 une possible r\u00e9conciliation familiale.<\/p>\n","protected":false},"excerpt":{"rendered":"<p>Rencontre \u00e0 Paris, grossesse, rupture. Isabelle, artiste \u00e0 New York, r\u00e9unit ses filles, r\u00e9conciliant pass\u00e9 et avenir.<\/p>\n","protected":false},"featured_media":19119,"comment_status":"open","ping_status":"closed","template":"","meta":{"inline_featured_image":false},"product_cat":[3873,143],"product_tag":[],"class_list":{"0":"post-19115","1":"product","2":"type-product","3":"status-publish","4":"has-post-thumbnail","6":"product_cat-roman-en-francais","7":"product_cat-roman","8":"pa_auteurs-danielle-steel","10":"first","11":"instock","12":"shipping-taxable","13":"purchasable","14":"product-type-simple"},"_links":{"self":[{"href":"https:\/\/baralivres.ma\/index.php?rest_route=\/wp\/v2\/product\/19115","targetHints":{"allow":["GET"]}}],"collection":[{"href":"https:\/\/baralivres.ma\/index.php?rest_route=\/wp\/v2\/product"}],"about":[{"href":"https:\/\/baralivres.ma\/index.php?rest_route=\/wp\/v2\/types\/product"}],"replies":[{"embeddable":true,"href":"https:\/\/baralivres.ma\/index.php?rest_route=%2Fwp%2Fv2%2Fcomments&post=19115"}],"version-history":[{"count":1,"href":"https:\/\/baralivres.ma\/index.php?rest_route=\/wp\/v2\/product\/19115\/revisions"}],"predecessor-version":[{"id":19121,"href":"https:\/\/baralivres.ma\/index.php?rest_route=\/wp\/v2\/product\/19115\/revisions\/19121"}],"wp:featuredmedia":[{"embeddable":true,"href":"https:\/\/baralivres.ma\/index.php?rest_route=\/wp\/v2\/media\/19119"}],"wp:attachment":[{"href":"https:\/\/baralivres.ma\/index.php?rest_route=%2Fwp%2Fv2%2Fmedia&parent=19115"}],"wp:term":[{"taxonomy":"product_cat","embeddable":true,"href":"https:\/\/baralivres.ma\/index.php?rest_route=%2Fwp%2Fv2%2Fproduct_cat&post=19115"},{"taxonomy":"product_tag","embeddable":true,"href":"https:\/\/baralivres.ma\/index.php?rest_route=%2Fwp%2Fv2%2Fproduct_tag&post=19115"}],"curies":[{"name":"wp","href":"https:\/\/api.w.org\/{rel}","templated":true}]}}