{"id":19101,"date":"2023-11-10T10:38:25","date_gmt":"2023-11-10T09:38:25","guid":{"rendered":"https:\/\/baralivres.ma\/?post_type=product&#038;p=19101"},"modified":"2025-04-17T15:28:34","modified_gmt":"2025-04-17T14:28:34","slug":"la-duchesse","status":"publish","type":"product","link":"https:\/\/baralivres.ma\/?product=la-duchesse","title":{"rendered":"La Duchesse"},"content":{"rendered":"<div class=\"group w-full text-token-text-primary border-b border-black\/10 gizmo:border-0 dark:border-gray-900\/50 gizmo:dark:border-0 bg-gray-50 gizmo:bg-transparent dark:bg-[#444654] gizmo:dark:bg-transparent\" data-testid=\"conversation-turn-35\">\n<div class=\"p-4 gizmo:py-2 justify-center text-base md:gap-6 md:py-6 m-auto\">\n<div class=\"flex flex-1 gap-4 text-base mx-auto md:gap-6 gizmo:gap-3 gizmo:md:px-5 gizmo:lg:px-1 gizmo:xl:px-5 md:max-w-2xl lg:max-w-[38rem] gizmo:md:max-w-3xl gizmo:lg:max-w-[40rem] gizmo:xl:max-w-[48rem] xl:max-w-3xl }\">\n<div class=\"relative flex w-[calc(100%-50px)] flex-col gizmo:w-full lg:w-[calc(100%-115px)] agent-turn\">\n<div class=\"flex-col gap-1 md:gap-3\">\n<div class=\"flex flex-grow flex-col max-w-full gap-3 gizmo:gap-0\">\n<div class=\"min-h-[20px] text-message peer flex flex-col items-start gap-3 whitespace-pre-wrap break-words peer-[.text-message]:mt-5 overflow-x-auto\" data-message-author-role=\"assistant\" data-message-id=\"64711e18-dd27-4b3e-a547-5a14b704b928\">\n<div class=\"markdown prose w-full break-words dark:prose-invert light\">\n<p>Ang\u00e9lique Latham voit son monde s&rsquo;effondrer au d\u00e9c\u00e8s de son p\u00e8re, le duc de Westerfield, au ch\u00e2teau de Belgrave en Angleterre. Ses demi-fr\u00e8res l&rsquo;excluent du domaine, la laissant seule avec sa beaut\u00e9, son esprit vif, et un modeste p\u00e9cule. \u00c0 Paris, le hasard la met sur la route d&rsquo;une prostitu\u00e9e qu&rsquo;elle aide, d\u00e9clenchant une rencontre d\u00e9cisive. Ce moment marque un tournant dans la vie d&rsquo;Ang\u00e9lique, l&rsquo;entra\u00eenant sur des chemins impr\u00e9vus.<\/p>\n<p>Dans un XIXe si\u00e8cle marqu\u00e9 par la conservativit\u00e9, Ang\u00e9lique, femme libre et d\u00e9termin\u00e9e, refuse de se soumettre \u00e0 un monde fa\u00e7onn\u00e9 par et pour les hommes. Son parcours singulier et sa lutte pour la survie d\u00e9peignent une histoire captivante, o\u00f9 elle d\u00e9fie les conventions sociales pour tracer sa propre voie.<\/p>\n<\/div>\n<\/div>\n<\/div>\n<div class=\"flex justify-between empty:hidden gizmo:justify-start gizmo:gap-3 lg:block gizmo:lg:flex\">\n<div class=\"text-gray-400 flex self-end lg:self-center justify-center gizmo:lg:justify-start mt-2 gizmo:mt-0 visible lg:gap-1 lg:absolute lg:top-0 lg:translate-x-full lg:right-0 lg:mt-0 lg:pl-2 gap-2 md:gap-3\">\n<p>&nbsp;<\/p>\n<div class=\"flex gap-1\"><\/div>\n<\/div>\n<\/div>\n<\/div>\n<\/div>\n<\/div>\n<\/div>\n<\/div>\n","protected":false},"excerpt":{"rendered":"<p>Ang\u00e9lique Latham, \u00e9vinc\u00e9e du ch\u00e2teau de Belgrave \u00e0 la disparition de son p\u00e8re, trouve un destin impr\u00e9vu. \u00c0 Paris, sa rencontre avec une prostitu\u00e9e la propulse dans des circonstances in\u00e9dites. Dans un XIXe si\u00e8cle patriarcal, elle d\u00e9fie les normes pour survivre.<\/p>\n","protected":false},"featured_media":19103,"comment_status":"open","ping_status":"closed","template":"","meta":{"inline_featured_image":false},"product_cat":[3873,143],"product_tag":[],"class_list":{"0":"post-19101","1":"product","2":"type-product","3":"status-publish","4":"has-post-thumbnail","6":"product_cat-roman-en-francais","7":"product_cat-roman","8":"pa_auteurs-danielle-steel","10":"first","11":"instock","12":"shipping-taxable","13":"purchasable","14":"product-type-simple"},"_links":{"self":[{"href":"https:\/\/baralivres.ma\/index.php?rest_route=\/wp\/v2\/product\/19101","targetHints":{"allow":["GET"]}}],"collection":[{"href":"https:\/\/baralivres.ma\/index.php?rest_route=\/wp\/v2\/product"}],"about":[{"href":"https:\/\/baralivres.ma\/index.php?rest_route=\/wp\/v2\/types\/product"}],"replies":[{"embeddable":true,"href":"https:\/\/baralivres.ma\/index.php?rest_route=%2Fwp%2Fv2%2Fcomments&post=19101"}],"version-history":[{"count":2,"href":"https:\/\/baralivres.ma\/index.php?rest_route=\/wp\/v2\/product\/19101\/revisions"}],"predecessor-version":[{"id":19108,"href":"https:\/\/baralivres.ma\/index.php?rest_route=\/wp\/v2\/product\/19101\/revisions\/19108"}],"wp:featuredmedia":[{"embeddable":true,"href":"https:\/\/baralivres.ma\/index.php?rest_route=\/wp\/v2\/media\/19103"}],"wp:attachment":[{"href":"https:\/\/baralivres.ma\/index.php?rest_route=%2Fwp%2Fv2%2Fmedia&parent=19101"}],"wp:term":[{"taxonomy":"product_cat","embeddable":true,"href":"https:\/\/baralivres.ma\/index.php?rest_route=%2Fwp%2Fv2%2Fproduct_cat&post=19101"},{"taxonomy":"product_tag","embeddable":true,"href":"https:\/\/baralivres.ma\/index.php?rest_route=%2Fwp%2Fv2%2Fproduct_tag&post=19101"}],"curies":[{"name":"wp","href":"https:\/\/api.w.org\/{rel}","templated":true}]}}