{"id":19095,"date":"2023-11-10T10:20:05","date_gmt":"2023-11-10T09:20:05","guid":{"rendered":"https:\/\/baralivres.ma\/?post_type=product&#038;p=19095"},"modified":"2025-04-17T15:29:04","modified_gmt":"2025-04-17T14:29:04","slug":"la-planete-des-singes-la-planete-des-singes","status":"publish","type":"product","link":"https:\/\/baralivres.ma\/?product=la-planete-des-singes-la-planete-des-singes","title":{"rendered":"La Plan\u00e8te des Singes &#8211; : La plan\u00e8te des singes"},"content":{"rendered":"<p>Le professeur Antelle, Arthur Levain, et le journaliste Ulysse M\u00e9rou s&rsquo;interrogent sur la vie extraterrestre. En explorant une plan\u00e8te pr\u00e8s de B\u00e9telgeuse, ils d\u00e9couvrent des similitudes \u00e9tonnantes avec la Terre. Pos\u00e9s sur la plan\u00e8te, ils constatent que des singes y habitent et subissent des exp\u00e9riences. Ulysse M\u00e9rou doit prouver son humanit\u00e9 face \u00e0 ces singes.<\/p>\n","protected":false},"excerpt":{"rendered":"<p>Exploration spatiale vers B\u00e9telgeuse, d\u00e9couverte de singes habitants, Ulysse M\u00e9rou confront\u00e9 \u00e0 des exp\u00e9riences.<\/p>\n","protected":false},"featured_media":19096,"comment_status":"open","ping_status":"closed","template":"","meta":{"inline_featured_image":false},"product_cat":[3873,143],"product_tag":[],"class_list":{"0":"post-19095","1":"product","2":"type-product","3":"status-publish","4":"has-post-thumbnail","6":"product_cat-roman-en-francais","7":"product_cat-roman","8":"pa_auteurs-pierre-boulle","10":"first","11":"instock","12":"shipping-taxable","13":"purchasable","14":"product-type-simple"},"_links":{"self":[{"href":"https:\/\/baralivres.ma\/index.php?rest_route=\/wp\/v2\/product\/19095","targetHints":{"allow":["GET"]}}],"collection":[{"href":"https:\/\/baralivres.ma\/index.php?rest_route=\/wp\/v2\/product"}],"about":[{"href":"https:\/\/baralivres.ma\/index.php?rest_route=\/wp\/v2\/types\/product"}],"replies":[{"embeddable":true,"href":"https:\/\/baralivres.ma\/index.php?rest_route=%2Fwp%2Fv2%2Fcomments&post=19095"}],"version-history":[{"count":1,"href":"https:\/\/baralivres.ma\/index.php?rest_route=\/wp\/v2\/product\/19095\/revisions"}],"predecessor-version":[{"id":19097,"href":"https:\/\/baralivres.ma\/index.php?rest_route=\/wp\/v2\/product\/19095\/revisions\/19097"}],"wp:featuredmedia":[{"embeddable":true,"href":"https:\/\/baralivres.ma\/index.php?rest_route=\/wp\/v2\/media\/19096"}],"wp:attachment":[{"href":"https:\/\/baralivres.ma\/index.php?rest_route=%2Fwp%2Fv2%2Fmedia&parent=19095"}],"wp:term":[{"taxonomy":"product_cat","embeddable":true,"href":"https:\/\/baralivres.ma\/index.php?rest_route=%2Fwp%2Fv2%2Fproduct_cat&post=19095"},{"taxonomy":"product_tag","embeddable":true,"href":"https:\/\/baralivres.ma\/index.php?rest_route=%2Fwp%2Fv2%2Fproduct_tag&post=19095"}],"curies":[{"name":"wp","href":"https:\/\/api.w.org\/{rel}","templated":true}]}}