{"id":19092,"date":"2023-11-10T10:07:26","date_gmt":"2023-11-10T09:07:26","guid":{"rendered":"https:\/\/baralivres.ma\/?post_type=product&#038;p=19092"},"modified":"2025-04-17T15:29:25","modified_gmt":"2025-04-17T14:29:25","slug":"ugly-love","status":"publish","type":"product","link":"https:\/\/baralivres.ma\/?product=ugly-love","title":{"rendered":"Ugly Love"},"content":{"rendered":"<p>Tate, 23 ans, s&rsquo;installe chez son fr\u00e8re \u00e0 San Francisco. Sa rencontre fortuite avec Miles, le voisin, d\u00e9clenche une attirance instantan\u00e9e. Bien que le pilote s\u00e9duisant refuse tout engagement, leur liaison passionn\u00e9e, r\u00e9gie par deux r\u00e8gles strictes de Miles, se d\u00e9ploie. Le pass\u00e9 tabou et l&rsquo;absence d&rsquo;attentes futures caract\u00e9risent leur arrangement. Cependant, le c\u0153ur peut-il ob\u00e9ir \u00e0 d&rsquo;autres r\u00e8gles que les leurs ? L&rsquo;amour, m\u00eame face \u00e0 l&rsquo;incertitude, triomphera-t-il de leurs r\u00e9solutions ?<\/p>\n","protected":false},"excerpt":{"rendered":"<p>Tate s\u00e9duit Miles \u00e0 San Francisco malgr\u00e9 ses r\u00e8gles strictes, d\u00e9clenchant une liaison intense et complexe.<\/p>\n","protected":false},"featured_media":19093,"comment_status":"open","ping_status":"closed","template":"","meta":{"inline_featured_image":false},"product_cat":[3873,3674,68,143],"product_tag":[],"class_list":{"0":"post-19092","1":"product","2":"type-product","3":"status-publish","4":"has-post-thumbnail","6":"product_cat-roman-en-francais","7":"product_cat-best-s","8":"product_cat-romance","9":"product_cat-roman","10":"pa_auteurs-colleen-hoover","12":"first","13":"instock","14":"shipping-taxable","15":"purchasable","16":"product-type-simple"},"_links":{"self":[{"href":"https:\/\/baralivres.ma\/index.php?rest_route=\/wp\/v2\/product\/19092","targetHints":{"allow":["GET"]}}],"collection":[{"href":"https:\/\/baralivres.ma\/index.php?rest_route=\/wp\/v2\/product"}],"about":[{"href":"https:\/\/baralivres.ma\/index.php?rest_route=\/wp\/v2\/types\/product"}],"replies":[{"embeddable":true,"href":"https:\/\/baralivres.ma\/index.php?rest_route=%2Fwp%2Fv2%2Fcomments&post=19092"}],"version-history":[{"count":1,"href":"https:\/\/baralivres.ma\/index.php?rest_route=\/wp\/v2\/product\/19092\/revisions"}],"predecessor-version":[{"id":19094,"href":"https:\/\/baralivres.ma\/index.php?rest_route=\/wp\/v2\/product\/19092\/revisions\/19094"}],"wp:featuredmedia":[{"embeddable":true,"href":"https:\/\/baralivres.ma\/index.php?rest_route=\/wp\/v2\/media\/19093"}],"wp:attachment":[{"href":"https:\/\/baralivres.ma\/index.php?rest_route=%2Fwp%2Fv2%2Fmedia&parent=19092"}],"wp:term":[{"taxonomy":"product_cat","embeddable":true,"href":"https:\/\/baralivres.ma\/index.php?rest_route=%2Fwp%2Fv2%2Fproduct_cat&post=19092"},{"taxonomy":"product_tag","embeddable":true,"href":"https:\/\/baralivres.ma\/index.php?rest_route=%2Fwp%2Fv2%2Fproduct_tag&post=19092"}],"curies":[{"name":"wp","href":"https:\/\/api.w.org\/{rel}","templated":true}]}}