{"id":19086,"date":"2023-11-10T09:57:55","date_gmt":"2023-11-10T08:57:55","guid":{"rendered":"https:\/\/baralivres.ma\/?post_type=product&#038;p=19086"},"modified":"2025-04-17T15:29:55","modified_gmt":"2025-04-17T14:29:55","slug":"glace-2","status":"publish","type":"product","link":"https:\/\/baralivres.ma\/?product=glace-2","title":{"rendered":"Glac\u00e9"},"content":{"rendered":"<p>Au c\u0153ur des Pyr\u00e9n\u00e9es, un matin glacial de d\u00e9cembre, le cadavre sans t\u00eate d&rsquo;un cheval intrigue. Simultan\u00e9ment, une psychologue d\u00e9bute au centre psychiatrique dominant la vall\u00e9e. Le commandant Servaz, flic \u00e0 l&rsquo;intuition fine et hypocondriaque, est charg\u00e9 de cette enqu\u00eate singuli\u00e8re, marquant l&rsquo;apog\u00e9e de sa carri\u00e8re.<\/p>\n<p>\u00ab\u00a0Retenez le nom de Bernard Minier\u00a0\u00bb, souligne Le Figaro litt\u00e9raire. Dans ce thriller intense, aucune pause n&rsquo;est accord\u00e9e, pour les personnages comme pour les lecteurs, une r\u00e9ussite salu\u00e9e par Le Point. R\u00e9compens\u00e9 du prix du meilleur roman francophone au Festival polar de Cognac.<\/p>\n","protected":false},"excerpt":{"rendered":"<p>Meurtre \u00e9nigmatique d&rsquo;un cheval, nouvelle psychologue, enqu\u00eate intrigante du commandant Servaz, thriller pyr\u00e9n\u00e9en prim\u00e9.<\/p>\n","protected":false},"featured_media":19087,"comment_status":"open","ping_status":"closed","template":"","meta":{"inline_featured_image":false},"product_cat":[3873,143],"product_tag":[],"class_list":{"0":"post-19086","1":"product","2":"type-product","3":"status-publish","4":"has-post-thumbnail","6":"product_cat-roman-en-francais","7":"product_cat-roman","8":"pa_auteurs-bernard-minier","10":"first","11":"instock","12":"shipping-taxable","13":"purchasable","14":"product-type-simple"},"_links":{"self":[{"href":"https:\/\/baralivres.ma\/index.php?rest_route=\/wp\/v2\/product\/19086","targetHints":{"allow":["GET"]}}],"collection":[{"href":"https:\/\/baralivres.ma\/index.php?rest_route=\/wp\/v2\/product"}],"about":[{"href":"https:\/\/baralivres.ma\/index.php?rest_route=\/wp\/v2\/types\/product"}],"replies":[{"embeddable":true,"href":"https:\/\/baralivres.ma\/index.php?rest_route=%2Fwp%2Fv2%2Fcomments&post=19086"}],"version-history":[{"count":1,"href":"https:\/\/baralivres.ma\/index.php?rest_route=\/wp\/v2\/product\/19086\/revisions"}],"predecessor-version":[{"id":19088,"href":"https:\/\/baralivres.ma\/index.php?rest_route=\/wp\/v2\/product\/19086\/revisions\/19088"}],"wp:featuredmedia":[{"embeddable":true,"href":"https:\/\/baralivres.ma\/index.php?rest_route=\/wp\/v2\/media\/19087"}],"wp:attachment":[{"href":"https:\/\/baralivres.ma\/index.php?rest_route=%2Fwp%2Fv2%2Fmedia&parent=19086"}],"wp:term":[{"taxonomy":"product_cat","embeddable":true,"href":"https:\/\/baralivres.ma\/index.php?rest_route=%2Fwp%2Fv2%2Fproduct_cat&post=19086"},{"taxonomy":"product_tag","embeddable":true,"href":"https:\/\/baralivres.ma\/index.php?rest_route=%2Fwp%2Fv2%2Fproduct_tag&post=19086"}],"curies":[{"name":"wp","href":"https:\/\/api.w.org\/{rel}","templated":true}]}}