{"id":19073,"date":"2023-11-10T02:14:55","date_gmt":"2023-11-10T01:14:55","guid":{"rendered":"https:\/\/baralivres.ma\/?post_type=product&#038;p=19073"},"modified":"2024-11-27T15:30:06","modified_gmt":"2024-11-27T14:30:06","slug":"gardiens-des-cites-perdues-tome-02-exil","status":"publish","type":"product","link":"https:\/\/baralivres.ma\/?product=gardiens-des-cites-perdues-tome-02-exil","title":{"rendered":"Gardiens des cit\u00e9s perdues &#8211; tome 02 : Exil"},"content":{"rendered":"<p>Depuis son d\u00e9part de chez sa famille pour s&rsquo;installer parmi les elfes, Sophie est devenue le centre de toutes les attentions&#8230; et le tumulte provoqu\u00e9 par son enl\u00e8vement n&rsquo;a fait qu&rsquo;aggraver la situation ! La jeune t\u00e9l\u00e9pathe fait alors une d\u00e9couverte exceptionnelle : elle se retrouve nez \u00e0 nez avec une alicorne, cette cr\u00e9ature l\u00e9gendaire, symbole d&rsquo;espoir pour les elfes. Pourra-t-elle calmer les esprits agit\u00e9s ? Rien n&rsquo;est garanti, car bient\u00f4t Sophie devra prendre un risque immense pour sauver un \u00eatre cher d&rsquo;une mort in\u00e9vitable&#8230;<\/p>\n","protected":false},"excerpt":{"rendered":"<p>Sophie, vivant parmi les elfes, d\u00e9couvre une alicorne, mais doit risquer tout pour sauver un proche.<\/p>\n","protected":false},"featured_media":19074,"comment_status":"open","ping_status":"closed","template":"","meta":{"inline_featured_image":false},"product_cat":[203,204],"product_tag":[],"class_list":{"0":"post-19073","1":"product","2":"type-product","3":"status-publish","4":"has-post-thumbnail","6":"product_cat-adolescente","7":"product_cat-francais","8":"pa_auteurs-shannon-messenger","10":"first","11":"instock","12":"shipping-taxable","13":"purchasable","14":"product-type-simple"},"_links":{"self":[{"href":"https:\/\/baralivres.ma\/index.php?rest_route=\/wp\/v2\/product\/19073","targetHints":{"allow":["GET"]}}],"collection":[{"href":"https:\/\/baralivres.ma\/index.php?rest_route=\/wp\/v2\/product"}],"about":[{"href":"https:\/\/baralivres.ma\/index.php?rest_route=\/wp\/v2\/types\/product"}],"replies":[{"embeddable":true,"href":"https:\/\/baralivres.ma\/index.php?rest_route=%2Fwp%2Fv2%2Fcomments&post=19073"}],"version-history":[{"count":1,"href":"https:\/\/baralivres.ma\/index.php?rest_route=\/wp\/v2\/product\/19073\/revisions"}],"predecessor-version":[{"id":19075,"href":"https:\/\/baralivres.ma\/index.php?rest_route=\/wp\/v2\/product\/19073\/revisions\/19075"}],"wp:featuredmedia":[{"embeddable":true,"href":"https:\/\/baralivres.ma\/index.php?rest_route=\/wp\/v2\/media\/19074"}],"wp:attachment":[{"href":"https:\/\/baralivres.ma\/index.php?rest_route=%2Fwp%2Fv2%2Fmedia&parent=19073"}],"wp:term":[{"taxonomy":"product_cat","embeddable":true,"href":"https:\/\/baralivres.ma\/index.php?rest_route=%2Fwp%2Fv2%2Fproduct_cat&post=19073"},{"taxonomy":"product_tag","embeddable":true,"href":"https:\/\/baralivres.ma\/index.php?rest_route=%2Fwp%2Fv2%2Fproduct_tag&post=19073"}],"curies":[{"name":"wp","href":"https:\/\/api.w.org\/{rel}","templated":true}]}}