{"id":19069,"date":"2023-11-10T02:11:53","date_gmt":"2023-11-10T01:11:53","guid":{"rendered":"https:\/\/baralivres.ma\/?post_type=product&#038;p=19069"},"modified":"2024-11-27T15:30:38","modified_gmt":"2024-11-27T14:30:38","slug":"gardiens-des-cites-perdues-tome-01","status":"publish","type":"product","link":"https:\/\/baralivres.ma\/?product=gardiens-des-cites-perdues-tome-01","title":{"rendered":"Gardiens des cit\u00e9s perdues &#8211; tome 01"},"content":{"rendered":"<p>Avez-vous d\u00e9j\u00e0 fantasm\u00e9 sur un voyage \u00e0 l&rsquo;Atlantide ou \u00e0 la l\u00e9gendaire cit\u00e9 de Shangri-la ? Suivez-moi ! Sophie a toujours su qu&rsquo;elle \u00e9tait diff\u00e9rente. Depuis son enfance, elle \u00e9tait capable d&rsquo;entendre les pens\u00e9es des personnes qui l&rsquo;entouraient. Un jour, un myst\u00e9rieux gar\u00e7on s&rsquo;approche d&rsquo;elle et lui r\u00e9v\u00e8le qu&rsquo;elle n&rsquo;est pas de ce monde, qu&rsquo;elle doit retourner dans son v\u00e9ritable univers, qu&rsquo;elle a quitt\u00e9 il y a douze ans. De retour parmi les siens, une question la hante : pourquoi a-t-elle \u00e9t\u00e9 dissimul\u00e9e dans le monde des humains pendant si longtemps ?<\/p>\n","protected":false},"excerpt":{"rendered":"<p>Sophie, qui entend les pens\u00e9es, d\u00e9couvre qu&rsquo;elle est d&rsquo;un autre monde et cherche pourquoi elle fut cach\u00e9e.<\/p>\n","protected":false},"featured_media":19070,"comment_status":"open","ping_status":"closed","template":"","meta":{"inline_featured_image":false},"product_cat":[203,204],"product_tag":[],"class_list":{"0":"post-19069","1":"product","2":"type-product","3":"status-publish","4":"has-post-thumbnail","6":"product_cat-adolescente","7":"product_cat-francais","8":"pa_auteurs-shannon-messenger","10":"first","11":"instock","12":"shipping-taxable","13":"purchasable","14":"product-type-simple"},"_links":{"self":[{"href":"https:\/\/baralivres.ma\/index.php?rest_route=\/wp\/v2\/product\/19069","targetHints":{"allow":["GET"]}}],"collection":[{"href":"https:\/\/baralivres.ma\/index.php?rest_route=\/wp\/v2\/product"}],"about":[{"href":"https:\/\/baralivres.ma\/index.php?rest_route=\/wp\/v2\/types\/product"}],"replies":[{"embeddable":true,"href":"https:\/\/baralivres.ma\/index.php?rest_route=%2Fwp%2Fv2%2Fcomments&post=19069"}],"version-history":[{"count":2,"href":"https:\/\/baralivres.ma\/index.php?rest_route=\/wp\/v2\/product\/19069\/revisions"}],"predecessor-version":[{"id":19072,"href":"https:\/\/baralivres.ma\/index.php?rest_route=\/wp\/v2\/product\/19069\/revisions\/19072"}],"wp:featuredmedia":[{"embeddable":true,"href":"https:\/\/baralivres.ma\/index.php?rest_route=\/wp\/v2\/media\/19070"}],"wp:attachment":[{"href":"https:\/\/baralivres.ma\/index.php?rest_route=%2Fwp%2Fv2%2Fmedia&parent=19069"}],"wp:term":[{"taxonomy":"product_cat","embeddable":true,"href":"https:\/\/baralivres.ma\/index.php?rest_route=%2Fwp%2Fv2%2Fproduct_cat&post=19069"},{"taxonomy":"product_tag","embeddable":true,"href":"https:\/\/baralivres.ma\/index.php?rest_route=%2Fwp%2Fv2%2Fproduct_tag&post=19069"}],"curies":[{"name":"wp","href":"https:\/\/api.w.org\/{rel}","templated":true}]}}