{"id":19066,"date":"2023-11-10T02:07:31","date_gmt":"2023-11-10T01:07:31","guid":{"rendered":"https:\/\/baralivres.ma\/?post_type=product&#038;p=19066"},"modified":"2024-11-27T15:31:02","modified_gmt":"2024-11-27T14:31:02","slug":"la-fiancee-tome-01","status":"publish","type":"product","link":"https:\/\/baralivres.ma\/?product=la-fiancee-tome-01","title":{"rendered":"La Fianc\u00e9e &#8211; tome 01"},"content":{"rendered":"<p>Le roi a fait son choix, mais son c\u0153ur appartient \u00e0 un autre. Hollis Brite a grandi \u00e0 la cour de Coroa, r\u00eavant, bien que sceptique, de captiver l&rsquo;attention de Jameson, le jeune et s\u00e9duisant roi r\u00e9put\u00e9 pour ses nombreuses conqu\u00eates. Cependant, un jour, c&rsquo;est elle qui r\u00e9ussit \u00e0 le charmer.<\/p>\n<p>Mais alors que Jameson s&rsquo;appr\u00eate \u00e0 annoncer leurs prochaines noces, l&rsquo;arriv\u00e9e d&rsquo;un jeune noble d&rsquo;un royaume voisin change la donne. Attentionn\u00e9 et perspicace, il semble comprendre Hollis mieux que quiconque avant lui. L&rsquo;avenir radieux autrefois promis \u00e0 la jeune fille devient tout \u00e0 coup incertain : renoncera-t-elle \u00e0 un destin royal, m\u00eame si cela signifie s&rsquo;\u00e9loigner de tout ce qu&rsquo;elle a toujours connu ?<\/p>\n","protected":false},"excerpt":{"rendered":"<p>Choisie par le roi, Hollis aime un autre homme, un noble voisin, remettant en question son destin royal.<\/p>\n","protected":false},"featured_media":19067,"comment_status":"open","ping_status":"closed","template":"","meta":{"inline_featured_image":false},"product_cat":[203,204],"product_tag":[],"class_list":{"0":"post-19066","1":"product","2":"type-product","3":"status-publish","4":"has-post-thumbnail","6":"product_cat-adolescente","7":"product_cat-francais","8":"pa_auteurs-kiera-cass","10":"first","11":"instock","12":"shipping-taxable","13":"purchasable","14":"product-type-simple"},"_links":{"self":[{"href":"https:\/\/baralivres.ma\/index.php?rest_route=\/wp\/v2\/product\/19066","targetHints":{"allow":["GET"]}}],"collection":[{"href":"https:\/\/baralivres.ma\/index.php?rest_route=\/wp\/v2\/product"}],"about":[{"href":"https:\/\/baralivres.ma\/index.php?rest_route=\/wp\/v2\/types\/product"}],"replies":[{"embeddable":true,"href":"https:\/\/baralivres.ma\/index.php?rest_route=%2Fwp%2Fv2%2Fcomments&post=19066"}],"version-history":[{"count":1,"href":"https:\/\/baralivres.ma\/index.php?rest_route=\/wp\/v2\/product\/19066\/revisions"}],"predecessor-version":[{"id":19068,"href":"https:\/\/baralivres.ma\/index.php?rest_route=\/wp\/v2\/product\/19066\/revisions\/19068"}],"wp:featuredmedia":[{"embeddable":true,"href":"https:\/\/baralivres.ma\/index.php?rest_route=\/wp\/v2\/media\/19067"}],"wp:attachment":[{"href":"https:\/\/baralivres.ma\/index.php?rest_route=%2Fwp%2Fv2%2Fmedia&parent=19066"}],"wp:term":[{"taxonomy":"product_cat","embeddable":true,"href":"https:\/\/baralivres.ma\/index.php?rest_route=%2Fwp%2Fv2%2Fproduct_cat&post=19066"},{"taxonomy":"product_tag","embeddable":true,"href":"https:\/\/baralivres.ma\/index.php?rest_route=%2Fwp%2Fv2%2Fproduct_tag&post=19066"}],"curies":[{"name":"wp","href":"https:\/\/api.w.org\/{rel}","templated":true}]}}