{"id":19061,"date":"2023-11-10T01:57:54","date_gmt":"2023-11-10T00:57:54","guid":{"rendered":"https:\/\/baralivres.ma\/?post_type=product&#038;p=19061"},"modified":"2024-11-27T15:31:25","modified_gmt":"2024-11-27T14:31:25","slug":"lenfant-ocean","status":"publish","type":"product","link":"https:\/\/baralivres.ma\/?product=lenfant-ocean","title":{"rendered":"L&rsquo;enfant Oc\u00e9an"},"content":{"rendered":"<p>Sept fr\u00e8res, tous jumeaux, sont r\u00e9veill\u00e9s par Yann en pleine nuit apr\u00e8s que leur p\u00e8re a prof\u00e9r\u00e9 des menaces de mort \u00e0 leur encontre. Ils ressentent une irr\u00e9sistible attraction envers l&rsquo;Oc\u00e9an et d\u00e9cident de fuir vers l&rsquo;ouest. Le r\u00e9cit de leur aventure est pr\u00e9sent\u00e9 \u00e0 travers les t\u00e9moignages de 21 narrateurs, allant de l&rsquo;assistante sociale \u00e0 un routier qui les prend en auto-stop, du gendarme alert\u00e9 de leur disparition \u00e0 une boulang\u00e8re qui leur offre du pain. Chacun apporte sa propre perspective pour raconter une partie de cette extraordinaire exp\u00e9dition.<\/p>\n","protected":false},"excerpt":{"rendered":"<p>Sept fr\u00e8res fuient leur p\u00e8re mena\u00e7ant, marchant vers l&rsquo;Oc\u00e9an, 21 narrateurs relatent leur incroyable p\u00e9riple.<\/p>\n","protected":false},"featured_media":19063,"comment_status":"open","ping_status":"closed","template":"","meta":{"inline_featured_image":false},"product_cat":[203,204],"product_tag":[],"class_list":{"0":"post-19061","1":"product","2":"type-product","3":"status-publish","4":"has-post-thumbnail","6":"product_cat-adolescente","7":"product_cat-francais","8":"pa_auteurs-jean-claude-mourlevat","10":"first","11":"instock","12":"shipping-taxable","13":"purchasable","14":"product-type-simple"},"_links":{"self":[{"href":"https:\/\/baralivres.ma\/index.php?rest_route=\/wp\/v2\/product\/19061","targetHints":{"allow":["GET"]}}],"collection":[{"href":"https:\/\/baralivres.ma\/index.php?rest_route=\/wp\/v2\/product"}],"about":[{"href":"https:\/\/baralivres.ma\/index.php?rest_route=\/wp\/v2\/types\/product"}],"replies":[{"embeddable":true,"href":"https:\/\/baralivres.ma\/index.php?rest_route=%2Fwp%2Fv2%2Fcomments&post=19061"}],"version-history":[{"count":1,"href":"https:\/\/baralivres.ma\/index.php?rest_route=\/wp\/v2\/product\/19061\/revisions"}],"predecessor-version":[{"id":19065,"href":"https:\/\/baralivres.ma\/index.php?rest_route=\/wp\/v2\/product\/19061\/revisions\/19065"}],"wp:featuredmedia":[{"embeddable":true,"href":"https:\/\/baralivres.ma\/index.php?rest_route=\/wp\/v2\/media\/19063"}],"wp:attachment":[{"href":"https:\/\/baralivres.ma\/index.php?rest_route=%2Fwp%2Fv2%2Fmedia&parent=19061"}],"wp:term":[{"taxonomy":"product_cat","embeddable":true,"href":"https:\/\/baralivres.ma\/index.php?rest_route=%2Fwp%2Fv2%2Fproduct_cat&post=19061"},{"taxonomy":"product_tag","embeddable":true,"href":"https:\/\/baralivres.ma\/index.php?rest_route=%2Fwp%2Fv2%2Fproduct_tag&post=19061"}],"curies":[{"name":"wp","href":"https:\/\/api.w.org\/{rel}","templated":true}]}}