{"id":19042,"date":"2023-11-10T00:52:12","date_gmt":"2023-11-09T23:52:12","guid":{"rendered":"https:\/\/baralivres.ma\/?post_type=product&#038;p=19042"},"modified":"2024-11-27T15:34:33","modified_gmt":"2024-11-27T14:34:33","slug":"lecole-du-bien-et-du-mal-tome-01","status":"publish","type":"product","link":"https:\/\/baralivres.ma\/?product=lecole-du-bien-et-du-mal-tome-01","title":{"rendered":"L&rsquo;\u00e9cole du bien et du mal &#8211; tome 01"},"content":{"rendered":"<p>Prenez des personnages bienveillants, des antagonistes, peut-\u00eatre un prince charmant ou deux, m\u00e9langez-les, bouleversez les r\u00f4les, et vous obtiendrez une version revisit\u00e9e, amusante, et dynamique d&rsquo;un conte de f\u00e9es qui vous garantit un bonheur \u00e9ternel !<\/p>\n<p>Dans une nuit sombre et orageuse, Sophie et Agatha sont enlev\u00e9es et se retrouvent \u00e0 l&rsquo;\u00c9cole du Bien et du Mal, un endroit tr\u00e8s particulier o\u00f9 les personnages des contes de f\u00e9es sont form\u00e9s. Sophie, avec ses pantoufles de verre et sa chevelure blonde soyeuse, est convaincue qu&rsquo;elle sera une princesse. Pendant ce temps, Agatha, cynique et solitaire, habill\u00e9e en noir, s&rsquo;attend \u00e0 devenir une sorci\u00e8re. Cependant, rien ne se d\u00e9roule comme pr\u00e9vu&#8230; Et si, derri\u00e8re les apparences, se cachait leur v\u00e9ritable nature ?<\/p>\n","protected":false},"excerpt":{"rendered":"<div class=\"group w-full text-token-text-primary border-b border-black\/10 gizmo:border-0 dark:border-gray-900\/50 gizmo:dark:border-0 bg-gray-50 gizmo:bg-transparent dark:bg-[#444654] gizmo:dark:bg-transparent\" data-testid=\"conversation-turn-5\">\n<div class=\"p-4 gizmo:py-2 justify-center text-base md:gap-6 md:py-6 m-auto\">\n<div class=\"flex flex-1 gap-4 text-base mx-auto md:gap-6 gizmo:gap-3 gizmo:md:px-5 gizmo:lg:px-1 gizmo:xl:px-5 md:max-w-2xl lg:max-w-[38rem] gizmo:md:max-w-3xl gizmo:lg:max-w-[40rem] gizmo:xl:max-w-[48rem] xl:max-w-3xl }\">\n<div class=\"relative flex w-[calc(100%-50px)] flex-col gizmo:w-full lg:w-[calc(100%-115px)] agent-turn\">\n<div class=\"flex-col gap-1 md:gap-3\">\n<div class=\"flex flex-grow flex-col max-w-full gap-3 gizmo:gap-0\">\n<div class=\"min-h-[20px] text-message peer flex flex-col items-start gap-3 whitespace-pre-wrap break-words peer-[.text-message]:mt-5 overflow-x-auto\" data-message-author-role=\"assistant\" data-message-id=\"a7202a4e-90fb-4b9a-9a13-4243a1b5eee1\">\n<div class=\"markdown prose w-full break-words dark:prose-invert dark\">\n<p>Deux filles, Sophie et Agatha, aux attentes contraires, d\u00e9couvrent un monde magique o\u00f9 les r\u00f4les sont invers\u00e9s.<\/p>\n<\/div>\n<\/div>\n<\/div>\n<\/div>\n<\/div>\n<\/div>\n<\/div>\n<\/div>\n","protected":false},"featured_media":19043,"comment_status":"open","ping_status":"closed","template":"","meta":{"inline_featured_image":false},"product_cat":[203,204],"product_tag":[],"class_list":{"0":"post-19042","1":"product","2":"type-product","3":"status-publish","4":"has-post-thumbnail","6":"product_cat-adolescente","7":"product_cat-francais","8":"pa_auteurs-soman-chainani","10":"first","11":"instock","12":"shipping-taxable","13":"purchasable","14":"product-type-simple"},"_links":{"self":[{"href":"https:\/\/baralivres.ma\/index.php?rest_route=\/wp\/v2\/product\/19042","targetHints":{"allow":["GET"]}}],"collection":[{"href":"https:\/\/baralivres.ma\/index.php?rest_route=\/wp\/v2\/product"}],"about":[{"href":"https:\/\/baralivres.ma\/index.php?rest_route=\/wp\/v2\/types\/product"}],"replies":[{"embeddable":true,"href":"https:\/\/baralivres.ma\/index.php?rest_route=%2Fwp%2Fv2%2Fcomments&post=19042"}],"version-history":[{"count":1,"href":"https:\/\/baralivres.ma\/index.php?rest_route=\/wp\/v2\/product\/19042\/revisions"}],"predecessor-version":[{"id":19044,"href":"https:\/\/baralivres.ma\/index.php?rest_route=\/wp\/v2\/product\/19042\/revisions\/19044"}],"wp:featuredmedia":[{"embeddable":true,"href":"https:\/\/baralivres.ma\/index.php?rest_route=\/wp\/v2\/media\/19043"}],"wp:attachment":[{"href":"https:\/\/baralivres.ma\/index.php?rest_route=%2Fwp%2Fv2%2Fmedia&parent=19042"}],"wp:term":[{"taxonomy":"product_cat","embeddable":true,"href":"https:\/\/baralivres.ma\/index.php?rest_route=%2Fwp%2Fv2%2Fproduct_cat&post=19042"},{"taxonomy":"product_tag","embeddable":true,"href":"https:\/\/baralivres.ma\/index.php?rest_route=%2Fwp%2Fv2%2Fproduct_tag&post=19042"}],"curies":[{"name":"wp","href":"https:\/\/api.w.org\/{rel}","templated":true}]}}