{"id":19033,"date":"2023-11-10T00:41:31","date_gmt":"2023-11-09T23:41:31","guid":{"rendered":"https:\/\/baralivres.ma\/?post_type=product&#038;p=19033"},"modified":"2024-11-27T15:35:12","modified_gmt":"2024-11-27T14:35:12","slug":"dune-tome-2-le-messie-de-dune","status":"publish","type":"product","link":"https:\/\/baralivres.ma\/?product=dune-tome-2-le-messie-de-dune","title":{"rendered":"Dune &#8211; Tome 2 : Le Messie de Dune"},"content":{"rendered":"<p>Paul Atr\u00e9ides a remport\u00e9 la victoire contre ses adversaires. Au cours de douze ann\u00e9es de guerre sainte, les Fremen sous son commandement ont conquis l&rsquo;univers, le portant au titre d&rsquo;Empereur Muad&rsquo; Dib. Pratiquement v\u00e9n\u00e9r\u00e9 comme un dieu, car il poss\u00e8de le don de pr\u00e9dire l&rsquo;avenir, il a une connaissance profonde de ses ennemis, anticipant leurs intentions et leurs attaques \u00e0 venir. Ils cherchent \u00e0 lui reprendre le pr\u00e9cieux \u00e9pice, source de sa prescience, et peut-\u00eatre \u00e0 percer le myst\u00e8re de son pouvoir. Bien qu&rsquo;il puisse d\u00e9jouer leurs complots, sa vision s&rsquo;\u00e9tend plus loin, le hantant avec la pr\u00e9diction in\u00e9luctable de sa propre mort. Il r\u00e9alise que pour quelqu&rsquo;un dou\u00e9 de prescience, la seule forme de libert\u00e9 peut r\u00e9sider dans le sacrifice&#8230;<\/p>\n","protected":false},"excerpt":{"rendered":"<p>Paul Atr\u00e9ides, devenu Empereur Muad&rsquo; Dib gr\u00e2ce \u00e0 sa prescience, fait face \u00e0 des ennemis pour prot\u00e9ger l&rsquo;\u00e9pice.<\/p>\n","protected":false},"featured_media":19034,"comment_status":"open","ping_status":"closed","template":"","meta":{"inline_featured_image":false},"product_cat":[203,204],"product_tag":[],"class_list":{"0":"post-19033","1":"product","2":"type-product","3":"status-publish","4":"has-post-thumbnail","6":"product_cat-adolescente","7":"product_cat-francais","8":"pa_auteurs-frank-herbert","10":"first","11":"instock","12":"shipping-taxable","13":"purchasable","14":"product-type-simple"},"_links":{"self":[{"href":"https:\/\/baralivres.ma\/index.php?rest_route=\/wp\/v2\/product\/19033","targetHints":{"allow":["GET"]}}],"collection":[{"href":"https:\/\/baralivres.ma\/index.php?rest_route=\/wp\/v2\/product"}],"about":[{"href":"https:\/\/baralivres.ma\/index.php?rest_route=\/wp\/v2\/types\/product"}],"replies":[{"embeddable":true,"href":"https:\/\/baralivres.ma\/index.php?rest_route=%2Fwp%2Fv2%2Fcomments&post=19033"}],"version-history":[{"count":1,"href":"https:\/\/baralivres.ma\/index.php?rest_route=\/wp\/v2\/product\/19033\/revisions"}],"predecessor-version":[{"id":19035,"href":"https:\/\/baralivres.ma\/index.php?rest_route=\/wp\/v2\/product\/19033\/revisions\/19035"}],"wp:featuredmedia":[{"embeddable":true,"href":"https:\/\/baralivres.ma\/index.php?rest_route=\/wp\/v2\/media\/19034"}],"wp:attachment":[{"href":"https:\/\/baralivres.ma\/index.php?rest_route=%2Fwp%2Fv2%2Fmedia&parent=19033"}],"wp:term":[{"taxonomy":"product_cat","embeddable":true,"href":"https:\/\/baralivres.ma\/index.php?rest_route=%2Fwp%2Fv2%2Fproduct_cat&post=19033"},{"taxonomy":"product_tag","embeddable":true,"href":"https:\/\/baralivres.ma\/index.php?rest_route=%2Fwp%2Fv2%2Fproduct_tag&post=19033"}],"curies":[{"name":"wp","href":"https:\/\/api.w.org\/{rel}","templated":true}]}}