{"id":19027,"date":"2023-11-10T00:37:08","date_gmt":"2023-11-09T23:37:08","guid":{"rendered":"https:\/\/baralivres.ma\/?post_type=product&#038;p=19027"},"modified":"2024-11-27T15:35:38","modified_gmt":"2024-11-27T14:35:38","slug":"dune-tome-1","status":"publish","type":"product","link":"https:\/\/baralivres.ma\/?product=dune-tome-1","title":{"rendered":"Dune &#8211; tome 1"},"content":{"rendered":"<p>Dune : Une \u0153uvre de science-fiction indiscutablement brillante et universellement reconnue.<\/p>\n<p>Dans l&rsquo;immensit\u00e9 de l&rsquo;Empire, il n&rsquo;existe pas de plan\u00e8te plus hostile que Dune, o\u00f9 les \u00e9tendues de sable s&rsquo;\u00e9tendent \u00e0 perte de vue. Sa seule pr\u00e9cieuse ressource est l&rsquo;\u00e9pice de long\u00e9vit\u00e9, une substance n\u00e9e au c\u0153ur du d\u00e9sert et convoit\u00e9e par tout l&rsquo;univers.<\/p>\n<p>Lorsque Leto Atr\u00e9ides se voit confier le contr\u00f4le de Dune, il sent le pi\u00e8ge qui se dessine. Pour r\u00e9ussir, il devra s&rsquo;appuyer sur les redoutables guerriers Fremen, qui ont trouv\u00e9 refuge dans les profondeurs du d\u00e9sert, pr\u00e9servant leur libert\u00e9, leurs traditions, et leur foi. Ils aspirent \u00e0 un proph\u00e8te qui m\u00e8nera une guerre sainte et bouleversera le cours de l&rsquo;histoire.<\/p>\n<p>Cependant, les R\u00e9v\u00e9rendes M\u00e8res du Bene Gesserit poursuivent leur programme s\u00e9culaire de manipulation g\u00e9n\u00e9tique, cherchant \u00e0 cr\u00e9er un individu dot\u00e9 de tous les dons latents de l&rsquo;humanit\u00e9. Le Messie des Fremen est-il peut-\u00eatre d\u00e9j\u00e0 n\u00e9 au sein de l&rsquo;Empire ?<\/p>\n","protected":false},"excerpt":{"rendered":"<p>Dune, plan\u00e8te inhospitali\u00e8re, \u00e9pice convoit\u00e9e. Leto Atr\u00e9ides, proph\u00e9tie des Fremen, R\u00e9v\u00e9rendes M\u00e8res, Messie latent. Science-fiction magistrale.<\/p>\n","protected":false},"featured_media":19032,"comment_status":"open","ping_status":"closed","template":"","meta":{"inline_featured_image":false},"product_cat":[203,204],"product_tag":[],"class_list":{"0":"post-19027","1":"product","2":"type-product","3":"status-publish","4":"has-post-thumbnail","6":"product_cat-adolescente","7":"product_cat-francais","8":"pa_auteurs-frank-herbert","10":"first","11":"instock","12":"shipping-taxable","13":"purchasable","14":"product-type-simple"},"_links":{"self":[{"href":"https:\/\/baralivres.ma\/index.php?rest_route=\/wp\/v2\/product\/19027","targetHints":{"allow":["GET"]}}],"collection":[{"href":"https:\/\/baralivres.ma\/index.php?rest_route=\/wp\/v2\/product"}],"about":[{"href":"https:\/\/baralivres.ma\/index.php?rest_route=\/wp\/v2\/types\/product"}],"replies":[{"embeddable":true,"href":"https:\/\/baralivres.ma\/index.php?rest_route=%2Fwp%2Fv2%2Fcomments&post=19027"}],"version-history":[{"count":1,"href":"https:\/\/baralivres.ma\/index.php?rest_route=\/wp\/v2\/product\/19027\/revisions"}],"predecessor-version":[{"id":19028,"href":"https:\/\/baralivres.ma\/index.php?rest_route=\/wp\/v2\/product\/19027\/revisions\/19028"}],"wp:featuredmedia":[{"embeddable":true,"href":"https:\/\/baralivres.ma\/index.php?rest_route=\/wp\/v2\/media\/19032"}],"wp:attachment":[{"href":"https:\/\/baralivres.ma\/index.php?rest_route=%2Fwp%2Fv2%2Fmedia&parent=19027"}],"wp:term":[{"taxonomy":"product_cat","embeddable":true,"href":"https:\/\/baralivres.ma\/index.php?rest_route=%2Fwp%2Fv2%2Fproduct_cat&post=19027"},{"taxonomy":"product_tag","embeddable":true,"href":"https:\/\/baralivres.ma\/index.php?rest_route=%2Fwp%2Fv2%2Fproduct_tag&post=19027"}],"curies":[{"name":"wp","href":"https:\/\/api.w.org\/{rel}","templated":true}]}}