{"id":19022,"date":"2023-11-10T00:35:01","date_gmt":"2023-11-09T23:35:01","guid":{"rendered":"https:\/\/baralivres.ma\/?post_type=product&#038;p=19022"},"modified":"2023-11-10T00:35:02","modified_gmt":"2023-11-09T23:35:02","slug":"les-douze-travaux-dhercule","status":"publish","type":"product","link":"https:\/\/baralivres.ma\/?product=les-douze-travaux-dhercule","title":{"rendered":"Les douze travaux d&rsquo;Hercule"},"content":{"rendered":"<p>Afin de r\u00e9parer ses m\u00e9faits, Hercule se voit imposer une s\u00e9rie de douze t\u00e2ches ardues, parmi lesquelles figurent la chasse au lion de N\u00e9m\u00e9e, la destruction de l&rsquo;hydre de Lerne, la r\u00e9cup\u00e9ration de la ceinture de la reine des Amazones, et m\u00eame la ma\u00eetrise de Cerb\u00e8re, le chien qui veille sur les enfers ! En combinant sa puissance physique avec son intelligence et son audace, Hercule, le h\u00e9ros le plus c\u00e9l\u00e8bre de la mythologie, se distingue comme le pr\u00e9curseur de tous les h\u00e9ros.<\/p>\n","protected":false},"excerpt":{"rendered":"<p>Hercule, puni pour ses fautes, r\u00e9alise 12 \u00e9preuves p\u00e9rilleuses en combinant force, astuce, devenant l&rsquo;arch\u00e9type du h\u00e9ros.<\/p>\n","protected":false},"featured_media":19024,"comment_status":"open","ping_status":"closed","template":"","meta":{"inline_featured_image":false},"product_cat":[204,199],"product_tag":[],"class_list":{"0":"post-19022","1":"product","2":"type-product","3":"status-publish","4":"has-post-thumbnail","6":"product_cat-francais","7":"product_cat-histoires","8":"pa_auteurs-christian-grenier","10":"first","11":"instock","12":"shipping-taxable","13":"purchasable","14":"product-type-simple"},"_links":{"self":[{"href":"https:\/\/baralivres.ma\/index.php?rest_route=\/wp\/v2\/product\/19022","targetHints":{"allow":["GET"]}}],"collection":[{"href":"https:\/\/baralivres.ma\/index.php?rest_route=\/wp\/v2\/product"}],"about":[{"href":"https:\/\/baralivres.ma\/index.php?rest_route=\/wp\/v2\/types\/product"}],"replies":[{"embeddable":true,"href":"https:\/\/baralivres.ma\/index.php?rest_route=%2Fwp%2Fv2%2Fcomments&post=19022"}],"version-history":[{"count":1,"href":"https:\/\/baralivres.ma\/index.php?rest_route=\/wp\/v2\/product\/19022\/revisions"}],"predecessor-version":[{"id":19026,"href":"https:\/\/baralivres.ma\/index.php?rest_route=\/wp\/v2\/product\/19022\/revisions\/19026"}],"wp:featuredmedia":[{"embeddable":true,"href":"https:\/\/baralivres.ma\/index.php?rest_route=\/wp\/v2\/media\/19024"}],"wp:attachment":[{"href":"https:\/\/baralivres.ma\/index.php?rest_route=%2Fwp%2Fv2%2Fmedia&parent=19022"}],"wp:term":[{"taxonomy":"product_cat","embeddable":true,"href":"https:\/\/baralivres.ma\/index.php?rest_route=%2Fwp%2Fv2%2Fproduct_cat&post=19022"},{"taxonomy":"product_tag","embeddable":true,"href":"https:\/\/baralivres.ma\/index.php?rest_route=%2Fwp%2Fv2%2Fproduct_tag&post=19022"}],"curies":[{"name":"wp","href":"https:\/\/api.w.org\/{rel}","templated":true}]}}