{"id":19003,"date":"2023-11-08T22:47:08","date_gmt":"2023-11-08T21:47:08","guid":{"rendered":"https:\/\/baralivres.ma\/?post_type=product&#038;p=19003"},"modified":"2023-11-08T22:47:08","modified_gmt":"2023-11-08T21:47:08","slug":"divergente-tome-2-linsurrection","status":"publish","type":"product","link":"https:\/\/baralivres.ma\/?product=divergente-tome-2-linsurrection","title":{"rendered":"Divergente, Tome 2 : L&rsquo;insurrection"},"content":{"rendered":"<p>Unique. Resolue. Menacante. DIVERGENTE La r\u00e9alit\u00e9 de Triss a \u00e9t\u00e9 compl\u00e8tement boulevers\u00e9e. Le conflit a cr\u00e9\u00e9 des clivages parmi les factions qui gouvernent la soci\u00e9t\u00e9, causant la mort de ses parents et transformant ses amis en meurtriers. Triss est accabl\u00e9e par le chagrin et le poids de la culpabilit\u00e9. Cependant, elle est divergente, et plus que quiconque, elle doit faire un choix d\u00e9terminant. Elle doit se battre pour pr\u00e9server ce qui peut encore \u00eatre sauv\u00e9.<\/p>\n","protected":false},"excerpt":{"rendered":"<p>Triss, une divergente dans un monde en conflit, doit choisir son camp pour sauver ce qui reste.<\/p>\n","protected":false},"featured_media":19004,"comment_status":"open","ping_status":"closed","template":"","meta":{"inline_featured_image":false},"product_cat":[204,199],"product_tag":[],"class_list":{"0":"post-19003","1":"product","2":"type-product","3":"status-publish","4":"has-post-thumbnail","6":"product_cat-francais","7":"product_cat-histoires","8":"pa_auteurs-veronica-roth","10":"first","11":"instock","12":"shipping-taxable","13":"purchasable","14":"product-type-simple"},"_links":{"self":[{"href":"https:\/\/baralivres.ma\/index.php?rest_route=\/wp\/v2\/product\/19003","targetHints":{"allow":["GET"]}}],"collection":[{"href":"https:\/\/baralivres.ma\/index.php?rest_route=\/wp\/v2\/product"}],"about":[{"href":"https:\/\/baralivres.ma\/index.php?rest_route=\/wp\/v2\/types\/product"}],"replies":[{"embeddable":true,"href":"https:\/\/baralivres.ma\/index.php?rest_route=%2Fwp%2Fv2%2Fcomments&post=19003"}],"version-history":[{"count":1,"href":"https:\/\/baralivres.ma\/index.php?rest_route=\/wp\/v2\/product\/19003\/revisions"}],"predecessor-version":[{"id":19005,"href":"https:\/\/baralivres.ma\/index.php?rest_route=\/wp\/v2\/product\/19003\/revisions\/19005"}],"wp:featuredmedia":[{"embeddable":true,"href":"https:\/\/baralivres.ma\/index.php?rest_route=\/wp\/v2\/media\/19004"}],"wp:attachment":[{"href":"https:\/\/baralivres.ma\/index.php?rest_route=%2Fwp%2Fv2%2Fmedia&parent=19003"}],"wp:term":[{"taxonomy":"product_cat","embeddable":true,"href":"https:\/\/baralivres.ma\/index.php?rest_route=%2Fwp%2Fv2%2Fproduct_cat&post=19003"},{"taxonomy":"product_tag","embeddable":true,"href":"https:\/\/baralivres.ma\/index.php?rest_route=%2Fwp%2Fv2%2Fproduct_tag&post=19003"}],"curies":[{"name":"wp","href":"https:\/\/api.w.org\/{rel}","templated":true}]}}