{"id":18996,"date":"2023-11-08T22:42:08","date_gmt":"2023-11-08T21:42:08","guid":{"rendered":"https:\/\/baralivres.ma\/?post_type=product&#038;p=18996"},"modified":"2023-11-08T22:42:09","modified_gmt":"2023-11-08T21:42:09","slug":"divergente-raconte-par-quatre","status":"publish","type":"product","link":"https:\/\/baralivres.ma\/?product=divergente-raconte-par-quatre","title":{"rendered":"Divergente racont\u00e9 par Quatre"},"content":{"rendered":"<p>L&rsquo;histoire de Quatre avant son rendez-vous avec Tris ! Au moment de sa c\u00e9r\u00e9monie de choix, un altruiste jeune d\u00e9fie sa famille et sa faction en optant pour rejoindre les Audacieux. Il forge ainsi un tout nouveau destin pour lui-m\u00eame sous le nom de Quatre. Cependant, les r\u00e9v\u00e9lations qui suivent menacent \u00e0 la fois son avenir personnel et l&rsquo;avenir de la soci\u00e9t\u00e9 dans son ensemble. Sera-t-il contraint de se dresser contre sa nouvelle faction ?<\/p>\n","protected":false},"excerpt":{"rendered":"<p>Jeune altruiste devient Quatre, rejoint les Audacieux, d\u00e9couvre des secrets mettant en p\u00e9ril la soci\u00e9t\u00e9, choix difficile.<\/p>\n","protected":false},"featured_media":18997,"comment_status":"open","ping_status":"closed","template":"","meta":{"inline_featured_image":false},"product_cat":[204,199],"product_tag":[],"class_list":{"0":"post-18996","1":"product","2":"type-product","3":"status-publish","4":"has-post-thumbnail","6":"product_cat-francais","7":"product_cat-histoires","8":"pa_auteurs-veronica-roth","10":"first","11":"instock","12":"shipping-taxable","13":"purchasable","14":"product-type-simple"},"_links":{"self":[{"href":"https:\/\/baralivres.ma\/index.php?rest_route=\/wp\/v2\/product\/18996","targetHints":{"allow":["GET"]}}],"collection":[{"href":"https:\/\/baralivres.ma\/index.php?rest_route=\/wp\/v2\/product"}],"about":[{"href":"https:\/\/baralivres.ma\/index.php?rest_route=\/wp\/v2\/types\/product"}],"replies":[{"embeddable":true,"href":"https:\/\/baralivres.ma\/index.php?rest_route=%2Fwp%2Fv2%2Fcomments&post=18996"}],"version-history":[{"count":1,"href":"https:\/\/baralivres.ma\/index.php?rest_route=\/wp\/v2\/product\/18996\/revisions"}],"predecessor-version":[{"id":18998,"href":"https:\/\/baralivres.ma\/index.php?rest_route=\/wp\/v2\/product\/18996\/revisions\/18998"}],"wp:featuredmedia":[{"embeddable":true,"href":"https:\/\/baralivres.ma\/index.php?rest_route=\/wp\/v2\/media\/18997"}],"wp:attachment":[{"href":"https:\/\/baralivres.ma\/index.php?rest_route=%2Fwp%2Fv2%2Fmedia&parent=18996"}],"wp:term":[{"taxonomy":"product_cat","embeddable":true,"href":"https:\/\/baralivres.ma\/index.php?rest_route=%2Fwp%2Fv2%2Fproduct_cat&post=18996"},{"taxonomy":"product_tag","embeddable":true,"href":"https:\/\/baralivres.ma\/index.php?rest_route=%2Fwp%2Fv2%2Fproduct_tag&post=18996"}],"curies":[{"name":"wp","href":"https:\/\/api.w.org\/{rel}","templated":true}]}}