{"id":18993,"date":"2023-11-08T22:39:48","date_gmt":"2023-11-08T21:39:48","guid":{"rendered":"https:\/\/baralivres.ma\/?post_type=product&#038;p=18993"},"modified":"2023-11-08T22:39:48","modified_gmt":"2023-11-08T21:39:48","slug":"cupcake-girls-tome-31-sous-le-feu-des-projecteurs","status":"publish","type":"product","link":"https:\/\/baralivres.ma\/?product=cupcake-girls-tome-31-sous-le-feu-des-projecteurs","title":{"rendered":"Cupcake Girls &#8211; Tome 31 : Sous le feu des projecteurs"},"content":{"rendered":"<p>Une g\u00e9n\u00e9reuse portion d&rsquo;amiti\u00e9, une touche d&rsquo;humour, une soup\u00e7on de probl\u00e8mes, une abondance de d\u00e9licieux cupcakes \u00e0 partager, le tout dans une s\u00e9rie aussi all\u00e9chante qu&rsquo;un festin estival ! Les vacances tant attendues sont enfin l\u00e0, et Emma a bien l&rsquo;intention de les savourer en se lan\u00e7ant dans une carri\u00e8re de mannequin. Cependant, une surprise inattendue survient lorsque Katie d\u00e9croche un contrat de mannequin alors qu&rsquo;elle n&rsquo;y conna\u00eet rien en mode ! Emma se sent jalouse et se demande ce que Katie a de sp\u00e9cial. Est-ce que leur amiti\u00e9 r\u00e9sistera \u00e0 cet \u00e9t\u00e9 mouvement\u00e9 ?<\/p>\n","protected":false},"excerpt":{"rendered":"<p>Amiti\u00e9, jalousie, mannequinat estival. Les Cupcake Girls affrontent l&rsquo;\u00e9t\u00e9 avec des d\u00e9fis et des questions.<\/p>\n","protected":false},"featured_media":18994,"comment_status":"open","ping_status":"closed","template":"","meta":{"inline_featured_image":false},"product_cat":[204,199],"product_tag":[],"class_list":{"0":"post-18993","1":"product","2":"type-product","3":"status-publish","4":"has-post-thumbnail","6":"product_cat-francais","7":"product_cat-histoires","8":"pa_auteurs-coco-simon","10":"first","11":"instock","12":"shipping-taxable","13":"purchasable","14":"product-type-simple"},"_links":{"self":[{"href":"https:\/\/baralivres.ma\/index.php?rest_route=\/wp\/v2\/product\/18993","targetHints":{"allow":["GET"]}}],"collection":[{"href":"https:\/\/baralivres.ma\/index.php?rest_route=\/wp\/v2\/product"}],"about":[{"href":"https:\/\/baralivres.ma\/index.php?rest_route=\/wp\/v2\/types\/product"}],"replies":[{"embeddable":true,"href":"https:\/\/baralivres.ma\/index.php?rest_route=%2Fwp%2Fv2%2Fcomments&post=18993"}],"version-history":[{"count":1,"href":"https:\/\/baralivres.ma\/index.php?rest_route=\/wp\/v2\/product\/18993\/revisions"}],"predecessor-version":[{"id":18995,"href":"https:\/\/baralivres.ma\/index.php?rest_route=\/wp\/v2\/product\/18993\/revisions\/18995"}],"wp:featuredmedia":[{"embeddable":true,"href":"https:\/\/baralivres.ma\/index.php?rest_route=\/wp\/v2\/media\/18994"}],"wp:attachment":[{"href":"https:\/\/baralivres.ma\/index.php?rest_route=%2Fwp%2Fv2%2Fmedia&parent=18993"}],"wp:term":[{"taxonomy":"product_cat","embeddable":true,"href":"https:\/\/baralivres.ma\/index.php?rest_route=%2Fwp%2Fv2%2Fproduct_cat&post=18993"},{"taxonomy":"product_tag","embeddable":true,"href":"https:\/\/baralivres.ma\/index.php?rest_route=%2Fwp%2Fv2%2Fproduct_tag&post=18993"}],"curies":[{"name":"wp","href":"https:\/\/api.w.org\/{rel}","templated":true}]}}