{"id":18990,"date":"2023-11-08T22:33:00","date_gmt":"2023-11-08T21:33:00","guid":{"rendered":"https:\/\/baralivres.ma\/?post_type=product&#038;p=18990"},"modified":"2023-11-08T22:33:01","modified_gmt":"2023-11-08T21:33:01","slug":"cupcake-girls-tome-30-photos-volees","status":"publish","type":"product","link":"https:\/\/baralivres.ma\/?product=cupcake-girls-tome-30-photos-volees","title":{"rendered":"Cupcake Girls &#8211; Tome 30 : Photos vol\u00e9es"},"content":{"rendered":"<p>Une amicale portion d&rsquo;amiti\u00e9, une double dose d&rsquo;humour, une pinc\u00e9e de soucis, et une avalanche de savoureux cupcakes &#8211; voil\u00e0 ce qui vous attend dans la s\u00e9rie Cupcake Girls, une v\u00e9ritable friandise \u00e0 d\u00e9vorer !<\/p>\n<p>Mia a r\u00e9cemment remport\u00e9 des billets de concert pour voir son groupe pr\u00e9f\u00e9r\u00e9 ! Cependant, sa m\u00e8re insiste sur le fait qu&rsquo;elle est trop jeune pour y aller seule. Mia d\u00e9sire ardemment prouver \u00e0 sa m\u00e8re qu&rsquo;elle peut lui faire confiance et que celle-ci a tort. Pendant ce temps, Mia est la cible d&rsquo;attaques sur les r\u00e9seaux sociaux. Pourquoi cela se produit-il ? Qui en est responsable ? Mia ressent un besoin pressant de clarifier la situation !<\/p>\n","protected":false},"excerpt":{"rendered":"<p>Mia veut prouver sa maturit\u00e9, gagner la confiance de sa m\u00e8re et r\u00e9soudre des probl\u00e8mes de cyberharc\u00e8lement.<\/p>\n","protected":false},"featured_media":18991,"comment_status":"open","ping_status":"closed","template":"","meta":{"inline_featured_image":false},"product_cat":[204,199],"product_tag":[],"class_list":{"0":"post-18990","1":"product","2":"type-product","3":"status-publish","4":"has-post-thumbnail","6":"product_cat-francais","7":"product_cat-histoires","8":"pa_auteurs-coco-simon","10":"first","11":"instock","12":"shipping-taxable","13":"purchasable","14":"product-type-simple"},"_links":{"self":[{"href":"https:\/\/baralivres.ma\/index.php?rest_route=\/wp\/v2\/product\/18990","targetHints":{"allow":["GET"]}}],"collection":[{"href":"https:\/\/baralivres.ma\/index.php?rest_route=\/wp\/v2\/product"}],"about":[{"href":"https:\/\/baralivres.ma\/index.php?rest_route=\/wp\/v2\/types\/product"}],"replies":[{"embeddable":true,"href":"https:\/\/baralivres.ma\/index.php?rest_route=%2Fwp%2Fv2%2Fcomments&post=18990"}],"version-history":[{"count":1,"href":"https:\/\/baralivres.ma\/index.php?rest_route=\/wp\/v2\/product\/18990\/revisions"}],"predecessor-version":[{"id":18992,"href":"https:\/\/baralivres.ma\/index.php?rest_route=\/wp\/v2\/product\/18990\/revisions\/18992"}],"wp:featuredmedia":[{"embeddable":true,"href":"https:\/\/baralivres.ma\/index.php?rest_route=\/wp\/v2\/media\/18991"}],"wp:attachment":[{"href":"https:\/\/baralivres.ma\/index.php?rest_route=%2Fwp%2Fv2%2Fmedia&parent=18990"}],"wp:term":[{"taxonomy":"product_cat","embeddable":true,"href":"https:\/\/baralivres.ma\/index.php?rest_route=%2Fwp%2Fv2%2Fproduct_cat&post=18990"},{"taxonomy":"product_tag","embeddable":true,"href":"https:\/\/baralivres.ma\/index.php?rest_route=%2Fwp%2Fv2%2Fproduct_tag&post=18990"}],"curies":[{"name":"wp","href":"https:\/\/api.w.org\/{rel}","templated":true}]}}