{"id":18987,"date":"2023-11-08T22:25:06","date_gmt":"2023-11-08T21:25:06","guid":{"rendered":"https:\/\/baralivres.ma\/?post_type=product&#038;p=18987"},"modified":"2023-11-08T22:25:07","modified_gmt":"2023-11-08T21:25:07","slug":"cupcake-girls-tome-29-un-dessert-surprise","status":"publish","type":"product","link":"https:\/\/baralivres.ma\/?product=cupcake-girls-tome-29-un-dessert-surprise","title":{"rendered":"Cupcake Girls &#8211; tome 29 : Un dessert surprise"},"content":{"rendered":"<p>Une g\u00e9n\u00e9reuse portion d&rsquo;amiti\u00e9, un double-dose d&rsquo;humour, une petite touche de tracas, une abondance de d\u00e9licieux g\u00e2teaux, voil\u00e0 les ingr\u00e9dients de \u00ab\u00a0Cupcake Girls\u00a0\u00bb, une s\u00e9rie \u00e0 d\u00e9vorer ! Apr\u00e8s une d\u00e9cennie d&rsquo;absence, le p\u00e8re de Katie r\u00e9appara\u00eet soudainement dans sa vie avec l&rsquo;intention de lui pr\u00e9senter ses trois demi-s\u0153urs. Cependant, Katie h\u00e9site \u00e0 accepter cette rencontre. Dans le m\u00eame temps, Jeff demande au Cupcake Club de confectionner des g\u00e2teaux pour c\u00e9l\u00e9brer un heureux \u00e9v\u00e9nement&#8230; Katie est-elle pr\u00eate \u00e0 affronter tous ces changements inattendus ?<\/p>\n","protected":false},"excerpt":{"rendered":"<p>D\u00e9couverte familiale, d\u00e9fis du Cupcake Club : Katie jongle entre changements et d\u00e9licieux d\u00e9fis culinaires.<\/p>\n","protected":false},"featured_media":18988,"comment_status":"open","ping_status":"closed","template":"","meta":{"inline_featured_image":false},"product_cat":[204,199],"product_tag":[],"class_list":{"0":"post-18987","1":"product","2":"type-product","3":"status-publish","4":"has-post-thumbnail","6":"product_cat-francais","7":"product_cat-histoires","8":"pa_auteurs-coco-simon","10":"first","11":"instock","12":"shipping-taxable","13":"purchasable","14":"product-type-simple"},"_links":{"self":[{"href":"https:\/\/baralivres.ma\/index.php?rest_route=\/wp\/v2\/product\/18987","targetHints":{"allow":["GET"]}}],"collection":[{"href":"https:\/\/baralivres.ma\/index.php?rest_route=\/wp\/v2\/product"}],"about":[{"href":"https:\/\/baralivres.ma\/index.php?rest_route=\/wp\/v2\/types\/product"}],"replies":[{"embeddable":true,"href":"https:\/\/baralivres.ma\/index.php?rest_route=%2Fwp%2Fv2%2Fcomments&post=18987"}],"version-history":[{"count":1,"href":"https:\/\/baralivres.ma\/index.php?rest_route=\/wp\/v2\/product\/18987\/revisions"}],"predecessor-version":[{"id":18989,"href":"https:\/\/baralivres.ma\/index.php?rest_route=\/wp\/v2\/product\/18987\/revisions\/18989"}],"wp:featuredmedia":[{"embeddable":true,"href":"https:\/\/baralivres.ma\/index.php?rest_route=\/wp\/v2\/media\/18988"}],"wp:attachment":[{"href":"https:\/\/baralivres.ma\/index.php?rest_route=%2Fwp%2Fv2%2Fmedia&parent=18987"}],"wp:term":[{"taxonomy":"product_cat","embeddable":true,"href":"https:\/\/baralivres.ma\/index.php?rest_route=%2Fwp%2Fv2%2Fproduct_cat&post=18987"},{"taxonomy":"product_tag","embeddable":true,"href":"https:\/\/baralivres.ma\/index.php?rest_route=%2Fwp%2Fv2%2Fproduct_tag&post=18987"}],"curies":[{"name":"wp","href":"https:\/\/api.w.org\/{rel}","templated":true}]}}