{"id":18977,"date":"2023-11-08T22:07:15","date_gmt":"2023-11-08T21:07:15","guid":{"rendered":"https:\/\/baralivres.ma\/?post_type=product&#038;p=18977"},"modified":"2023-11-08T22:07:16","modified_gmt":"2023-11-08T21:07:16","slug":"cupcake-girls-tome-26-coup-de-chance-pour-mia","status":"publish","type":"product","link":"https:\/\/baralivres.ma\/?product=cupcake-girls-tome-26-coup-de-chance-pour-mia","title":{"rendered":"Cupcake Girls &#8211; tome 26 : Coup de chance pour Mia"},"content":{"rendered":"<p>Une g\u00e9n\u00e9reuse portion d&rsquo;amiti\u00e9, deux doses d&rsquo;humour, un soup\u00e7on de soucis, et une abondance de d\u00e9licieux cupcakes sont les ingr\u00e9dients qui composent l&rsquo;univers d\u00e9licieux des Cupcake Girls, une s\u00e9rie irr\u00e9sistible !<\/p>\n<p>Mia ne porte pas les lundis dans son c\u0153ur ! Ce matin-l\u00e0, elle d\u00e9barque en retard, tout \u00e9bouriff\u00e9e, n\u00e9glig\u00e9e, et sans avoir accompli ses devoirs. Cependant, lorsqu&rsquo;elle se voit offrir un bracelet porte-bonheur, elle d\u00e9cide de miser sur la chance en d\u00e9laissant volontairement ses responsabilit\u00e9s scolaires. Heureusement, ses amies du Cupcake Club sont toujours pr\u00e9sentes pour minimiser les cons\u00e9quences de ses choix !<\/p>\n","protected":false},"excerpt":{"rendered":"<p>Amiti\u00e9, humour, probl\u00e8mes et cupcakes unissent les Cupcake Girls, Mia d\u00e9fie le destin avec un bracelet porte-bonheur.<\/p>\n","protected":false},"featured_media":18978,"comment_status":"open","ping_status":"closed","template":"","meta":{"inline_featured_image":false},"product_cat":[204,199],"product_tag":[],"class_list":{"0":"post-18977","1":"product","2":"type-product","3":"status-publish","4":"has-post-thumbnail","6":"product_cat-francais","7":"product_cat-histoires","8":"pa_auteurs-coco-simon","10":"first","11":"instock","12":"shipping-taxable","13":"purchasable","14":"product-type-simple"},"_links":{"self":[{"href":"https:\/\/baralivres.ma\/index.php?rest_route=\/wp\/v2\/product\/18977","targetHints":{"allow":["GET"]}}],"collection":[{"href":"https:\/\/baralivres.ma\/index.php?rest_route=\/wp\/v2\/product"}],"about":[{"href":"https:\/\/baralivres.ma\/index.php?rest_route=\/wp\/v2\/types\/product"}],"replies":[{"embeddable":true,"href":"https:\/\/baralivres.ma\/index.php?rest_route=%2Fwp%2Fv2%2Fcomments&post=18977"}],"version-history":[{"count":1,"href":"https:\/\/baralivres.ma\/index.php?rest_route=\/wp\/v2\/product\/18977\/revisions"}],"predecessor-version":[{"id":18979,"href":"https:\/\/baralivres.ma\/index.php?rest_route=\/wp\/v2\/product\/18977\/revisions\/18979"}],"wp:featuredmedia":[{"embeddable":true,"href":"https:\/\/baralivres.ma\/index.php?rest_route=\/wp\/v2\/media\/18978"}],"wp:attachment":[{"href":"https:\/\/baralivres.ma\/index.php?rest_route=%2Fwp%2Fv2%2Fmedia&parent=18977"}],"wp:term":[{"taxonomy":"product_cat","embeddable":true,"href":"https:\/\/baralivres.ma\/index.php?rest_route=%2Fwp%2Fv2%2Fproduct_cat&post=18977"},{"taxonomy":"product_tag","embeddable":true,"href":"https:\/\/baralivres.ma\/index.php?rest_route=%2Fwp%2Fv2%2Fproduct_tag&post=18977"}],"curies":[{"name":"wp","href":"https:\/\/api.w.org\/{rel}","templated":true}]}}