{"id":18967,"date":"2023-11-08T21:55:12","date_gmt":"2023-11-08T20:55:12","guid":{"rendered":"https:\/\/baralivres.ma\/?post_type=product&#038;p=18967"},"modified":"2023-11-08T21:55:13","modified_gmt":"2023-11-08T20:55:13","slug":"cupcake-girls-tome-23-le-dilemme-demma","status":"publish","type":"product","link":"https:\/\/baralivres.ma\/?product=cupcake-girls-tome-23-le-dilemme-demma","title":{"rendered":"Cupcake Girls &#8211; tome 23 : Le dilemme d&rsquo;Emma"},"content":{"rendered":"<div id=\"bookDescription_feature_div\" class=\"celwidget\" data-feature-name=\"bookDescription\" data-csa-c-type=\"widget\" data-csa-c-content-id=\"bookDescription\" data-csa-c-slot-id=\"bookDescription_feature_div\" data-csa-c-asin=\"2266305948\" data-csa-c-is-in-initial-active-row=\"false\" data-csa-c-id=\"8c9jc3-br6baz-dkwyra-bx8i1s\" data-cel-widget=\"bookDescription_feature_div\">\n<div class=\"a-expander-collapsed-height a-row a-expander-container a-spacing-base a-expander-partial-collapse-container\" data-a-expander-name=\"book_description_expander\" data-a-expander-collapsed-height=\"140\"><\/div>\n<\/div>\n<div id=\"globalStoreInfoBullets_feature_div\" class=\"celwidget\" data-feature-name=\"globalStoreInfoBullets\" data-csa-c-type=\"widget\" data-csa-c-content-id=\"globalStoreInfoBullets\" data-csa-c-slot-id=\"globalStoreInfoBullets_feature_div\" data-csa-c-asin=\"2266305948\" data-csa-c-is-in-initial-active-row=\"false\" data-csa-c-id=\"mk53ti-t70ism-7041q5-4752wz\" data-cel-widget=\"globalStoreInfoBullets_feature_div\">Un m\u00e9lange parfait d&rsquo;amiti\u00e9, d&rsquo;humour et de d\u00e9fis attend les Cupcake Girls dans cette s\u00e9rie d\u00e9licieuse ! Cette fois, Emma doit se glisser sur le podium pour un c\u00e9l\u00e8bre cr\u00e9ateur de mode, mais son r\u00eave vire au cauchemar lorsqu&rsquo;un ballon de foot la surprend en plein visage. Pas facile de jouer les mannequins avec des yeux au beurre noir&#8230; Heureusement, Emma peut toujours compter sur le soutien infaillible de ses amies du Cupcake Club pour trouver une solution. Leur d\u00e9vouement sera-t-il suffisant pour convaincre le styliste ?<\/div>\n<div id=\"buyingOptionNostosBadge_feature_div\" class=\"celwidget\" data-feature-name=\"buyingOptionNostosBadge\" data-csa-c-type=\"widget\" data-csa-c-content-id=\"buyingOptionNostosBadge\" data-csa-c-slot-id=\"buyingOptionNostosBadge_feature_div\" data-csa-c-asin=\"2266305948\" data-csa-c-is-in-initial-active-row=\"false\" data-csa-c-id=\"uqhcst-1xsw8h-35gvyg-fu4qzc\" data-cel-widget=\"buyingOptionNostosBadge_feature_div\"><\/div>\n<div id=\"edpIngress_feature_div\" class=\"celwidget\" data-feature-name=\"edpIngress\" data-csa-c-type=\"widget\" data-csa-c-content-id=\"edpIngress\" data-csa-c-slot-id=\"edpIngress_feature_div\" data-csa-c-asin=\"2266305948\" data-csa-c-is-in-initial-active-row=\"false\" data-csa-c-id=\"pktc66-qbo12v-5gttct-qfeqsm\" data-cel-widget=\"edpIngress_feature_div\"><\/div>\n<div id=\"richProductInformation_feature_div\" class=\"celwidget\" data-feature-name=\"richProductInformation\" data-csa-c-type=\"widget\" data-csa-c-content-id=\"richProductInformation\" data-csa-c-slot-id=\"richProductInformation_feature_div\" data-csa-c-asin=\"2266305948\" data-csa-c-is-in-initial-active-row=\"false\" data-csa-c-id=\"41xw1n-eybrcp-d8jdnc-x28n30\" data-cel-widget=\"richProductInformation_feature_div\">\n<div id=\"rich_product_information\" class=\"a-section a-spacing-none celwidget\" data-csa-c-id=\"m21xyn-4iour3-vizzvi-fqjnf3\" data-cel-widget=\"rich_product_information\"><\/div>\n<\/div>\n","protected":false},"excerpt":{"rendered":"<p>Amiti\u00e9, humour, et d\u00e9fis attendent les Cupcake Girls alors qu&rsquo;Emma doit surmonter un incident malencontreux sur le podium.<\/p>\n","protected":false},"featured_media":18968,"comment_status":"open","ping_status":"closed","template":"","meta":{"inline_featured_image":false},"product_cat":[204,199],"product_tag":[],"class_list":{"0":"post-18967","1":"product","2":"type-product","3":"status-publish","4":"has-post-thumbnail","6":"product_cat-francais","7":"product_cat-histoires","8":"pa_auteurs-coco-simon","10":"first","11":"instock","12":"shipping-taxable","13":"purchasable","14":"product-type-simple"},"_links":{"self":[{"href":"https:\/\/baralivres.ma\/index.php?rest_route=\/wp\/v2\/product\/18967","targetHints":{"allow":["GET"]}}],"collection":[{"href":"https:\/\/baralivres.ma\/index.php?rest_route=\/wp\/v2\/product"}],"about":[{"href":"https:\/\/baralivres.ma\/index.php?rest_route=\/wp\/v2\/types\/product"}],"replies":[{"embeddable":true,"href":"https:\/\/baralivres.ma\/index.php?rest_route=%2Fwp%2Fv2%2Fcomments&post=18967"}],"version-history":[{"count":1,"href":"https:\/\/baralivres.ma\/index.php?rest_route=\/wp\/v2\/product\/18967\/revisions"}],"predecessor-version":[{"id":18969,"href":"https:\/\/baralivres.ma\/index.php?rest_route=\/wp\/v2\/product\/18967\/revisions\/18969"}],"wp:featuredmedia":[{"embeddable":true,"href":"https:\/\/baralivres.ma\/index.php?rest_route=\/wp\/v2\/media\/18968"}],"wp:attachment":[{"href":"https:\/\/baralivres.ma\/index.php?rest_route=%2Fwp%2Fv2%2Fmedia&parent=18967"}],"wp:term":[{"taxonomy":"product_cat","embeddable":true,"href":"https:\/\/baralivres.ma\/index.php?rest_route=%2Fwp%2Fv2%2Fproduct_cat&post=18967"},{"taxonomy":"product_tag","embeddable":true,"href":"https:\/\/baralivres.ma\/index.php?rest_route=%2Fwp%2Fv2%2Fproduct_tag&post=18967"}],"curies":[{"name":"wp","href":"https:\/\/api.w.org\/{rel}","templated":true}]}}