{"id":18964,"date":"2023-11-08T21:52:05","date_gmt":"2023-11-08T20:52:05","guid":{"rendered":"https:\/\/baralivres.ma\/?post_type=product&#038;p=18964"},"modified":"2023-11-08T21:52:05","modified_gmt":"2023-11-08T20:52:05","slug":"cupcake-girls-tome-22-une-robe-a-croquer","status":"publish","type":"product","link":"https:\/\/baralivres.ma\/?product=cupcake-girls-tome-22-une-robe-a-croquer","title":{"rendered":"Cupcake Girls &#8211; tome 22 : Une robe \u00e0 croquer"},"content":{"rendered":"<p>Une g\u00e9n\u00e9reuse portion d&rsquo;amiti\u00e9, un brin d&rsquo;humour, un soup\u00e7on de d\u00e9fis, accompagn\u00e9s de savoureux cupcakes en abondance, sont les ingr\u00e9dients de Cupcake Girls, une s\u00e9rie \u00e0 d\u00e9vorer ! Mia se lance dans un concours de mode, avec pour d\u00e9fi la cr\u00e9ation de la robe de ses r\u00eaves. Cependant, entre les devoirs, la f\u00eate d&rsquo;anniversaire de George et ses engagements envers le Cupcake Club, parviendra-t-elle \u00e0 terminer son chef-d&rsquo;\u0153uvre \u00e0 temps ?<\/p>\n","protected":false},"excerpt":{"rendered":"<p>Mia, entre amiti\u00e9, humour, d\u00e9fis et cupcakes, participe \u00e0 un concours de mode tout en jonglant avec ses responsabilit\u00e9s.<\/p>\n","protected":false},"featured_media":18965,"comment_status":"open","ping_status":"closed","template":"","meta":{"inline_featured_image":false},"product_cat":[204,199],"product_tag":[],"class_list":{"0":"post-18964","1":"product","2":"type-product","3":"status-publish","4":"has-post-thumbnail","6":"product_cat-francais","7":"product_cat-histoires","8":"pa_auteurs-coco-simon","10":"first","11":"instock","12":"shipping-taxable","13":"purchasable","14":"product-type-simple"},"_links":{"self":[{"href":"https:\/\/baralivres.ma\/index.php?rest_route=\/wp\/v2\/product\/18964","targetHints":{"allow":["GET"]}}],"collection":[{"href":"https:\/\/baralivres.ma\/index.php?rest_route=\/wp\/v2\/product"}],"about":[{"href":"https:\/\/baralivres.ma\/index.php?rest_route=\/wp\/v2\/types\/product"}],"replies":[{"embeddable":true,"href":"https:\/\/baralivres.ma\/index.php?rest_route=%2Fwp%2Fv2%2Fcomments&post=18964"}],"version-history":[{"count":1,"href":"https:\/\/baralivres.ma\/index.php?rest_route=\/wp\/v2\/product\/18964\/revisions"}],"predecessor-version":[{"id":18966,"href":"https:\/\/baralivres.ma\/index.php?rest_route=\/wp\/v2\/product\/18964\/revisions\/18966"}],"wp:featuredmedia":[{"embeddable":true,"href":"https:\/\/baralivres.ma\/index.php?rest_route=\/wp\/v2\/media\/18965"}],"wp:attachment":[{"href":"https:\/\/baralivres.ma\/index.php?rest_route=%2Fwp%2Fv2%2Fmedia&parent=18964"}],"wp:term":[{"taxonomy":"product_cat","embeddable":true,"href":"https:\/\/baralivres.ma\/index.php?rest_route=%2Fwp%2Fv2%2Fproduct_cat&post=18964"},{"taxonomy":"product_tag","embeddable":true,"href":"https:\/\/baralivres.ma\/index.php?rest_route=%2Fwp%2Fv2%2Fproduct_tag&post=18964"}],"curies":[{"name":"wp","href":"https:\/\/api.w.org\/{rel}","templated":true}]}}