{"id":18958,"date":"2023-11-08T21:02:02","date_gmt":"2023-11-08T20:02:02","guid":{"rendered":"https:\/\/baralivres.ma\/?post_type=product&#038;p=18958"},"modified":"2023-11-08T21:02:03","modified_gmt":"2023-11-08T20:02:03","slug":"cupcake-girls-tome-21-une-petite-soeur-trop-parfaite","status":"publish","type":"product","link":"https:\/\/baralivres.ma\/?product=cupcake-girls-tome-21-une-petite-soeur-trop-parfaite","title":{"rendered":"Cupcake Girls &#8211; tome 21 : Une petite soeur trop parfaite"},"content":{"rendered":"<p>Un brin d&rsquo;amiti\u00e9, une double dose d&rsquo;humour, une touche de soucis, une abondance de d\u00e9licieux g\u00e2teaux pour les Cupcake Girls, une s\u00e9rie irr\u00e9sistible ! Katie se voit contrainte de partager son temps avec \u00c9milie, la fille du nouveau petit ami de sa m\u00e8re. Bien que cela ne soit pas sa pr\u00e9f\u00e9rence, elle doit admettre que tout le monde s&rsquo;entend \u00e0 merveille avec \u00c9milie, que ce soit sa m\u00e8re ou ses amies du Cupcake Club ! Katie commence \u00e0 s&rsquo;inqui\u00e9ter : Et si \u00c9milie prenait sa place ?<\/p>\n","protected":false},"excerpt":{"rendered":"<div class=\"group w-full text-token-text-primary border-b border-black\/10 gizmo:border-0 dark:border-gray-900\/50 gizmo:dark:border-0 bg-gray-50 gizmo:bg-transparent dark:bg-[#444654] gizmo:dark:bg-transparent\" data-testid=\"conversation-turn-5\">\n<div class=\"p-4 gizmo:py-2 justify-center text-base md:gap-6 md:py-6 m-auto\">\n<div class=\"flex flex-1 gap-4 text-base mx-auto md:gap-6 gizmo:gap-3 gizmo:md:px-5 gizmo:lg:px-1 gizmo:xl:px-5 md:max-w-2xl lg:max-w-[38rem] gizmo:md:max-w-3xl gizmo:lg:max-w-[40rem] gizmo:xl:max-w-[48rem] xl:max-w-3xl }\">\n<div class=\"relative flex w-[calc(100%-50px)] flex-col gizmo:w-full lg:w-[calc(100%-115px)] agent-turn\">\n<div class=\"flex-col gap-1 md:gap-3\">\n<div class=\"flex flex-grow flex-col max-w-full gap-3 gizmo:gap-0\">\n<div class=\"min-h-[20px] text-message peer flex flex-col items-start gap-3 whitespace-pre-wrap break-words peer-[.text-message]:mt-5 overflow-x-auto\" data-message-author-role=\"assistant\" data-message-id=\"e48cdea3-2957-42c9-ae58-982ac8db2716\">\n<div class=\"markdown prose w-full break-words dark:prose-invert dark\">\n<p>Katie, partageant amiti\u00e9 et g\u00e2teaux avec \u00c9milie, craint qu&rsquo;elle ne lui vole sa place dans la vie.<\/p>\n<\/div>\n<\/div>\n<\/div>\n<\/div>\n<\/div>\n<\/div>\n<\/div>\n<\/div>\n","protected":false},"featured_media":18959,"comment_status":"open","ping_status":"closed","template":"","meta":{"inline_featured_image":false},"product_cat":[204,199],"product_tag":[],"class_list":{"0":"post-18958","1":"product","2":"type-product","3":"status-publish","4":"has-post-thumbnail","6":"product_cat-francais","7":"product_cat-histoires","8":"pa_auteurs-coco-simon","10":"first","11":"instock","12":"shipping-taxable","13":"purchasable","14":"product-type-simple"},"_links":{"self":[{"href":"https:\/\/baralivres.ma\/index.php?rest_route=\/wp\/v2\/product\/18958","targetHints":{"allow":["GET"]}}],"collection":[{"href":"https:\/\/baralivres.ma\/index.php?rest_route=\/wp\/v2\/product"}],"about":[{"href":"https:\/\/baralivres.ma\/index.php?rest_route=\/wp\/v2\/types\/product"}],"replies":[{"embeddable":true,"href":"https:\/\/baralivres.ma\/index.php?rest_route=%2Fwp%2Fv2%2Fcomments&post=18958"}],"version-history":[{"count":1,"href":"https:\/\/baralivres.ma\/index.php?rest_route=\/wp\/v2\/product\/18958\/revisions"}],"predecessor-version":[{"id":18960,"href":"https:\/\/baralivres.ma\/index.php?rest_route=\/wp\/v2\/product\/18958\/revisions\/18960"}],"wp:featuredmedia":[{"embeddable":true,"href":"https:\/\/baralivres.ma\/index.php?rest_route=\/wp\/v2\/media\/18959"}],"wp:attachment":[{"href":"https:\/\/baralivres.ma\/index.php?rest_route=%2Fwp%2Fv2%2Fmedia&parent=18958"}],"wp:term":[{"taxonomy":"product_cat","embeddable":true,"href":"https:\/\/baralivres.ma\/index.php?rest_route=%2Fwp%2Fv2%2Fproduct_cat&post=18958"},{"taxonomy":"product_tag","embeddable":true,"href":"https:\/\/baralivres.ma\/index.php?rest_route=%2Fwp%2Fv2%2Fproduct_tag&post=18958"}],"curies":[{"name":"wp","href":"https:\/\/api.w.org\/{rel}","templated":true}]}}