{"id":18952,"date":"2023-11-08T20:52:09","date_gmt":"2023-11-08T19:52:09","guid":{"rendered":"https:\/\/baralivres.ma\/?post_type=product&#038;p=18952"},"modified":"2023-11-08T20:52:10","modified_gmt":"2023-11-08T19:52:10","slug":"cupcake-girls-tome-18-passion-haute-couture","status":"publish","type":"product","link":"https:\/\/baralivres.ma\/?product=cupcake-girls-tome-18-passion-haute-couture","title":{"rendered":"Cupcake Girls &#8211; tome 18 : Passion haute couture"},"content":{"rendered":"<p>Avec une g\u00e9n\u00e9reuse portion d&rsquo;amiti\u00e9, une double dose d&rsquo;humour, une touche subtile de d\u00e9fis, une profusion de d\u00e9licieux g\u00e2teaux, vous d\u00e9couvrirez Cupcake Girls, une s\u00e9rie irr\u00e9sistible ! Mia rayonne de bonheur ! Elle vient de rejoindre le tout nouveau Club Haute Couture, o\u00f9 elle pourra enfin partager sa passion pour la mode et m\u00eame organiser un d\u00e9fil\u00e9 ! Cependant, les choses se compliquent rapidement : les r\u00e9unions de ce club entrent en conflit avec celles du Cupcake Club, et Olivia est d\u00e9termin\u00e9e \u00e0 lui mettre des b\u00e2tons dans les roues. Comment Mia peut-elle \u00e9viter que tout ne tourne \u00e0 la catastrophe ?<\/p>\n","protected":false},"excerpt":{"rendered":"<p>Amiti\u00e9, mode, d\u00e9fis, g\u00e2teaux, conflits : Mia jongle entre ses passions dans Cupcake Girls, une s\u00e9rie captivante.<\/p>\n","protected":false},"featured_media":18953,"comment_status":"open","ping_status":"closed","template":"","meta":{"inline_featured_image":false},"product_cat":[204,199],"product_tag":[],"class_list":{"0":"post-18952","1":"product","2":"type-product","3":"status-publish","4":"has-post-thumbnail","6":"product_cat-francais","7":"product_cat-histoires","8":"pa_auteurs-coco-simon","10":"first","11":"instock","12":"shipping-taxable","13":"purchasable","14":"product-type-simple"},"_links":{"self":[{"href":"https:\/\/baralivres.ma\/index.php?rest_route=\/wp\/v2\/product\/18952","targetHints":{"allow":["GET"]}}],"collection":[{"href":"https:\/\/baralivres.ma\/index.php?rest_route=\/wp\/v2\/product"}],"about":[{"href":"https:\/\/baralivres.ma\/index.php?rest_route=\/wp\/v2\/types\/product"}],"replies":[{"embeddable":true,"href":"https:\/\/baralivres.ma\/index.php?rest_route=%2Fwp%2Fv2%2Fcomments&post=18952"}],"version-history":[{"count":1,"href":"https:\/\/baralivres.ma\/index.php?rest_route=\/wp\/v2\/product\/18952\/revisions"}],"predecessor-version":[{"id":18954,"href":"https:\/\/baralivres.ma\/index.php?rest_route=\/wp\/v2\/product\/18952\/revisions\/18954"}],"wp:featuredmedia":[{"embeddable":true,"href":"https:\/\/baralivres.ma\/index.php?rest_route=\/wp\/v2\/media\/18953"}],"wp:attachment":[{"href":"https:\/\/baralivres.ma\/index.php?rest_route=%2Fwp%2Fv2%2Fmedia&parent=18952"}],"wp:term":[{"taxonomy":"product_cat","embeddable":true,"href":"https:\/\/baralivres.ma\/index.php?rest_route=%2Fwp%2Fv2%2Fproduct_cat&post=18952"},{"taxonomy":"product_tag","embeddable":true,"href":"https:\/\/baralivres.ma\/index.php?rest_route=%2Fwp%2Fv2%2Fproduct_tag&post=18952"}],"curies":[{"name":"wp","href":"https:\/\/api.w.org\/{rel}","templated":true}]}}