{"id":18949,"date":"2023-11-08T20:48:31","date_gmt":"2023-11-08T19:48:31","guid":{"rendered":"https:\/\/baralivres.ma\/?post_type=product&#038;p=18949"},"modified":"2023-11-08T20:48:31","modified_gmt":"2023-11-08T19:48:31","slug":"cupcake-girls-tome-17-la-surprise-du-chef","status":"publish","type":"product","link":"https:\/\/baralivres.ma\/?product=cupcake-girls-tome-17-la-surprise-du-chef","title":{"rendered":"Cupcake Girls &#8211; tome 17 : La surprise du chef"},"content":{"rendered":"<div id=\"bookDescription_feature_div\" class=\"celwidget\" data-feature-name=\"bookDescription\" data-csa-c-type=\"widget\" data-csa-c-content-id=\"bookDescription\" data-csa-c-slot-id=\"bookDescription_feature_div\" data-csa-c-asin=\"2266285947\" data-csa-c-is-in-initial-active-row=\"false\" data-cel-widget=\"bookDescription_feature_div\" data-csa-c-id=\"cxnune-mkatwz-u63ly2-1bh18t\">\n<div class=\"a-expander-collapsed-height a-row a-expander-container a-spacing-base a-expander-partial-collapse-container\" data-a-expander-name=\"book_description_expander\" data-a-expander-collapsed-height=\"140\">\n<div class=\"a-expander-content a-expander-partial-collapse-content\" aria-expanded=\"false\">Un g\u00e9n\u00e9reux m\u00e9lange d&rsquo;amiti\u00e9, une touche d&rsquo;humour, une l\u00e9g\u00e8re dose de probl\u00e8mes, et une avalanche de d\u00e9licieux g\u00e2teaux pour les Cupcake Girls, une s\u00e9rie irr\u00e9sistible ! La m\u00e8re de Katie a trouv\u00e9 un nouveau petit ami, une situation qui la r\u00e9jouirait si seulement il ne s&rsquo;agissait pas du professeur de math\u00e9matiques, M. Green. La nouvelle se r\u00e9pand rapidement dans tout le coll\u00e8ge, mais heureusement, Katie peut compter sur le soutien ind\u00e9fectible du Cupcake Club. Cependant, Olivia, une vraie peste, ne compte pas laisser Katie tranquille, bien d\u00e9cid\u00e9e \u00e0 semer la zizanie dans sa vie par jalousie.<\/div>\n<\/div>\n<\/div>\n<div id=\"globalStoreInfoBullets_feature_div\" class=\"celwidget\" data-feature-name=\"globalStoreInfoBullets\" data-csa-c-type=\"widget\" data-csa-c-content-id=\"globalStoreInfoBullets\" data-csa-c-slot-id=\"globalStoreInfoBullets_feature_div\" data-csa-c-asin=\"2266285947\" data-csa-c-is-in-initial-active-row=\"false\" data-cel-widget=\"globalStoreInfoBullets_feature_div\" data-csa-c-id=\"reb3-2rmaze-bc85z6-oxrqpd\"><\/div>\n<div id=\"buyingOptionNostosBadge_feature_div\" class=\"celwidget\" data-feature-name=\"buyingOptionNostosBadge\" data-csa-c-type=\"widget\" data-csa-c-content-id=\"buyingOptionNostosBadge\" data-csa-c-slot-id=\"buyingOptionNostosBadge_feature_div\" data-csa-c-asin=\"2266285947\" data-csa-c-is-in-initial-active-row=\"false\" data-cel-widget=\"buyingOptionNostosBadge_feature_div\" data-csa-c-id=\"7vqxuk-g75erl-gz9h6g-4ytvsf\"><\/div>\n<div id=\"edpIngress_feature_div\" class=\"celwidget\" data-feature-name=\"edpIngress\" data-csa-c-type=\"widget\" data-csa-c-content-id=\"edpIngress\" data-csa-c-slot-id=\"edpIngress_feature_div\" data-csa-c-asin=\"2266285947\" data-csa-c-is-in-initial-active-row=\"false\" data-cel-widget=\"edpIngress_feature_div\" data-csa-c-id=\"6v6r8o-is8j8r-cqg841-n8h4lh\"><\/div>\n<div id=\"richProductInformation_feature_div\" class=\"celwidget\" data-feature-name=\"richProductInformation\" data-csa-c-type=\"widget\" data-csa-c-content-id=\"richProductInformation\" data-csa-c-slot-id=\"richProductInformation_feature_div\" data-csa-c-asin=\"2266285947\" data-csa-c-is-in-initial-active-row=\"false\" data-cel-widget=\"richProductInformation_feature_div\" data-csa-c-id=\"yohnng-o0p6gl-29qgqs-aq21ox\">\n<div id=\"rich_product_information\" class=\"a-section a-spacing-none celwidget\" data-cel-widget=\"rich_product_information\" data-csa-c-id=\"dxnlxk-o0c2o5-2uaq2j-q6riyb\"><\/div>\n<\/div>\n","protected":false},"excerpt":{"rendered":"<p>Amiti\u00e9, humour, probl\u00e8mes, g\u00e2teaux, Katie face \u00e0 l&rsquo;amour de sa m\u00e8re pour le prof de maths et la jalousie d&rsquo;Olivia.<\/p>\n","protected":false},"featured_media":18950,"comment_status":"open","ping_status":"closed","template":"","meta":{"inline_featured_image":false},"product_cat":[204,199],"product_tag":[],"class_list":{"0":"post-18949","1":"product","2":"type-product","3":"status-publish","4":"has-post-thumbnail","6":"product_cat-francais","7":"product_cat-histoires","8":"pa_auteurs-coco-simon","10":"first","11":"instock","12":"shipping-taxable","13":"purchasable","14":"product-type-simple"},"_links":{"self":[{"href":"https:\/\/baralivres.ma\/index.php?rest_route=\/wp\/v2\/product\/18949","targetHints":{"allow":["GET"]}}],"collection":[{"href":"https:\/\/baralivres.ma\/index.php?rest_route=\/wp\/v2\/product"}],"about":[{"href":"https:\/\/baralivres.ma\/index.php?rest_route=\/wp\/v2\/types\/product"}],"replies":[{"embeddable":true,"href":"https:\/\/baralivres.ma\/index.php?rest_route=%2Fwp%2Fv2%2Fcomments&post=18949"}],"version-history":[{"count":1,"href":"https:\/\/baralivres.ma\/index.php?rest_route=\/wp\/v2\/product\/18949\/revisions"}],"predecessor-version":[{"id":18951,"href":"https:\/\/baralivres.ma\/index.php?rest_route=\/wp\/v2\/product\/18949\/revisions\/18951"}],"wp:featuredmedia":[{"embeddable":true,"href":"https:\/\/baralivres.ma\/index.php?rest_route=\/wp\/v2\/media\/18950"}],"wp:attachment":[{"href":"https:\/\/baralivres.ma\/index.php?rest_route=%2Fwp%2Fv2%2Fmedia&parent=18949"}],"wp:term":[{"taxonomy":"product_cat","embeddable":true,"href":"https:\/\/baralivres.ma\/index.php?rest_route=%2Fwp%2Fv2%2Fproduct_cat&post=18949"},{"taxonomy":"product_tag","embeddable":true,"href":"https:\/\/baralivres.ma\/index.php?rest_route=%2Fwp%2Fv2%2Fproduct_tag&post=18949"}],"curies":[{"name":"wp","href":"https:\/\/api.w.org\/{rel}","templated":true}]}}