{"id":18943,"date":"2023-11-08T20:39:19","date_gmt":"2023-11-08T19:39:19","guid":{"rendered":"https:\/\/baralivres.ma\/?post_type=product&#038;p=18943"},"modified":"2024-11-27T15:36:56","modified_gmt":"2024-11-27T14:36:56","slug":"cupcake-girls-tome-14-nouvelle-recette-pour-mia","status":"publish","type":"product","link":"https:\/\/baralivres.ma\/?product=cupcake-girls-tome-14-nouvelle-recette-pour-mia","title":{"rendered":"Cupcake Girls &#8211; tome 14 : Nouvelle recette pour Mia"},"content":{"rendered":"<p>Une g\u00e9n\u00e9reuse portion d&rsquo;amiti\u00e9, une double dose d&rsquo;humour, une touche de soucis, une abondance de d\u00e9licieux cupcakes \u00e0 profusion pour les Cupcake Girls, une s\u00e9rie irr\u00e9sistible ! La semaine de Mia d\u00e9bute sous de mauvais auspices. Toutes les nouvelles qu&rsquo;elle re\u00e7oit sont n\u00e9gatives ! Apr\u00e8s avoir appris qu&rsquo;elle devrait porter un appareil dentaire, voil\u00e0 qu&rsquo;elle a maintenant besoin de lunettes. Pour la fashionista en herbe, c&rsquo;est une v\u00e9ritable g\u00eane \u00e0 l&rsquo;\u00e9cole ! Mais et si ce nouveau style lui permettait de regarder au-del\u00e0 des apparences ?<\/p>\n","protected":false},"excerpt":{"rendered":"<p>Mia, entour\u00e9e d&rsquo;amiti\u00e9 et d&rsquo;humour, doit surmonter des soucis, accepter des lunettes, d\u00e9couvrant la beaut\u00e9 int\u00e9rieure.<\/p>\n","protected":false},"featured_media":18944,"comment_status":"open","ping_status":"closed","template":"","meta":{"inline_featured_image":false},"product_cat":[203,204],"product_tag":[],"class_list":{"0":"post-18943","1":"product","2":"type-product","3":"status-publish","4":"has-post-thumbnail","6":"product_cat-adolescente","7":"product_cat-francais","8":"pa_auteurs-coco-simon","10":"first","11":"instock","12":"shipping-taxable","13":"purchasable","14":"product-type-simple"},"_links":{"self":[{"href":"https:\/\/baralivres.ma\/index.php?rest_route=\/wp\/v2\/product\/18943","targetHints":{"allow":["GET"]}}],"collection":[{"href":"https:\/\/baralivres.ma\/index.php?rest_route=\/wp\/v2\/product"}],"about":[{"href":"https:\/\/baralivres.ma\/index.php?rest_route=\/wp\/v2\/types\/product"}],"replies":[{"embeddable":true,"href":"https:\/\/baralivres.ma\/index.php?rest_route=%2Fwp%2Fv2%2Fcomments&post=18943"}],"version-history":[{"count":1,"href":"https:\/\/baralivres.ma\/index.php?rest_route=\/wp\/v2\/product\/18943\/revisions"}],"predecessor-version":[{"id":18945,"href":"https:\/\/baralivres.ma\/index.php?rest_route=\/wp\/v2\/product\/18943\/revisions\/18945"}],"wp:featuredmedia":[{"embeddable":true,"href":"https:\/\/baralivres.ma\/index.php?rest_route=\/wp\/v2\/media\/18944"}],"wp:attachment":[{"href":"https:\/\/baralivres.ma\/index.php?rest_route=%2Fwp%2Fv2%2Fmedia&parent=18943"}],"wp:term":[{"taxonomy":"product_cat","embeddable":true,"href":"https:\/\/baralivres.ma\/index.php?rest_route=%2Fwp%2Fv2%2Fproduct_cat&post=18943"},{"taxonomy":"product_tag","embeddable":true,"href":"https:\/\/baralivres.ma\/index.php?rest_route=%2Fwp%2Fv2%2Fproduct_tag&post=18943"}],"curies":[{"name":"wp","href":"https:\/\/api.w.org\/{rel}","templated":true}]}}