{"id":18935,"date":"2023-11-08T20:33:58","date_gmt":"2023-11-08T19:33:58","guid":{"rendered":"https:\/\/baralivres.ma\/?post_type=product&#038;p=18935"},"modified":"2024-11-27T15:37:47","modified_gmt":"2024-11-27T14:37:47","slug":"cupcake-girls-tome-10-remue-menage","status":"publish","type":"product","link":"https:\/\/baralivres.ma\/?product=cupcake-girls-tome-10-remue-menage","title":{"rendered":"Cupcake Girls &#8211; tome 10 : Remue-m\u00e9nage"},"content":{"rendered":"<p>Une g\u00e9n\u00e9reuse portion d&rsquo;amiti\u00e9, deux soup\u00e7ons d&rsquo;humour, une touche de tracas, une abondance de d\u00e9licieux cupcakes \u00e0 gogo pour les Cupcake Girls, une s\u00e9rie \u00e0 savourer ! Mia en est convaincue : devenir la nouvelle \u00e9l\u00e8ve du coll\u00e8ge n&rsquo;est pas une mince affaire ! Alors, lorsqu&rsquo;Olivia, passionn\u00e9e de mode, d\u00e9barque tout droit de New York, Mia d\u00e9cide de la prendre sous son aile. Cependant, il y a un l\u00e9ger souci&#8230; Personne ne peut supporter la d\u00e9sagr\u00e9able Olivia ! Mia sera-t-elle contrainte de faire un choix entre le Cupcake Club et sa nouvelle amie ?<\/p>\n","protected":false},"excerpt":{"rendered":"<p>Mia, nouvelle \u00e9l\u00e8ve, accueille Olivia de New York, mais son impopularit\u00e9 pose un dilemme au Cupcake Club.<\/p>\n","protected":false},"featured_media":18936,"comment_status":"open","ping_status":"closed","template":"","meta":{"inline_featured_image":false},"product_cat":[203,204],"product_tag":[],"class_list":{"0":"post-18935","1":"product","2":"type-product","3":"status-publish","4":"has-post-thumbnail","6":"product_cat-adolescente","7":"product_cat-francais","8":"pa_auteurs-coco-simon","10":"first","11":"instock","12":"shipping-taxable","13":"purchasable","14":"product-type-simple"},"_links":{"self":[{"href":"https:\/\/baralivres.ma\/index.php?rest_route=\/wp\/v2\/product\/18935","targetHints":{"allow":["GET"]}}],"collection":[{"href":"https:\/\/baralivres.ma\/index.php?rest_route=\/wp\/v2\/product"}],"about":[{"href":"https:\/\/baralivres.ma\/index.php?rest_route=\/wp\/v2\/types\/product"}],"replies":[{"embeddable":true,"href":"https:\/\/baralivres.ma\/index.php?rest_route=%2Fwp%2Fv2%2Fcomments&post=18935"}],"version-history":[{"count":2,"href":"https:\/\/baralivres.ma\/index.php?rest_route=\/wp\/v2\/product\/18935\/revisions"}],"predecessor-version":[{"id":18938,"href":"https:\/\/baralivres.ma\/index.php?rest_route=\/wp\/v2\/product\/18935\/revisions\/18938"}],"wp:featuredmedia":[{"embeddable":true,"href":"https:\/\/baralivres.ma\/index.php?rest_route=\/wp\/v2\/media\/18936"}],"wp:attachment":[{"href":"https:\/\/baralivres.ma\/index.php?rest_route=%2Fwp%2Fv2%2Fmedia&parent=18935"}],"wp:term":[{"taxonomy":"product_cat","embeddable":true,"href":"https:\/\/baralivres.ma\/index.php?rest_route=%2Fwp%2Fv2%2Fproduct_cat&post=18935"},{"taxonomy":"product_tag","embeddable":true,"href":"https:\/\/baralivres.ma\/index.php?rest_route=%2Fwp%2Fv2%2Fproduct_tag&post=18935"}],"curies":[{"name":"wp","href":"https:\/\/api.w.org\/{rel}","templated":true}]}}